{"id":2281,"date":"2019-01-29T11:55:56","date_gmt":"2019-01-29T09:55:56","guid":{"rendered":"https:\/\/www.politiv.co.il\/politiv-europa%e2%80%8b\/"},"modified":"2019-04-16T15:30:17","modified_gmt":"2019-04-16T12:30:17","slug":"politiv-europa%e2%80%8b","status":"publish","type":"page","link":"https:\/\/www.politiv.co.il\/en\/politiv-europa%e2%80%8b\/","title":{"rendered":"Politiv Europa\u200b"},"content":{"rendered":"\t\t<div data-elementor-type=\"wp-post\" data-elementor-id=\"2281\" class=\"elementor elementor-2281 elementor-1864 elementor-bc-flex-widget\" data-elementor-post-type=\"page\">\n\t\t\t\t\t\t\t\t\t<section class=\"elementor-section elementor-top-section elementor-element elementor-element-106f3d5 elementor-reverse-mobile elementor-section-boxed elementor-section-height-default elementor-section-height-default\" data-id=\"106f3d5\" data-element_type=\"section\">\n\t\t\t\t\t\t<div class=\"elementor-container elementor-column-gap-no\">\n\t\t\t\t\t<div class=\"elementor-column elementor-col-66 elementor-top-column elementor-element elementor-element-b231f83\" data-id=\"b231f83\" data-element_type=\"column\">\n\t\t\t<div class=\"elementor-widget-wrap elementor-element-populated\">\n\t\t\t\t\t\t\t\t<div class=\"elementor-element elementor-element-d42ea98 elementor-widget elementor-widget-text-editor\" data-id=\"d42ea98\" data-element_type=\"widget\" data-widget_type=\"text-editor.default\">\n\t\t\t\t<div class=\"elementor-widget-container\">\n\t\t\t\t\t\t\t<p style=\"direction: ltr;\"><span style=\"font-size: 20px; text-align: center;\">C\/Trance Nuevo 69 04710 Santa Mar\u00eda del \u00c1guila<\/span><br style=\"font-size: 20px; text-align: center;\" \/><span style=\"font-size: 20px; text-align: center;\">Espa\u00f1a, Almer\u00eda<\/span><\/p>\t\t\t\t\t\t<\/div>\n\t\t\t\t<\/div>\n\t\t\t\t\t<\/div>\n\t\t<\/div>\n\t\t\t\t<div class=\"elementor-column elementor-col-33 elementor-top-column elementor-element elementor-element-2d859a1\" data-id=\"2d859a1\" data-element_type=\"column\">\n\t\t\t<div class=\"elementor-widget-wrap elementor-element-populated\">\n\t\t\t\t\t\t\t\t<div class=\"elementor-element elementor-element-5bd2454 elementor-widget elementor-widget-image\" data-id=\"5bd2454\" data-element_type=\"widget\" data-widget_type=\"image.default\">\n\t\t\t\t<div class=\"elementor-widget-container\">\n\t\t\t\t\t\t\t\t\t\t\t\t\t\t\t<img fetchpriority=\"high\" decoding=\"async\" width=\"305\" height=\"168\" src=\"https:\/\/www.politiv.co.il\/wp-content\/uploads\/2019\/01\/politive-europa.jpg\" class=\"attachment-large size-large wp-image-1858\" alt=\"\" srcset=\"https:\/\/www.politiv.co.il\/wp-content\/uploads\/2019\/01\/politive-europa.jpg 305w, https:\/\/www.politiv.co.il\/wp-content\/uploads\/2019\/01\/politive-europa-300x165.jpg 300w\" sizes=\"(max-width: 305px) 100vw, 305px\" \/>\t\t\t\t\t\t\t\t\t\t\t\t\t\t\t<\/div>\n\t\t\t\t<\/div>\n\t\t\t\t\t<\/div>\n\t\t<\/div>\n\t\t\t\t\t\t\t<\/div>\n\t\t<\/section>\n\t\t\t\t\t\t\t<\/div>\n\t\t","protected":false},"excerpt":{"rendered":"<p>C\/Trance Nuevo 69 04710 Santa Mar\u00eda del \u00c1guilaEspa\u00f1a, Almer\u00eda<\/p>\n","protected":false},"author":2,"featured_media":0,"parent":0,"menu_order":38,"comment_status":"closed","ping_status":"closed","template":"","meta":{"footnotes":""},"class_list":["post-2281","page","type-page","status-publish","hentry"],"acf":[],"yoast_head":"<!-- This site is optimized with the Yoast SEO plugin v21.8 - https:\/\/yoast.com\/wordpress\/plugins\/seo\/ -->\n<title>Politiv Europa\u200b - Politiv<\/title>\n<meta name=\"robots\" content=\"index, follow, max-snippet:-1, max-image-preview:large, max-video-preview:-1\" \/>\n<link rel=\"canonical\" href=\"https:\/\/www.politiv.co.il\/en\/politiv-europa%e2%80%8b\/\" \/>\n<meta property=\"og:locale\" content=\"en_US\" \/>\n<meta property=\"og:type\" content=\"article\" \/>\n<meta property=\"og:title\" content=\"Politiv Europa\u200b - Politiv\" \/>\n<meta property=\"og:description\" content=\"C\/Trance Nuevo 69 04710 Santa Mar\u00eda del \u00c1guilaEspa\u00f1a, Almer\u00eda\" \/>\n<meta property=\"og:url\" content=\"https:\/\/www.politiv.co.il\/en\/politiv-europa%e2%80%8b\/\" \/>\n<meta property=\"og:site_name\" content=\"Politiv\" \/>\n<meta property=\"article:publisher\" content=\"https:\/\/www.facebook.com\/a.a.politiv\/\" \/>\n<meta property=\"article:modified_time\" content=\"2019-04-16T12:30:17+00:00\" \/>\n<meta property=\"og:image\" content=\"https:\/\/www.politiv.co.il\/wp-content\/uploads\/2019\/01\/politive-europa.jpg\" \/>\n<meta name=\"twitter:card\" content=\"summary_large_image\" \/>\n<script type=\"application\/ld+json\" class=\"yoast-schema-graph\">{\"@context\":\"https:\/\/schema.org\",\"@graph\":[{\"@type\":\"WebPage\",\"@id\":\"https:\/\/www.politiv.co.il\/en\/politiv-europa%e2%80%8b\/\",\"url\":\"https:\/\/www.politiv.co.il\/en\/politiv-europa%e2%80%8b\/\",\"name\":\"Politiv Europa\u200b - Politiv\",\"isPartOf\":{\"@id\":\"https:\/\/www.politiv.co.il\/en\/#website\"},\"datePublished\":\"2019-01-29T09:55:56+00:00\",\"dateModified\":\"2019-04-16T12:30:17+00:00\",\"breadcrumb\":{\"@id\":\"https:\/\/www.politiv.co.il\/en\/politiv-europa%e2%80%8b\/#breadcrumb\"},\"inLanguage\":\"en-US\",\"potentialAction\":[{\"@type\":\"ReadAction\",\"target\":[\"https:\/\/www.politiv.co.il\/en\/politiv-europa%e2%80%8b\/\"]}]},{\"@type\":\"BreadcrumbList\",\"@id\":\"https:\/\/www.politiv.co.il\/en\/politiv-europa%e2%80%8b\/#breadcrumb\",\"itemListElement\":[{\"@type\":\"ListItem\",\"position\":1,\"name\":\"Home\",\"item\":\"https:\/\/www.politiv.co.il\/en\/\"},{\"@type\":\"ListItem\",\"position\":2,\"name\":\"Politiv Europa\u200b\"}]},{\"@type\":\"WebSite\",\"@id\":\"https:\/\/www.politiv.co.il\/en\/#website\",\"url\":\"https:\/\/www.politiv.co.il\/en\/\",\"name\":\"Politiv\",\"description\":\"Polyethylene for agriculture industry\",\"publisher\":{\"@id\":\"https:\/\/www.politiv.co.il\/en\/#organization\"},\"potentialAction\":[{\"@type\":\"SearchAction\",\"target\":{\"@type\":\"EntryPoint\",\"urlTemplate\":\"https:\/\/www.politiv.co.il\/en\/?s={search_term_string}\"},\"query-input\":\"required name=search_term_string\"}],\"inLanguage\":\"en-US\"},{\"@type\":\"Organization\",\"@id\":\"https:\/\/www.politiv.co.il\/en\/#organization\",\"name\":\"\u05d0.\u05d0. \u05e4\u05d5\u05dc\u05d9\u05d8\u05d9\u05d1 (1999) \u05d1\u05e2\\\"\u05de\",\"url\":\"https:\/\/www.politiv.co.il\/en\/\",\"logo\":{\"@type\":\"ImageObject\",\"inLanguage\":\"en-US\",\"@id\":\"https:\/\/www.politiv.co.il\/en\/#\/schema\/logo\/image\/\",\"url\":\"https:\/\/www.politiv.co.il\/wp-content\/uploads\/2019\/01\/home-header-logo.jpg\",\"contentUrl\":\"https:\/\/www.politiv.co.il\/wp-content\/uploads\/2019\/01\/home-header-logo.jpg\",\"width\":1920,\"height\":877,\"caption\":\"\u05d0.\u05d0. \u05e4\u05d5\u05dc\u05d9\u05d8\u05d9\u05d1 (1999) \u05d1\u05e2\\\"\u05de\"},\"image\":{\"@id\":\"https:\/\/www.politiv.co.il\/en\/#\/schema\/logo\/image\/\"},\"sameAs\":[\"https:\/\/www.facebook.com\/a.a.politiv\/\",\"https:\/\/www.instagram.com\/a.a.politiv\/\",\"https:\/\/www.linkedin.com\/company\/a-a-politiv\/\",\"https:\/\/www.youtube.com\/channel\/UCL0R1Do5A4zd984p8-UlE4A?view_as=subscriber\"]}]}<\/script>\n<!-- \/ Yoast SEO plugin. -->","yoast_head_json":{"title":"Politiv Europa\u200b - Politiv","robots":{"index":"index","follow":"follow","max-snippet":"max-snippet:-1","max-image-preview":"max-image-preview:large","max-video-preview":"max-video-preview:-1"},"canonical":"https:\/\/www.politiv.co.il\/en\/politiv-europa%e2%80%8b\/","og_locale":"en_US","og_type":"article","og_title":"Politiv Europa\u200b - Politiv","og_description":"C\/Trance Nuevo 69 04710 Santa Mar\u00eda del \u00c1guilaEspa\u00f1a, Almer\u00eda","og_url":"https:\/\/www.politiv.co.il\/en\/politiv-europa%e2%80%8b\/","og_site_name":"Politiv","article_publisher":"https:\/\/www.facebook.com\/a.a.politiv\/","article_modified_time":"2019-04-16T12:30:17+00:00","og_image":[{"url":"https:\/\/www.politiv.co.il\/wp-content\/uploads\/2019\/01\/politive-europa.jpg"}],"twitter_card":"summary_large_image","schema":{"@context":"https:\/\/schema.org","@graph":[{"@type":"WebPage","@id":"https:\/\/www.politiv.co.il\/en\/politiv-europa%e2%80%8b\/","url":"https:\/\/www.politiv.co.il\/en\/politiv-europa%e2%80%8b\/","name":"Politiv Europa\u200b - Politiv","isPartOf":{"@id":"https:\/\/www.politiv.co.il\/en\/#website"},"datePublished":"2019-01-29T09:55:56+00:00","dateModified":"2019-04-16T12:30:17+00:00","breadcrumb":{"@id":"https:\/\/www.politiv.co.il\/en\/politiv-europa%e2%80%8b\/#breadcrumb"},"inLanguage":"en-US","potentialAction":[{"@type":"ReadAction","target":["https:\/\/www.politiv.co.il\/en\/politiv-europa%e2%80%8b\/"]}]},{"@type":"BreadcrumbList","@id":"https:\/\/www.politiv.co.il\/en\/politiv-europa%e2%80%8b\/#breadcrumb","itemListElement":[{"@type":"ListItem","position":1,"name":"Home","item":"https:\/\/www.politiv.co.il\/en\/"},{"@type":"ListItem","position":2,"name":"Politiv Europa\u200b"}]},{"@type":"WebSite","@id":"https:\/\/www.politiv.co.il\/en\/#website","url":"https:\/\/www.politiv.co.il\/en\/","name":"Politiv","description":"Polyethylene for agriculture industry","publisher":{"@id":"https:\/\/www.politiv.co.il\/en\/#organization"},"potentialAction":[{"@type":"SearchAction","target":{"@type":"EntryPoint","urlTemplate":"https:\/\/www.politiv.co.il\/en\/?s={search_term_string}"},"query-input":"required name=search_term_string"}],"inLanguage":"en-US"},{"@type":"Organization","@id":"https:\/\/www.politiv.co.il\/en\/#organization","name":"\u05d0.\u05d0. \u05e4\u05d5\u05dc\u05d9\u05d8\u05d9\u05d1 (1999) \u05d1\u05e2\"\u05de","url":"https:\/\/www.politiv.co.il\/en\/","logo":{"@type":"ImageObject","inLanguage":"en-US","@id":"https:\/\/www.politiv.co.il\/en\/#\/schema\/logo\/image\/","url":"https:\/\/www.politiv.co.il\/wp-content\/uploads\/2019\/01\/home-header-logo.jpg","contentUrl":"https:\/\/www.politiv.co.il\/wp-content\/uploads\/2019\/01\/home-header-logo.jpg","width":1920,"height":877,"caption":"\u05d0.\u05d0. \u05e4\u05d5\u05dc\u05d9\u05d8\u05d9\u05d1 (1999) \u05d1\u05e2\"\u05de"},"image":{"@id":"https:\/\/www.politiv.co.il\/en\/#\/schema\/logo\/image\/"},"sameAs":["https:\/\/www.facebook.com\/a.a.politiv\/","https:\/\/www.instagram.com\/a.a.politiv\/","https:\/\/www.linkedin.com\/company\/a-a-politiv\/","https:\/\/www.youtube.com\/channel\/UCL0R1Do5A4zd984p8-UlE4A?view_as=subscriber"]}]}},"_links":{"self":[{"href":"https:\/\/www.politiv.co.il\/en\/wp-json\/wp\/v2\/pages\/2281","targetHints":{"allow":["GET"]}}],"collection":[{"href":"https:\/\/www.politiv.co.il\/en\/wp-json\/wp\/v2\/pages"}],"about":[{"href":"https:\/\/www.politiv.co.il\/en\/wp-json\/wp\/v2\/types\/page"}],"author":[{"embeddable":true,"href":"https:\/\/www.politiv.co.il\/en\/wp-json\/wp\/v2\/users\/2"}],"replies":[{"embeddable":true,"href":"https:\/\/www.politiv.co.il\/en\/wp-json\/wp\/v2\/comments?post=2281"}],"version-history":[{"count":0,"href":"https:\/\/www.politiv.co.il\/en\/wp-json\/wp\/v2\/pages\/2281\/revisions"}],"wp:attachment":[{"href":"https:\/\/www.politiv.co.il\/en\/wp-json\/wp\/v2\/media?parent=2281"}],"curies":[{"name":"wp","href":"https:\/\/api.w.org\/{rel}","templated":true}]}}