{"id":2735,"date":"2018-11-19T13:31:39","date_gmt":"2018-11-19T11:31:39","guid":{"rendered":"https:\/\/www.politiv.co.il\/%d7%90%d7%95%d7%93%d7%95%d7%aa\/"},"modified":"2021-08-22T12:50:51","modified_gmt":"2021-08-22T09:50:51","slug":"perfil-de-la-compania","status":"publish","type":"page","link":"https:\/\/www.politiv.co.il\/es\/perfil-de-la-compania\/","title":{"rendered":"Perfil de la compa\u00f1\u00eda"},"content":{"rendered":"<p><strong>AA Politiv (1999) Ltd. se fund\u00f3 en 1985. La compa\u00f1\u00eda es privada.<\/strong><\/p>\n<p>Desde que se estableci\u00f3, la compa\u00f1\u00eda se ha administrado con un alto grado de autoevaluaci\u00f3n con el objetivo de alcanzar los m\u00e1s altos niveles profesionales y enfatizar la calidad del producto, la innovaci\u00f3n y el progreso constante junto con la calidad del servicio que le ofrece a sus clientes.<\/p>\n<p>Con el paso de los a\u00f1os, la compa\u00f1\u00eda se ha convertido en el productor l\u00edder de pel\u00edculas de pl\u00e1stico para uso agr\u00edcola en Israel. Es una de las compa\u00f1\u00edas l\u00edderes y m\u00e1s conocida a nivel mundial. La f\u00e1brica de la compa\u00f1\u00eda se encuentra en un edificio moderno en Kibbutz Einat, donde produce una amplia gama de pel\u00edculas de pl\u00e1stico inteligentes para la agricultura e industria con una gran capacidad de fabricaci\u00f3n considerable y vers\u00e1til.<\/p>\n<p>Las l\u00edneas de producci\u00f3n de AA Politiv est\u00e1n adaptadas con precisi\u00f3n a los requisitos del mercado en Israel y en el resto del mundo. Se consideran l\u00edneas de producci\u00f3n de m\u00faltiples pel\u00edculas de pl\u00e1stico de \u00faltima generaci\u00f3n, con una precisi\u00f3n extremadamente alta, con un comando computarizado y control de sistema y un piso de producci\u00f3n computarizado. La red de alimentaci\u00f3n de materia prima a las l\u00edneas de producci\u00f3n est\u00e1 computarizada con control autom\u00e1tico para prevenir errores y garantizar que la composici\u00f3n del material se mantenga id\u00e9ntica en distintas series de producci\u00f3n.<\/p>\n<p>A lo largo de los a\u00f1os, la empresa ha estado en el negocio, Politiv siempre ha mantenido un servicio confiable, dedicado y flexible mientras al mismo tiempo cumple con entregas a corto plazo y manteniendo los m\u00e1s altos niveles de calidad y lo apropiado para funcionar de acuerdo con las necesidades de cada uno de nuestros clientes. Todas las pel\u00edculas de pl\u00e1stico agr\u00edcolas se prueban y portan el sello est\u00e1ndar israel\u00ed. Cumplen con las normas internacionales (ASTM, ISO). Dichas pruebas se realizan en un moderno laboratorio con un equipo h\u00e1bil de profesionistas. El laboratorio opera d\u00eda y noche de manera paralela con la producci\u00f3n para garantizar la calidad de las pel\u00edculas de pl\u00e1stico agr\u00edcolas. La f\u00e1brica trabaja y produce bajo un sistema de control de calidad de conformidad con ISO-9002 e ISO-14000.<\/p>\n<p>Politiv desarrolla innovadoras pel\u00edculas de pl\u00e1stico inteligentes por medio de una colaboraci\u00f3n estrecha con la comunidad agr\u00edcola, los asesores en agricultura y las principales instituciones de investigaci\u00f3n acad\u00e9mica en Israel y el mundo entero.<\/p>\n<p>La empresa opera en mercados internacionales y como parte de su proceso de crecimiento, Politiv identifica mercados futuros y toma pasos estrat\u00e9gicos, que incluyen la construcci\u00f3n o adquisici\u00f3n de plantas manufactureras, la diversificaci\u00f3n de la l\u00ednea de productos y el establecimiento de filiales comercializadoras en los principales pa\u00edses agr\u00edcolas.<\/p>\n<p>Esta estrategia permite a Politiv mantenerse cerca de sus clientes y ofrecerles soluciones m\u00e1s eficaces. Como parte de esta estrategia, a finales del 2013 se compr\u00f3 una planta manufacturera de pel\u00edculas de pl\u00e1stico en M\u00e9xico. A partir del 2014, la f\u00e1brica ha estado con producci\u00f3n plena. La f\u00e1brica, ubicada en la Ciudad de M\u00e9xico, alberga l\u00edneas de producci\u00f3n de cinco capas, consideradas como la tecnolog\u00eda m\u00e1s avanzada del mundo, con una capacidad de producci\u00f3n anual de 17,000 toneladas. Politiv M\u00e9xico atiende a los clientes de M\u00e9xico y toda Am\u00e9rica del Sur.<\/p>\n<p>Adem\u00e1s de la adquisici\u00f3n de la f\u00e1brica de M\u00e9xico, la compa\u00f1\u00eda tambi\u00e9n adquiri\u00f3 Meteor a finales del 2015: la compa\u00f1\u00eda manufacturera l\u00edder del mundo de mallas de pantallas agr\u00edcolas contra insectos. La compa\u00f1\u00eda se integr\u00f3 al Grupo Politiv. Desde dicha adquisici\u00f3n se ha invertido una considerable cantidad de fondos y esfuerzo para que la f\u00e1brica aumente su capacidad de manufactura para satisfacer la creciente demanda global de mallas contra insectos.<\/p>\n<p>En los \u00faltimos a\u00f1os, se han comprado m\u00e1quinas modernas y equipo de punta en respuesta a la gran demanda de los productos de la compa\u00f1\u00eda en Israel y el mundo entero.<br \/>\nCon esta compra, la capacidad de producci\u00f3n en el total de las f\u00e1bricas del grupo ha alcanzado, aproximadamente, las 58,000 toneladas anuales.<\/p>\n<p>Adem\u00e1s de comercializar los productos de la compa\u00f1\u00eda en Israel, el Grupo Politiv exporta a m\u00e1s de 50 pa\u00edses en todos los continentes. La comercializaci\u00f3n se realiza directamente por la empresa a trav\u00e9s de filiales en el extranjero y a trav\u00e9s de varios distribuidores. Los principales destinos de comercializaci\u00f3n de la compa\u00f1\u00eda son: Estados Unidos, M\u00e9xico, Espa\u00f1a, Italia, Norte de Europa, Este de Europa, \u00c1frica,\u00a0Australia, La India y muchos otros pa\u00edses. La compa\u00f1\u00eda cuenta con compa\u00f1\u00edas comercializadora en Estados Unidos, M\u00e9xico, Sud\u00e1frica, Pa\u00edses Bajos, Espa\u00f1a y La India.<\/p>\n","protected":false},"excerpt":{"rendered":"<p>AA Politiv (1999) Ltd. se fund\u00f3 en 1985. La compa\u00f1\u00eda es privada. Desde que se estableci\u00f3, la compa\u00f1\u00eda se ha administrado con un alto grado de autoevaluaci\u00f3n con el objetivo de alcanzar los m\u00e1s altos niveles profesionales y enfatizar la calidad del producto, la innovaci\u00f3n y el progreso constante junto con la calidad del servicio [&hellip;]<\/p>\n","protected":false},"author":1,"featured_media":0,"parent":0,"menu_order":62,"comment_status":"closed","ping_status":"closed","template":"","meta":{"footnotes":""},"class_list":["post-2735","page","type-page","status-publish","hentry"],"acf":[],"yoast_head":"<!-- This site is optimized with the Yoast SEO plugin v21.8 - https:\/\/yoast.com\/wordpress\/plugins\/seo\/ -->\n<title>Perfil de la compa\u00f1\u00eda - Politiv<\/title>\n<meta name=\"robots\" content=\"index, follow, max-snippet:-1, max-image-preview:large, max-video-preview:-1\" \/>\n<link rel=\"canonical\" href=\"https:\/\/www.politiv.co.il\/es\/perfil-de-la-compania\/\" \/>\n<meta property=\"og:locale\" content=\"es_ES\" \/>\n<meta property=\"og:type\" content=\"article\" \/>\n<meta property=\"og:title\" content=\"Perfil de la compa\u00f1\u00eda - Politiv\" \/>\n<meta property=\"og:description\" content=\"AA Politiv (1999) Ltd. se fund\u00f3 en 1985. La compa\u00f1\u00eda es privada. Desde que se estableci\u00f3, la compa\u00f1\u00eda se ha administrado con un alto grado de autoevaluaci\u00f3n con el objetivo de alcanzar los m\u00e1s altos niveles profesionales y enfatizar la calidad del producto, la innovaci\u00f3n y el progreso constante junto con la calidad del servicio [&hellip;]\" \/>\n<meta property=\"og:url\" content=\"https:\/\/www.politiv.co.il\/es\/perfil-de-la-compania\/\" \/>\n<meta property=\"og:site_name\" content=\"Politiv\" \/>\n<meta property=\"article:publisher\" content=\"https:\/\/www.facebook.com\/a.a.politiv\/\" \/>\n<meta property=\"article:modified_time\" content=\"2021-08-22T09:50:51+00:00\" \/>\n<meta name=\"twitter:card\" content=\"summary_large_image\" \/>\n<meta name=\"twitter:label1\" content=\"Tiempo de lectura\" \/>\n\t<meta name=\"twitter:data1\" content=\"4 minutos\" \/>\n<script type=\"application\/ld+json\" class=\"yoast-schema-graph\">{\"@context\":\"https:\/\/schema.org\",\"@graph\":[{\"@type\":\"WebPage\",\"@id\":\"https:\/\/www.politiv.co.il\/es\/perfil-de-la-compania\/\",\"url\":\"https:\/\/www.politiv.co.il\/es\/perfil-de-la-compania\/\",\"name\":\"Perfil de la compa\u00f1\u00eda - Politiv\",\"isPartOf\":{\"@id\":\"https:\/\/www.politiv.co.il\/es\/#website\"},\"datePublished\":\"2018-11-19T11:31:39+00:00\",\"dateModified\":\"2021-08-22T09:50:51+00:00\",\"breadcrumb\":{\"@id\":\"https:\/\/www.politiv.co.il\/es\/perfil-de-la-compania\/#breadcrumb\"},\"inLanguage\":\"es\",\"potentialAction\":[{\"@type\":\"ReadAction\",\"target\":[\"https:\/\/www.politiv.co.il\/es\/perfil-de-la-compania\/\"]}]},{\"@type\":\"BreadcrumbList\",\"@id\":\"https:\/\/www.politiv.co.il\/es\/perfil-de-la-compania\/#breadcrumb\",\"itemListElement\":[{\"@type\":\"ListItem\",\"position\":1,\"name\":\"Home\",\"item\":\"https:\/\/www.politiv.co.il\/es\/\"},{\"@type\":\"ListItem\",\"position\":2,\"name\":\"Perfil de la compa\u00f1\u00eda\"}]},{\"@type\":\"WebSite\",\"@id\":\"https:\/\/www.politiv.co.il\/es\/#website\",\"url\":\"https:\/\/www.politiv.co.il\/es\/\",\"name\":\"Politiv\",\"description\":\"Polyethylene for agriculture industry\",\"publisher\":{\"@id\":\"https:\/\/www.politiv.co.il\/es\/#organization\"},\"potentialAction\":[{\"@type\":\"SearchAction\",\"target\":{\"@type\":\"EntryPoint\",\"urlTemplate\":\"https:\/\/www.politiv.co.il\/es\/?s={search_term_string}\"},\"query-input\":\"required name=search_term_string\"}],\"inLanguage\":\"es\"},{\"@type\":\"Organization\",\"@id\":\"https:\/\/www.politiv.co.il\/es\/#organization\",\"name\":\"\u05d0.\u05d0. \u05e4\u05d5\u05dc\u05d9\u05d8\u05d9\u05d1 (1999) \u05d1\u05e2\\\"\u05de\",\"url\":\"https:\/\/www.politiv.co.il\/es\/\",\"logo\":{\"@type\":\"ImageObject\",\"inLanguage\":\"es\",\"@id\":\"https:\/\/www.politiv.co.il\/es\/#\/schema\/logo\/image\/\",\"url\":\"https:\/\/www.politiv.co.il\/wp-content\/uploads\/2019\/01\/home-header-logo.jpg\",\"contentUrl\":\"https:\/\/www.politiv.co.il\/wp-content\/uploads\/2019\/01\/home-header-logo.jpg\",\"width\":1920,\"height\":877,\"caption\":\"\u05d0.\u05d0. \u05e4\u05d5\u05dc\u05d9\u05d8\u05d9\u05d1 (1999) \u05d1\u05e2\\\"\u05de\"},\"image\":{\"@id\":\"https:\/\/www.politiv.co.il\/es\/#\/schema\/logo\/image\/\"},\"sameAs\":[\"https:\/\/www.facebook.com\/a.a.politiv\/\",\"https:\/\/www.instagram.com\/a.a.politiv\/\",\"https:\/\/www.linkedin.com\/company\/a-a-politiv\/\",\"https:\/\/www.youtube.com\/channel\/UCL0R1Do5A4zd984p8-UlE4A?view_as=subscriber\"]}]}<\/script>\n<!-- \/ Yoast SEO plugin. -->","yoast_head_json":{"title":"Perfil de la compa\u00f1\u00eda - Politiv","robots":{"index":"index","follow":"follow","max-snippet":"max-snippet:-1","max-image-preview":"max-image-preview:large","max-video-preview":"max-video-preview:-1"},"canonical":"https:\/\/www.politiv.co.il\/es\/perfil-de-la-compania\/","og_locale":"es_ES","og_type":"article","og_title":"Perfil de la compa\u00f1\u00eda - Politiv","og_description":"AA Politiv (1999) Ltd. se fund\u00f3 en 1985. La compa\u00f1\u00eda es privada. Desde que se estableci\u00f3, la compa\u00f1\u00eda se ha administrado con un alto grado de autoevaluaci\u00f3n con el objetivo de alcanzar los m\u00e1s altos niveles profesionales y enfatizar la calidad del producto, la innovaci\u00f3n y el progreso constante junto con la calidad del servicio [&hellip;]","og_url":"https:\/\/www.politiv.co.il\/es\/perfil-de-la-compania\/","og_site_name":"Politiv","article_publisher":"https:\/\/www.facebook.com\/a.a.politiv\/","article_modified_time":"2021-08-22T09:50:51+00:00","twitter_card":"summary_large_image","twitter_misc":{"Tiempo de lectura":"4 minutos"},"schema":{"@context":"https:\/\/schema.org","@graph":[{"@type":"WebPage","@id":"https:\/\/www.politiv.co.il\/es\/perfil-de-la-compania\/","url":"https:\/\/www.politiv.co.il\/es\/perfil-de-la-compania\/","name":"Perfil de la compa\u00f1\u00eda - Politiv","isPartOf":{"@id":"https:\/\/www.politiv.co.il\/es\/#website"},"datePublished":"2018-11-19T11:31:39+00:00","dateModified":"2021-08-22T09:50:51+00:00","breadcrumb":{"@id":"https:\/\/www.politiv.co.il\/es\/perfil-de-la-compania\/#breadcrumb"},"inLanguage":"es","potentialAction":[{"@type":"ReadAction","target":["https:\/\/www.politiv.co.il\/es\/perfil-de-la-compania\/"]}]},{"@type":"BreadcrumbList","@id":"https:\/\/www.politiv.co.il\/es\/perfil-de-la-compania\/#breadcrumb","itemListElement":[{"@type":"ListItem","position":1,"name":"Home","item":"https:\/\/www.politiv.co.il\/es\/"},{"@type":"ListItem","position":2,"name":"Perfil de la compa\u00f1\u00eda"}]},{"@type":"WebSite","@id":"https:\/\/www.politiv.co.il\/es\/#website","url":"https:\/\/www.politiv.co.il\/es\/","name":"Politiv","description":"Polyethylene for agriculture industry","publisher":{"@id":"https:\/\/www.politiv.co.il\/es\/#organization"},"potentialAction":[{"@type":"SearchAction","target":{"@type":"EntryPoint","urlTemplate":"https:\/\/www.politiv.co.il\/es\/?s={search_term_string}"},"query-input":"required name=search_term_string"}],"inLanguage":"es"},{"@type":"Organization","@id":"https:\/\/www.politiv.co.il\/es\/#organization","name":"\u05d0.\u05d0. \u05e4\u05d5\u05dc\u05d9\u05d8\u05d9\u05d1 (1999) \u05d1\u05e2\"\u05de","url":"https:\/\/www.politiv.co.il\/es\/","logo":{"@type":"ImageObject","inLanguage":"es","@id":"https:\/\/www.politiv.co.il\/es\/#\/schema\/logo\/image\/","url":"https:\/\/www.politiv.co.il\/wp-content\/uploads\/2019\/01\/home-header-logo.jpg","contentUrl":"https:\/\/www.politiv.co.il\/wp-content\/uploads\/2019\/01\/home-header-logo.jpg","width":1920,"height":877,"caption":"\u05d0.\u05d0. \u05e4\u05d5\u05dc\u05d9\u05d8\u05d9\u05d1 (1999) \u05d1\u05e2\"\u05de"},"image":{"@id":"https:\/\/www.politiv.co.il\/es\/#\/schema\/logo\/image\/"},"sameAs":["https:\/\/www.facebook.com\/a.a.politiv\/","https:\/\/www.instagram.com\/a.a.politiv\/","https:\/\/www.linkedin.com\/company\/a-a-politiv\/","https:\/\/www.youtube.com\/channel\/UCL0R1Do5A4zd984p8-UlE4A?view_as=subscriber"]}]}},"_links":{"self":[{"href":"https:\/\/www.politiv.co.il\/es\/wp-json\/wp\/v2\/pages\/2735","targetHints":{"allow":["GET"]}}],"collection":[{"href":"https:\/\/www.politiv.co.il\/es\/wp-json\/wp\/v2\/pages"}],"about":[{"href":"https:\/\/www.politiv.co.il\/es\/wp-json\/wp\/v2\/types\/page"}],"author":[{"embeddable":true,"href":"https:\/\/www.politiv.co.il\/es\/wp-json\/wp\/v2\/users\/1"}],"replies":[{"embeddable":true,"href":"https:\/\/www.politiv.co.il\/es\/wp-json\/wp\/v2\/comments?post=2735"}],"version-history":[{"count":4,"href":"https:\/\/www.politiv.co.il\/es\/wp-json\/wp\/v2\/pages\/2735\/revisions"}],"predecessor-version":[{"id":2814,"href":"https:\/\/www.politiv.co.il\/es\/wp-json\/wp\/v2\/pages\/2735\/revisions\/2814"}],"wp:attachment":[{"href":"https:\/\/www.politiv.co.il\/es\/wp-json\/wp\/v2\/media?parent=2735"}],"curies":[{"name":"wp","href":"https:\/\/api.w.org\/{rel}","templated":true}]}}