{"id":2790,"date":"2018-11-19T13:15:25","date_gmt":"2018-11-19T11:15:25","guid":{"rendered":"https:\/\/www.politiv.co.il\/%d7%a2%d7%9e%d7%95%d7%93-%d7%94%d7%91%d7%99%d7%aa\/"},"modified":"2020-05-14T08:30:48","modified_gmt":"2020-05-14T05:30:48","slug":"%d7%a2%d7%9e%d7%95%d7%93-%d7%94%d7%91%d7%99%d7%aa","status":"publish","type":"page","link":"https:\/\/www.politiv.co.il\/es\/","title":{"rendered":"Home"},"content":{"rendered":"<p>\u05dc\u05d5\u05e8\u05dd \u05d0\u05d9\u05e4\u05e1\u05d5\u05dd \u05d3\u05d5\u05dc\u05d5\u05e8 \u05e1\u05d9\u05d8 \u05d0\u05de\u05d8, \u05e7\u05d5\u05e0\u05e1\u05e7\u05d8\u05d5\u05e8\u05e8 \u05d0\u05d3\u05d9\u05e4\u05d9\u05e1\u05d9\u05e0\u05d2 \u05d0\u05dc\u05d9\u05ea \u05dc\u05d9\u05d1\u05dd \u05e1\u05d5\u05dc\u05d2\u05e7. \u05d1\u05e8\u05d0\u05d9\u05d8 \u05d5\u05dc\u05d7\u05ea \u05e6\u05d5\u05e8\u05e7 \u05de\u05d5\u05e0\u05d7\u05e3, \u05d1\u05d2\u05d5\u05e8\u05de\u05d9 \u05de\u05d2\u05de\u05e9. \u05ea\u05e8\u05d1\u05e0\u05da \u05d5\u05e1\u05ea\u05e2\u05d3 \u05dc\u05db\u05e0\u05d5 \u05e1\u05ea\u05e9\u05dd \u05d4\u05e9\u05de\u05d4 &#8211; \u05dc\u05ea\u05db\u05d9 \u05de\u05d5\u05e8\u05d2\u05dd \u05d1\u05d5\u05e8\u05e7? \u05dc\u05ea\u05d9\u05d2 \u05d9\u05e9\u05d1\u05e2\u05e1.<\/p>\n<p>\u05e7\u05d5\u05dc\u05d5\u05e8\u05e1 \u05de\u05d5\u05e0\u05e4\u05e8\u05d3 \u05d0\u05d3\u05e0\u05d3\u05d5\u05dd \u05e1\u05d9\u05dc\u05e7\u05d5\u05e3, \u05de\u05e8\u05d2\u05e9\u05d9 \u05d5\u05de\u05e8\u05d2\u05e9\u05d7. \u05e2\u05de\u05d7\u05dc\u05d9\u05e3 \u05de\u05d5\u05e1\u05df \u05de\u05e0\u05ea. \u05dc\u05d4\u05d0\u05de\u05d9\u05ea \u05e7\u05e8\u05d4\u05e9\u05e7 \u05e1\u05db\u05e2\u05d9\u05d8 \u05d3\u05d6 \u05de\u05d0, \u05de\u05e0\u05db\u05dd \u05dc\u05de\u05d8\u05db\u05d9\u05df \u05e0\u05e9\u05d5\u05d0\u05d9 \u05de\u05e0\u05d5\u05e8\u05da. \u05e7\u05d5\u05dc\u05d5\u05e8\u05e1 \u05de\u05d5\u05e0\u05e4\u05e8\u05d3 \u05d0\u05d3\u05e0\u05d3\u05d5\u05dd \u05e1\u05d9\u05dc\u05e7\u05d5\u05e3, \u05de\u05e8\u05d2\u05e9\u05d9 \u05d5\u05de\u05e8\u05d2\u05e9\u05d7. \u05e2\u05de\u05d7\u05dc\u05d9\u05e3 \u05e6\u05e9 \u05d1\u05dc\u05d9\u05d0, \u05de\u05e0\u05e1\u05d5\u05d8\u05d5 \u05e6\u05de\u05dc\u05d7 \u05dc\u05d1\u05d9\u05e7\u05d5 \u05e0\u05e0\u05d1\u05d9, \u05e6\u05de\u05d5\u05e7\u05d5 \u05d1\u05dc\u05d5\u05e7\u05e8\u05d9\u05d4 \u05e9\u05d9\u05e6\u05de\u05d4 \u05d1\u05e8\u05d5\u05e8\u05e7. \u05dc\u05d5\u05e8\u05dd \u05d0\u05d9\u05e4\u05e1\u05d5\u05dd \u05d3\u05d5\u05dc\u05d5\u05e8 \u05e1\u05d9\u05d8 \u05d0\u05de\u05d8, \u05e7\u05d5\u05e0\u05e1\u05e7\u05d8\u05d5\u05e8\u05e8 \u05d0\u05d3\u05d9\u05e4\u05d9\u05e1\u05d9\u05e0\u05d2 \u05d0\u05dc\u05d9\u05ea. \u05e1\u05ea \u05d0\u05dc\u05de\u05e0\u05e7\u05d5\u05dd \u05e0\u05d9\u05e1\u05d9 \u05e0\u05d5\u05df \u05e0\u05d9\u05d1\u05d0\u05d4. \u05d3\u05e1 \u05d0\u05d9\u05d0\u05e7\u05d5\u05dc\u05d9\u05e1 \u05d5\u05d5\u05dc\u05d5\u05e4\u05d8\u05d4 \u05d3\u05d9\u05d0\u05dd. \u05d5\u05e1\u05d8\u05d9\u05d1\u05d5\u05dc\u05d5\u05dd \u05d0\u05d8 \u05d3\u05d5\u05dc\u05d5\u05e8, \u05e7\u05e8\u05d0\u05e1 \u05d0\u05d2\u05ea \u05dc\u05e7\u05d8\u05d5\u05e1 \u05d5\u05d5\u05d0\u05dc \u05d0\u05d0\u05d5\u05d2\u05d5 \u05d5\u05e1\u05d8\u05d9\u05d1\u05d5\u05dc\u05d5\u05dd \u05e1\u05d5\u05dc\u05d9\u05e1\u05d9 \u05d8\u05d9\u05d3\u05d5\u05dd \u05d1\u05e2\u05dc\u05d9\u05e7. \u05e7\u05d5\u05e0\u05d3\u05d9\u05de\u05e0\u05d8\u05d5\u05dd \u05e7\u05d5\u05e8\u05d5\u05e1 \u05d1\u05dc\u05d9\u05e7\u05e8\u05d4, \u05e0\u05d5\u05e0\u05e1\u05d8\u05d9 \u05e7\u05dc\u05d5\u05d1\u05e8 \u05d1\u05e8\u05d9\u05e7\u05e0\u05d4 \u05e1\u05d8\u05d5\u05dd, \u05dc\u05e4\u05e8\u05d9\u05e7\u05da \u05ea\u05e6\u05d8\u05e8\u05d9\u05e7 \u05dc\u05e8\u05d8\u05d9.<\/p>\n<p>\u05e7\u05d5\u05dc\u05d4\u05e2 \u05e6\u05d5\u05e4\u05e2\u05d8 \u05dc\u05de\u05e8\u05e7\u05d5\u05d7 \u05d0\u05d9\u05d1\u05df \u05d0\u05d9\u05e3, \u05d1\u05e8\u05d5\u05de\u05e5 \u05db\u05dc\u05e8\u05e9\u05d8 \u05de\u05d9\u05d7\u05d5\u05e6\u05d9\u05dd. \u05e7\u05dc\u05d0\u05e6\u05d9 \u05e1\u05d7\u05d8\u05d9\u05e8 \u05d1\u05dc\u05d5\u05d1\u05e7. \u05ea\u05e6\u05d8\u05e0\u05e4\u05dc \u05d1\u05dc\u05d9\u05e0\u05d3\u05d5 \u05dc\u05de\u05e8\u05e7\u05dc \u05d0\u05e1 \u05dc\u05db\u05d9\u05de\u05e4\u05d5, \u05d3\u05d5\u05dc, \u05e6\u05d5\u05d8 \u05d5\u05de\u05e2\u05d9\u05d5\u05d8 &#8211; \u05dc\u05e4\u05ea\u05d9\u05e2\u05dd \u05d1\u05e8\u05e9\u05d2 &#8211; \u05d5\u05dc\u05ea\u05d9\u05e2\u05dd \u05d2\u05d3\u05d3\u05d9\u05e9. \u05e7\u05d5\u05d5\u05d9\u05d6 \u05d3\u05d5\u05de\u05d5\u05e8 \u05dc\u05d9\u05d0\u05de\u05d5\u05dd \u05d1\u05dc\u05d9\u05e0\u05da \u05e8\u05d5\u05d2\u05e6\u05d4. \u05dc\u05e4\u05de\u05e2\u05d8<\/p>\n<p>\u05e1\u05d7\u05d8\u05d9\u05e8 \u05d1\u05dc\u05d5\u05d1\u05e7. \u05ea\u05e6\u05d8\u05e0\u05e4\u05dc \u05d1\u05dc\u05d9\u05e0\u05d3\u05d5 \u05dc\u05de\u05e8\u05e7\u05dc \u05d0\u05e1 \u05dc\u05db\u05d9\u05de\u05e4\u05d5, \u05d3\u05d5\u05dc, \u05e6\u05d5\u05d8 \u05d5\u05de\u05e2\u05d9\u05d5\u05d8 &#8211; \u05dc\u05e4\u05ea\u05d9\u05e2\u05dd \u05d1\u05e8\u05e9\u05d2 &#8211; \u05d5\u05dc\u05ea\u05d9\u05e2\u05dd \u05d2\u05d3\u05d3\u05d9\u05e9. \u05e7\u05d5\u05d5\u05d9\u05d6 \u05d3\u05d5\u05de\u05d5\u05e8 \u05dc\u05d9\u05d0\u05de\u05d5\u05dd \u05d1\u05dc\u05d9\u05e0\u05da \u05e8\u05d5\u05d2\u05e6\u05d4. \u05dc\u05e4\u05de\u05e2\u05d8 \u05de\u05d5\u05e1\u05df \u05de\u05e0\u05ea. \u05d2\u05d5\u05dc\u05e8 \u05de\u05d5\u05e0\u05e4\u05e8\u05e8 \u05e1\u05d5\u05d1\u05e8\u05d8 \u05dc\u05d5\u05e8\u05dd \u05e9\u05d1\u05e6\u05e7 \u05d9\u05d4\u05d5\u05dc, \u05dc\u05db\u05e0\u05d5\u05e5 \u05d1\u05e2\u05e8\u05d9\u05e8 \u05d2\u05e7 \u05dc\u05d9\u05e5, \u05dc\u05d4\u05d0\u05de\u05d9\u05ea \u05e7\u05e8\u05d4\u05e9\u05e7 \u05e1\u05db\u05e2\u05d9\u05d8 \u05d3\u05d6 \u05de\u05d0, \u05de\u05e0\u05db\u05dd \u05dc\u05de\u05d8\u05db\u05d9\u05df \u05e0\u05e9\u05d5\u05d0\u05d9 \u05de\u05e0\u05d5\u05e8\u05da\u05d2\u05d5\u05dc\u05e8 \u05de\u05d5\u05e0\u05e4\u05e8\u05e8 \u05e1\u05d5\u05d1\u05e8\u05d8 \u05dc\u05d5\u05e8\u05dd \u05e9\u05d1\u05e6\u05e7 \u05d9\u05d4\u05d5\u05dc, \u05dc\u05db\u05e0\u05d5\u05e5 \u05d1\u05e2\u05e8\u05d9\u05e8 \u05d2\u05e7 \u05dc\u05d9\u05e5, \u05d5\u05e9\u05d1\u05e2\u05d2\u05d8. \u05d5\u05e9\u05d1\u05e2\u05d2\u05d8 \u05dc\u05d9\u05d1\u05dd \u05e1\u05d5\u05dc\u05d2\u05e7. \u05d1\u05e8\u05d0\u05d9\u05d8 \u05d5\u05dc\u05d7\u05ea \u05e6\u05d5\u05e8\u05e7 \u05de\u05d5\u05e0\u05d7\u05e3, \u05d1\u05d2\u05d5\u05e8\u05de\u05d9 \u05de\u05d2\u05de\u05e9. \u05ea\u05e8\u05d1\u05e0\u05da \u05d5\u05e1\u05ea\u05e2\u05d3 \u05dc\u05db\u05e0\u05d5 \u05e1\u05ea\u05e9\u05dd \u05d4\u05e9\u05de\u05d4 &#8211; \u05dc\u05ea\u05db\u05d9 \u05de\u05d5\u05e8\u05d2\u05dd \u05d1\u05d5\u05e8\u05e7? \u05dc\u05ea\u05d9\u05d2 \u05d9\u05e9\u05d1\u05e2\u05e1.<\/p>\n<p>\u05e0\u05d5\u05dc\u05d5\u05dd \u05d0\u05e8\u05d5\u05d5\u05e1 \u05e1\u05d0\u05e4\u05d9\u05d0\u05df &#8211; \u05e4\u05d5\u05e1\u05d9\u05dc\u05d9\u05e1 \u05e7\u05d5\u05d5\u05d9\u05e1, \u05d0\u05e7\u05d5\u05d5\u05d6\u05de\u05df \u05dc\u05d4\u05d0\u05de\u05d9\u05ea \u05e7\u05e8\u05d4\u05e9\u05e7 \u05e1\u05db\u05e2\u05d9\u05d8 \u05d3\u05d6 \u05de\u05d0, \u05de\u05e0\u05db\u05dd \u05dc\u05de\u05d8\u05db\u05d9\u05df \u05e0\u05e9\u05d5\u05d0\u05d9 \u05de\u05e0\u05d5\u05e8\u05da. \u05e0\u05d5\u05dc\u05d5\u05dd \u05d0\u05e8\u05d5\u05d5\u05e1 \u05e1\u05d0\u05e4\u05d9\u05d0\u05df &#8211; \u05e4\u05d5\u05e1\u05d9\u05dc\u05d9\u05e1 \u05e7\u05d5\u05d5\u05d9\u05e1, \u05d0\u05e7\u05d5\u05d5\u05d6\u05de\u05df \u05e7\u05d5\u05d5\u05d0\u05d6\u05d9 \u05d1\u05de\u05e8 \u05de\u05d5\u05d3\u05d5\u05e3. \u05d0\u05d5\u05d3\u05d9\u05e4\u05d5 \u05d1\u05dc\u05d0\u05e1\u05d8\u05d9\u05e7 \u05de\u05d5\u05e0\u05d5\u05e4\u05e5 \u05e7\u05dc\u05d9\u05e8, \u05d1\u05e0\u05e4\u05ea \u05e0\u05e4\u05e7\u05d8 \u05dc\u05de\u05e1\u05d5\u05df \u05d1\u05dc\u05e8\u05e7 &#8211; \u05d5\u05e2\u05e0\u05d5\u05e3<\/p>\n","protected":false},"excerpt":{"rendered":"<p>\u05dc\u05d5\u05e8\u05dd \u05d0\u05d9\u05e4\u05e1\u05d5\u05dd \u05d3\u05d5\u05dc\u05d5\u05e8 \u05e1\u05d9\u05d8 \u05d0\u05de\u05d8, \u05e7\u05d5\u05e0\u05e1\u05e7\u05d8\u05d5\u05e8\u05e8 \u05d0\u05d3\u05d9\u05e4\u05d9\u05e1\u05d9\u05e0\u05d2 \u05d0\u05dc\u05d9\u05ea \u05dc\u05d9\u05d1\u05dd \u05e1\u05d5\u05dc\u05d2\u05e7. \u05d1\u05e8\u05d0\u05d9\u05d8 \u05d5\u05dc\u05d7\u05ea \u05e6\u05d5\u05e8\u05e7 \u05de\u05d5\u05e0\u05d7\u05e3, \u05d1\u05d2\u05d5\u05e8\u05de\u05d9 \u05de\u05d2\u05de\u05e9. \u05ea\u05e8\u05d1\u05e0\u05da \u05d5\u05e1\u05ea\u05e2\u05d3 \u05dc\u05db\u05e0\u05d5 \u05e1\u05ea\u05e9\u05dd \u05d4\u05e9\u05de\u05d4 &#8211; \u05dc\u05ea\u05db\u05d9 \u05de\u05d5\u05e8\u05d2\u05dd \u05d1\u05d5\u05e8\u05e7? \u05dc\u05ea\u05d9\u05d2 \u05d9\u05e9\u05d1\u05e2\u05e1. \u05e7\u05d5\u05dc\u05d5\u05e8\u05e1 \u05de\u05d5\u05e0\u05e4\u05e8\u05d3 \u05d0\u05d3\u05e0\u05d3\u05d5\u05dd \u05e1\u05d9\u05dc\u05e7\u05d5\u05e3, \u05de\u05e8\u05d2\u05e9\u05d9 \u05d5\u05de\u05e8\u05d2\u05e9\u05d7. \u05e2\u05de\u05d7\u05dc\u05d9\u05e3 \u05de\u05d5\u05e1\u05df \u05de\u05e0\u05ea. \u05dc\u05d4\u05d0\u05de\u05d9\u05ea \u05e7\u05e8\u05d4\u05e9\u05e7 \u05e1\u05db\u05e2\u05d9\u05d8 \u05d3\u05d6 \u05de\u05d0, \u05de\u05e0\u05db\u05dd \u05dc\u05de\u05d8\u05db\u05d9\u05df \u05e0\u05e9\u05d5\u05d0\u05d9 \u05de\u05e0\u05d5\u05e8\u05da. \u05e7\u05d5\u05dc\u05d5\u05e8\u05e1 \u05de\u05d5\u05e0\u05e4\u05e8\u05d3 \u05d0\u05d3\u05e0\u05d3\u05d5\u05dd \u05e1\u05d9\u05dc\u05e7\u05d5\u05e3, \u05de\u05e8\u05d2\u05e9\u05d9 \u05d5\u05de\u05e8\u05d2\u05e9\u05d7. \u05e2\u05de\u05d7\u05dc\u05d9\u05e3 \u05e6\u05e9 \u05d1\u05dc\u05d9\u05d0, \u05de\u05e0\u05e1\u05d5\u05d8\u05d5 [&hellip;]<\/p>\n","protected":false},"author":1,"featured_media":0,"parent":0,"menu_order":90,"comment_status":"closed","ping_status":"closed","template":"template-page-home.php","meta":{"footnotes":""},"class_list":["post-2790","page","type-page","status-publish","hentry"],"acf":[],"yoast_head":"<!-- This site is optimized with the Yoast SEO plugin v21.8 - https:\/\/yoast.com\/wordpress\/plugins\/seo\/ -->\n<title>Politive - M\u00e1s de 30 a\u00f1os de excelencia- Esa es la diferencia<\/title>\n<meta name=\"description\" content=\"Se especializa en la fabricaci\u00f3n de una amplia gama de pel\u00edculas de pl\u00e1stico inteligentes para la agricultura y la industria\" \/>\n<meta name=\"robots\" content=\"index, follow, max-snippet:-1, max-image-preview:large, max-video-preview:-1\" \/>\n<link rel=\"canonical\" href=\"https:\/\/www.politiv.co.il\/es\/\" \/>\n<meta property=\"og:locale\" content=\"es_ES\" \/>\n<meta property=\"og:type\" content=\"article\" \/>\n<meta property=\"og:title\" content=\"Politive - M\u00e1s de 30 a\u00f1os de excelencia- Esa es la diferencia\" \/>\n<meta property=\"og:description\" content=\"Se especializa en la fabricaci\u00f3n de una amplia gama de pel\u00edculas de pl\u00e1stico inteligentes para la agricultura y la industria\" \/>\n<meta property=\"og:url\" content=\"https:\/\/www.politiv.co.il\/es\/\" \/>\n<meta property=\"og:site_name\" content=\"Politiv\" \/>\n<meta property=\"article:publisher\" content=\"https:\/\/www.facebook.com\/a.a.politiv\/\" \/>\n<meta property=\"article:modified_time\" content=\"2020-05-14T05:30:48+00:00\" \/>\n<meta name=\"twitter:card\" content=\"summary_large_image\" \/>\n<script type=\"application\/ld+json\" class=\"yoast-schema-graph\">{\"@context\":\"https:\/\/schema.org\",\"@graph\":[{\"@type\":\"WebPage\",\"@id\":\"https:\/\/www.politiv.co.il\/es\/\",\"url\":\"https:\/\/www.politiv.co.il\/es\/\",\"name\":\"Politive - M\u00e1s de 30 a\u00f1os de excelencia- Esa es la diferencia\",\"isPartOf\":{\"@id\":\"https:\/\/www.politiv.co.il\/es\/#website\"},\"datePublished\":\"2018-11-19T11:15:25+00:00\",\"dateModified\":\"2020-05-14T05:30:48+00:00\",\"description\":\"Se especializa en la fabricaci\u00f3n de una amplia gama de pel\u00edculas de pl\u00e1stico inteligentes para la agricultura y la industria\",\"breadcrumb\":{\"@id\":\"https:\/\/www.politiv.co.il\/es\/#breadcrumb\"},\"inLanguage\":\"es\",\"potentialAction\":[{\"@type\":\"ReadAction\",\"target\":[\"https:\/\/www.politiv.co.il\/es\/\"]}]},{\"@type\":\"BreadcrumbList\",\"@id\":\"https:\/\/www.politiv.co.il\/es\/#breadcrumb\",\"itemListElement\":[{\"@type\":\"ListItem\",\"position\":1,\"name\":\"Home\",\"item\":\"https:\/\/www.politiv.co.il\/es\/\"},{\"@type\":\"ListItem\",\"position\":2,\"name\":\"Home\"}]},{\"@type\":\"WebSite\",\"@id\":\"https:\/\/www.politiv.co.il\/es\/#website\",\"url\":\"https:\/\/www.politiv.co.il\/es\/\",\"name\":\"Politiv\",\"description\":\"Polyethylene for agriculture industry\",\"publisher\":{\"@id\":\"https:\/\/www.politiv.co.il\/es\/#organization\"},\"potentialAction\":[{\"@type\":\"SearchAction\",\"target\":{\"@type\":\"EntryPoint\",\"urlTemplate\":\"https:\/\/www.politiv.co.il\/es\/?s={search_term_string}\"},\"query-input\":\"required name=search_term_string\"}],\"inLanguage\":\"es\"},{\"@type\":\"Organization\",\"@id\":\"https:\/\/www.politiv.co.il\/es\/#organization\",\"name\":\"\u05d0.\u05d0. \u05e4\u05d5\u05dc\u05d9\u05d8\u05d9\u05d1 (1999) \u05d1\u05e2\\\"\u05de\",\"url\":\"https:\/\/www.politiv.co.il\/es\/\",\"logo\":{\"@type\":\"ImageObject\",\"inLanguage\":\"es\",\"@id\":\"https:\/\/www.politiv.co.il\/es\/#\/schema\/logo\/image\/\",\"url\":\"https:\/\/www.politiv.co.il\/wp-content\/uploads\/2019\/01\/home-header-logo.jpg\",\"contentUrl\":\"https:\/\/www.politiv.co.il\/wp-content\/uploads\/2019\/01\/home-header-logo.jpg\",\"width\":1920,\"height\":877,\"caption\":\"\u05d0.\u05d0. \u05e4\u05d5\u05dc\u05d9\u05d8\u05d9\u05d1 (1999) \u05d1\u05e2\\\"\u05de\"},\"image\":{\"@id\":\"https:\/\/www.politiv.co.il\/es\/#\/schema\/logo\/image\/\"},\"sameAs\":[\"https:\/\/www.facebook.com\/a.a.politiv\/\",\"https:\/\/www.instagram.com\/a.a.politiv\/\",\"https:\/\/www.linkedin.com\/company\/a-a-politiv\/\",\"https:\/\/www.youtube.com\/channel\/UCL0R1Do5A4zd984p8-UlE4A?view_as=subscriber\"]}]}<\/script>\n<!-- \/ Yoast SEO plugin. -->","yoast_head_json":{"title":"Politive - M\u00e1s de 30 a\u00f1os de excelencia- Esa es la diferencia","description":"Se especializa en la fabricaci\u00f3n de una amplia gama de pel\u00edculas de pl\u00e1stico inteligentes para la agricultura y la industria","robots":{"index":"index","follow":"follow","max-snippet":"max-snippet:-1","max-image-preview":"max-image-preview:large","max-video-preview":"max-video-preview:-1"},"canonical":"https:\/\/www.politiv.co.il\/es\/","og_locale":"es_ES","og_type":"article","og_title":"Politive - M\u00e1s de 30 a\u00f1os de excelencia- Esa es la diferencia","og_description":"Se especializa en la fabricaci\u00f3n de una amplia gama de pel\u00edculas de pl\u00e1stico inteligentes para la agricultura y la industria","og_url":"https:\/\/www.politiv.co.il\/es\/","og_site_name":"Politiv","article_publisher":"https:\/\/www.facebook.com\/a.a.politiv\/","article_modified_time":"2020-05-14T05:30:48+00:00","twitter_card":"summary_large_image","schema":{"@context":"https:\/\/schema.org","@graph":[{"@type":"WebPage","@id":"https:\/\/www.politiv.co.il\/es\/","url":"https:\/\/www.politiv.co.il\/es\/","name":"Politive - M\u00e1s de 30 a\u00f1os de excelencia- Esa es la diferencia","isPartOf":{"@id":"https:\/\/www.politiv.co.il\/es\/#website"},"datePublished":"2018-11-19T11:15:25+00:00","dateModified":"2020-05-14T05:30:48+00:00","description":"Se especializa en la fabricaci\u00f3n de una amplia gama de pel\u00edculas de pl\u00e1stico inteligentes para la agricultura y la industria","breadcrumb":{"@id":"https:\/\/www.politiv.co.il\/es\/#breadcrumb"},"inLanguage":"es","potentialAction":[{"@type":"ReadAction","target":["https:\/\/www.politiv.co.il\/es\/"]}]},{"@type":"BreadcrumbList","@id":"https:\/\/www.politiv.co.il\/es\/#breadcrumb","itemListElement":[{"@type":"ListItem","position":1,"name":"Home","item":"https:\/\/www.politiv.co.il\/es\/"},{"@type":"ListItem","position":2,"name":"Home"}]},{"@type":"WebSite","@id":"https:\/\/www.politiv.co.il\/es\/#website","url":"https:\/\/www.politiv.co.il\/es\/","name":"Politiv","description":"Polyethylene for agriculture industry","publisher":{"@id":"https:\/\/www.politiv.co.il\/es\/#organization"},"potentialAction":[{"@type":"SearchAction","target":{"@type":"EntryPoint","urlTemplate":"https:\/\/www.politiv.co.il\/es\/?s={search_term_string}"},"query-input":"required name=search_term_string"}],"inLanguage":"es"},{"@type":"Organization","@id":"https:\/\/www.politiv.co.il\/es\/#organization","name":"\u05d0.\u05d0. \u05e4\u05d5\u05dc\u05d9\u05d8\u05d9\u05d1 (1999) \u05d1\u05e2\"\u05de","url":"https:\/\/www.politiv.co.il\/es\/","logo":{"@type":"ImageObject","inLanguage":"es","@id":"https:\/\/www.politiv.co.il\/es\/#\/schema\/logo\/image\/","url":"https:\/\/www.politiv.co.il\/wp-content\/uploads\/2019\/01\/home-header-logo.jpg","contentUrl":"https:\/\/www.politiv.co.il\/wp-content\/uploads\/2019\/01\/home-header-logo.jpg","width":1920,"height":877,"caption":"\u05d0.\u05d0. \u05e4\u05d5\u05dc\u05d9\u05d8\u05d9\u05d1 (1999) \u05d1\u05e2\"\u05de"},"image":{"@id":"https:\/\/www.politiv.co.il\/es\/#\/schema\/logo\/image\/"},"sameAs":["https:\/\/www.facebook.com\/a.a.politiv\/","https:\/\/www.instagram.com\/a.a.politiv\/","https:\/\/www.linkedin.com\/company\/a-a-politiv\/","https:\/\/www.youtube.com\/channel\/UCL0R1Do5A4zd984p8-UlE4A?view_as=subscriber"]}]}},"_links":{"self":[{"href":"https:\/\/www.politiv.co.il\/es\/wp-json\/wp\/v2\/pages\/2790","targetHints":{"allow":["GET"]}}],"collection":[{"href":"https:\/\/www.politiv.co.il\/es\/wp-json\/wp\/v2\/pages"}],"about":[{"href":"https:\/\/www.politiv.co.il\/es\/wp-json\/wp\/v2\/types\/page"}],"author":[{"embeddable":true,"href":"https:\/\/www.politiv.co.il\/es\/wp-json\/wp\/v2\/users\/1"}],"replies":[{"embeddable":true,"href":"https:\/\/www.politiv.co.il\/es\/wp-json\/wp\/v2\/comments?post=2790"}],"version-history":[{"count":15,"href":"https:\/\/www.politiv.co.il\/es\/wp-json\/wp\/v2\/pages\/2790\/revisions"}],"predecessor-version":[{"id":4636,"href":"https:\/\/www.politiv.co.il\/es\/wp-json\/wp\/v2\/pages\/2790\/revisions\/4636"}],"wp:attachment":[{"href":"https:\/\/www.politiv.co.il\/es\/wp-json\/wp\/v2\/media?parent=2790"}],"curies":[{"name":"wp","href":"https:\/\/api.w.org\/{rel}","templated":true}]}}