{"id":2932,"date":"2018-11-19T16:23:06","date_gmt":"2018-11-19T14:23:06","guid":{"rendered":"https:\/\/www.politiv.co.il\/%d7%90%d7%95%d7%93%d7%95%d7%aa\/%d7%9e%d7%9e%d7%9c%d7%99%d7%a6%d7%99%d7%9d\/"},"modified":"2021-08-22T12:52:07","modified_gmt":"2021-08-22T09:52:07","slug":"referencias","status":"publish","type":"page","link":"https:\/\/www.politiv.co.il\/es\/perfil-de-la-compania\/referencias\/","title":{"rendered":"Referencias"},"content":{"rendered":"\t\t<div data-elementor-type=\"wp-post\" data-elementor-id=\"2932\" class=\"elementor elementor-2932 elementor-115 elementor-bc-flex-widget\" data-elementor-post-type=\"page\">\n\t\t\t\t\t\t\t\t\t<section class=\"elementor-section elementor-top-section elementor-element elementor-element-677b05e elementor-section-boxed elementor-section-height-default elementor-section-height-default\" data-id=\"677b05e\" data-element_type=\"section\" data-settings=\"{&quot;background_background&quot;:&quot;classic&quot;}\">\n\t\t\t\t\t\t<div class=\"elementor-container elementor-column-gap-default\">\n\t\t\t\t\t<div class=\"elementor-column elementor-col-100 elementor-top-column elementor-element elementor-element-5e2bdbf testimonial\" data-id=\"5e2bdbf\" data-element_type=\"column\" data-settings=\"{&quot;background_background&quot;:&quot;classic&quot;}\">\n\t\t\t<div class=\"elementor-widget-wrap elementor-element-populated\">\n\t\t\t\t\t\t\t\t<div class=\"elementor-element elementor-element-29cbf02 elementor-widget elementor-widget-text-editor\" data-id=\"29cbf02\" data-element_type=\"widget\" data-widget_type=\"text-editor.default\">\n\t\t\t\t<div class=\"elementor-widget-container\">\n\t\t\t\t\t\t\t<p>Para: Avner Golan &#8211; CEO, Politiv. Me llamo Noa. Trabajo en ventas en Ein Hatzeva Agricultural Association Ltd. Hemos trabajado con Politiv por m\u00e1s de 10 a\u00f1os y me gustar\u00eda aprovechar la oportunidad de expresar tanto mi satisfacci\u00f3n con sus productos de calidad, que ofrecen diversas soluciones creativas para todas nuestras cosechas, y con el servicio y las ventas que Yossi Elfassi y Sigal Lahav ofrecen, quienes se est\u00e1n a la altura de los desaf\u00edos y requerimientos que les presento a\u00f1o con a\u00f1o. Espero que sigamos trabajando juntos.<\/p><p>Atentamente,<\/p><p>Noa<\/p><p>\u00abSi nuestra agricultura se encuentra aqu\u00ed, nuestro hogar es aqu\u00ed\u00bb. (Moshe Smilanski)<\/p>\t\t\t\t\t\t<\/div>\n\t\t\t\t<\/div>\n\t\t\t\t\t<\/div>\n\t\t<\/div>\n\t\t\t\t\t\t\t<\/div>\n\t\t<\/section>\n\t\t\t\t<section class=\"elementor-section elementor-top-section elementor-element elementor-element-ca914a5 elementor-section-boxed elementor-section-height-default elementor-section-height-default\" data-id=\"ca914a5\" data-element_type=\"section\" data-settings=\"{&quot;background_background&quot;:&quot;classic&quot;}\">\n\t\t\t\t\t\t<div class=\"elementor-container elementor-column-gap-default\">\n\t\t\t\t\t<div class=\"elementor-column elementor-col-100 elementor-top-column elementor-element elementor-element-c0a7e18 testimonial\" data-id=\"c0a7e18\" data-element_type=\"column\" data-settings=\"{&quot;background_background&quot;:&quot;classic&quot;}\">\n\t\t\t<div class=\"elementor-widget-wrap elementor-element-populated\">\n\t\t\t\t\t\t\t\t<div class=\"elementor-element elementor-element-58708ca elementor-widget elementor-widget-text-editor\" data-id=\"58708ca\" data-element_type=\"widget\" data-widget_type=\"text-editor.default\">\n\t\t\t\t<div class=\"elementor-widget-container\">\n\t\t\t\t\t\t\t<p>Para:<\/p><p>Yossi Elfassi<\/p><p>AA Politiv<\/p><p>\u00a0<\/p><p>Hola Yossi,<\/p><p>Quiero agradecerles por el excelente y r\u00e1pido servicio tras la tormenta que da\u00f1\u00f3 mis invernaderos y les arranc\u00f3 el techo. Como siempre, respondieron r\u00e1pidamente y me entregaron las pel\u00edculas de pl\u00e1stico que necesitaba a pesar del corto aviso que les di. \u00a1Cabe recordar que llevamos muchos a\u00f1os trabajando juntos y siempre he recibido un servicio bueno y veloz, junto con una buena calidad de productos en todo momento gracias a su apoyo leal y confiable!<\/p><p>\u00a0<\/p><p>Atentamente,<\/p><p>Yinon Rosenbloom<\/p><p>Moshav Na\u2019ama<\/p><p>Yinon Rosenbloom. Agricultura. Moshav Na\u2019ama 90669<\/p><p>Tel. 02-9947457 Mob. 052-5551000 Fax. 02-9409312 inonros@gmail.com<\/p><p>03-02-2019<\/p>\t\t\t\t\t\t<\/div>\n\t\t\t\t<\/div>\n\t\t\t\t\t<\/div>\n\t\t<\/div>\n\t\t\t\t\t\t\t<\/div>\n\t\t<\/section>\n\t\t\t\t<section class=\"elementor-section elementor-top-section elementor-element elementor-element-a7912cd elementor-section-boxed elementor-section-height-default elementor-section-height-default\" data-id=\"a7912cd\" data-element_type=\"section\" data-settings=\"{&quot;background_background&quot;:&quot;classic&quot;}\">\n\t\t\t\t\t\t<div class=\"elementor-container elementor-column-gap-default\">\n\t\t\t\t\t<div class=\"elementor-column elementor-col-100 elementor-top-column elementor-element elementor-element-2a7f443 testimonial\" data-id=\"2a7f443\" data-element_type=\"column\" data-settings=\"{&quot;background_background&quot;:&quot;classic&quot;}\">\n\t\t\t<div class=\"elementor-widget-wrap elementor-element-populated\">\n\t\t\t\t\t\t\t\t<div class=\"elementor-element elementor-element-45c0379 elementor-widget elementor-widget-text-editor\" data-id=\"45c0379\" data-element_type=\"widget\" data-widget_type=\"text-editor.default\">\n\t\t\t\t<div class=\"elementor-widget-container\">\n\t\t\t\t\t\t\t<p>Para Avner Golan<\/p><p>CEO, AA Politiv<\/p><p>Kibbutz Einat<\/p><p>\u00a0<\/p><p>Estimado amigo,<\/p><p>Felicidades y buena suerte con la construcci\u00f3n de la nueva f\u00e1brica de mallas en el Vall\u00e9 de Jord\u00e1n.<\/p><p>Nuestra amistad comenz\u00f3 en 1985 &#8211; hace 35 a\u00f1os &#8211; cuando estaban comenzando su peque\u00f1o negocio familiar en Raanana.<\/p><p>Comenzaron produciendo las pel\u00edculas de pl\u00e1stico de polietileno m\u00e1s sencillas y b\u00e1sicas del mercado.<\/p><p>En esa \u00e9poca dej\u00e9 mi trabajo de gerente de la rama Amir Zikhron Yaakov porque me ascendieron a la oficina general de Tel Aviv.<\/p><p>Usted y su hermano Arie siguieron desarrollando su f\u00e1brica de pel\u00edculas de pl\u00e1stico, que es un orgullo para el Estado de Israel. Ahora venden y comercializan en todos los rincones del mundo donde se practica la agricultura avanzada.<\/p><p>Mientras tanto, en Amir tambi\u00e9n consolidamos nuestra posici\u00f3n en el mercado local, y nos convertimos en la compa\u00f1\u00eda m\u00e1s grande e importante liderando el sector de insumos agr\u00edcolas en Israel.<\/p><p>En cuanto a las pel\u00edculas de pl\u00e1stico, hemos disfrutado de una cooperaci\u00f3n comercial y de una relaci\u00f3n personal que nos ha conectado y ha sobrepasado cualquier diferencia que hubi\u00e9ramos podido tener y que ha superado todos los obst\u00e1culos del complicado mercado agr\u00edcola.<\/p><p>En a\u00f1os recientes compraron la empresa de mallas Meteor y, junto con su f\u00e1brica de pel\u00edculas de pl\u00e1stico de polietileno, ahora ocupan una parte sustancial y gran calidad del mercado de Israel y el resto del mundo.<\/p><p>Deseo a ambos una continua cooperaci\u00f3n, buenos productos y pr\u00f3spera agricultura.<\/p><p>\u00a0<\/p><p>Hody Dor-On<\/p><p>Jefe de operaciones, Sucursales y Ventas<\/p>\t\t\t\t\t\t<\/div>\n\t\t\t\t<\/div>\n\t\t\t\t\t<\/div>\n\t\t<\/div>\n\t\t\t\t\t\t\t<\/div>\n\t\t<\/section>\n\t\t\t\t\t\t\t<\/div>\n\t\t","protected":false},"excerpt":{"rendered":"<p>Para: Avner Golan &#8211; CEO, Politiv. Me llamo Noa. Trabajo en ventas en Ein Hatzeva Agricultural Association Ltd. Hemos trabajado con Politiv por m\u00e1s de 10 a\u00f1os y me gustar\u00eda aprovechar la oportunidad de expresar tanto mi satisfacci\u00f3n con sus productos de calidad, que ofrecen diversas soluciones creativas para todas nuestras cosechas, y con el [&hellip;]<\/p>\n","protected":false},"author":1,"featured_media":0,"parent":2735,"menu_order":81,"comment_status":"closed","ping_status":"closed","template":"","meta":{"footnotes":""},"class_list":["post-2932","page","type-page","status-publish","hentry"],"acf":[],"yoast_head":"<!-- This site is optimized with the Yoast SEO plugin v21.8 - https:\/\/yoast.com\/wordpress\/plugins\/seo\/ -->\n<title>Referencias - Politiv<\/title>\n<meta name=\"robots\" content=\"index, follow, max-snippet:-1, max-image-preview:large, max-video-preview:-1\" \/>\n<link rel=\"canonical\" href=\"https:\/\/www.politiv.co.il\/es\/perfil-de-la-compania\/referencias\/\" \/>\n<meta property=\"og:locale\" content=\"es_ES\" \/>\n<meta property=\"og:type\" content=\"article\" \/>\n<meta property=\"og:title\" content=\"Referencias - Politiv\" \/>\n<meta property=\"og:description\" content=\"Para: Avner Golan &#8211; CEO, Politiv. Me llamo Noa. Trabajo en ventas en Ein Hatzeva Agricultural Association Ltd. Hemos trabajado con Politiv por m\u00e1s de 10 a\u00f1os y me gustar\u00eda aprovechar la oportunidad de expresar tanto mi satisfacci\u00f3n con sus productos de calidad, que ofrecen diversas soluciones creativas para todas nuestras cosechas, y con el [&hellip;]\" \/>\n<meta property=\"og:url\" content=\"https:\/\/www.politiv.co.il\/es\/perfil-de-la-compania\/referencias\/\" \/>\n<meta property=\"og:site_name\" content=\"Politiv\" \/>\n<meta property=\"article:publisher\" content=\"https:\/\/www.facebook.com\/a.a.politiv\/\" \/>\n<meta property=\"article:modified_time\" content=\"2021-08-22T09:52:07+00:00\" \/>\n<meta name=\"twitter:card\" content=\"summary_large_image\" \/>\n<meta name=\"twitter:label1\" content=\"Tiempo de lectura\" \/>\n\t<meta name=\"twitter:data1\" content=\"2 minutos\" \/>\n<script type=\"application\/ld+json\" class=\"yoast-schema-graph\">{\"@context\":\"https:\/\/schema.org\",\"@graph\":[{\"@type\":\"WebPage\",\"@id\":\"https:\/\/www.politiv.co.il\/es\/perfil-de-la-compania\/referencias\/\",\"url\":\"https:\/\/www.politiv.co.il\/es\/perfil-de-la-compania\/referencias\/\",\"name\":\"Referencias - Politiv\",\"isPartOf\":{\"@id\":\"https:\/\/www.politiv.co.il\/es\/#website\"},\"datePublished\":\"2018-11-19T14:23:06+00:00\",\"dateModified\":\"2021-08-22T09:52:07+00:00\",\"breadcrumb\":{\"@id\":\"https:\/\/www.politiv.co.il\/es\/perfil-de-la-compania\/referencias\/#breadcrumb\"},\"inLanguage\":\"es\",\"potentialAction\":[{\"@type\":\"ReadAction\",\"target\":[\"https:\/\/www.politiv.co.il\/es\/perfil-de-la-compania\/referencias\/\"]}]},{\"@type\":\"BreadcrumbList\",\"@id\":\"https:\/\/www.politiv.co.il\/es\/perfil-de-la-compania\/referencias\/#breadcrumb\",\"itemListElement\":[{\"@type\":\"ListItem\",\"position\":1,\"name\":\"Home\",\"item\":\"https:\/\/www.politiv.co.il\/es\/\"},{\"@type\":\"ListItem\",\"position\":2,\"name\":\"Perfil de la compa\u00f1\u00eda\",\"item\":\"https:\/\/www.politiv.co.il\/es\/perfil-de-la-compania\/\"},{\"@type\":\"ListItem\",\"position\":3,\"name\":\"Referencias\"}]},{\"@type\":\"WebSite\",\"@id\":\"https:\/\/www.politiv.co.il\/es\/#website\",\"url\":\"https:\/\/www.politiv.co.il\/es\/\",\"name\":\"Politiv\",\"description\":\"Polyethylene for agriculture industry\",\"publisher\":{\"@id\":\"https:\/\/www.politiv.co.il\/es\/#organization\"},\"potentialAction\":[{\"@type\":\"SearchAction\",\"target\":{\"@type\":\"EntryPoint\",\"urlTemplate\":\"https:\/\/www.politiv.co.il\/es\/?s={search_term_string}\"},\"query-input\":\"required name=search_term_string\"}],\"inLanguage\":\"es\"},{\"@type\":\"Organization\",\"@id\":\"https:\/\/www.politiv.co.il\/es\/#organization\",\"name\":\"\u05d0.\u05d0. \u05e4\u05d5\u05dc\u05d9\u05d8\u05d9\u05d1 (1999) \u05d1\u05e2\\\"\u05de\",\"url\":\"https:\/\/www.politiv.co.il\/es\/\",\"logo\":{\"@type\":\"ImageObject\",\"inLanguage\":\"es\",\"@id\":\"https:\/\/www.politiv.co.il\/es\/#\/schema\/logo\/image\/\",\"url\":\"https:\/\/www.politiv.co.il\/wp-content\/uploads\/2019\/01\/home-header-logo.jpg\",\"contentUrl\":\"https:\/\/www.politiv.co.il\/wp-content\/uploads\/2019\/01\/home-header-logo.jpg\",\"width\":1920,\"height\":877,\"caption\":\"\u05d0.\u05d0. \u05e4\u05d5\u05dc\u05d9\u05d8\u05d9\u05d1 (1999) \u05d1\u05e2\\\"\u05de\"},\"image\":{\"@id\":\"https:\/\/www.politiv.co.il\/es\/#\/schema\/logo\/image\/\"},\"sameAs\":[\"https:\/\/www.facebook.com\/a.a.politiv\/\",\"https:\/\/www.instagram.com\/a.a.politiv\/\",\"https:\/\/www.linkedin.com\/company\/a-a-politiv\/\",\"https:\/\/www.youtube.com\/channel\/UCL0R1Do5A4zd984p8-UlE4A?view_as=subscriber\"]}]}<\/script>\n<!-- \/ Yoast SEO plugin. -->","yoast_head_json":{"title":"Referencias - Politiv","robots":{"index":"index","follow":"follow","max-snippet":"max-snippet:-1","max-image-preview":"max-image-preview:large","max-video-preview":"max-video-preview:-1"},"canonical":"https:\/\/www.politiv.co.il\/es\/perfil-de-la-compania\/referencias\/","og_locale":"es_ES","og_type":"article","og_title":"Referencias - Politiv","og_description":"Para: Avner Golan &#8211; CEO, Politiv. Me llamo Noa. Trabajo en ventas en Ein Hatzeva Agricultural Association Ltd. Hemos trabajado con Politiv por m\u00e1s de 10 a\u00f1os y me gustar\u00eda aprovechar la oportunidad de expresar tanto mi satisfacci\u00f3n con sus productos de calidad, que ofrecen diversas soluciones creativas para todas nuestras cosechas, y con el [&hellip;]","og_url":"https:\/\/www.politiv.co.il\/es\/perfil-de-la-compania\/referencias\/","og_site_name":"Politiv","article_publisher":"https:\/\/www.facebook.com\/a.a.politiv\/","article_modified_time":"2021-08-22T09:52:07+00:00","twitter_card":"summary_large_image","twitter_misc":{"Tiempo de lectura":"2 minutos"},"schema":{"@context":"https:\/\/schema.org","@graph":[{"@type":"WebPage","@id":"https:\/\/www.politiv.co.il\/es\/perfil-de-la-compania\/referencias\/","url":"https:\/\/www.politiv.co.il\/es\/perfil-de-la-compania\/referencias\/","name":"Referencias - Politiv","isPartOf":{"@id":"https:\/\/www.politiv.co.il\/es\/#website"},"datePublished":"2018-11-19T14:23:06+00:00","dateModified":"2021-08-22T09:52:07+00:00","breadcrumb":{"@id":"https:\/\/www.politiv.co.il\/es\/perfil-de-la-compania\/referencias\/#breadcrumb"},"inLanguage":"es","potentialAction":[{"@type":"ReadAction","target":["https:\/\/www.politiv.co.il\/es\/perfil-de-la-compania\/referencias\/"]}]},{"@type":"BreadcrumbList","@id":"https:\/\/www.politiv.co.il\/es\/perfil-de-la-compania\/referencias\/#breadcrumb","itemListElement":[{"@type":"ListItem","position":1,"name":"Home","item":"https:\/\/www.politiv.co.il\/es\/"},{"@type":"ListItem","position":2,"name":"Perfil de la compa\u00f1\u00eda","item":"https:\/\/www.politiv.co.il\/es\/perfil-de-la-compania\/"},{"@type":"ListItem","position":3,"name":"Referencias"}]},{"@type":"WebSite","@id":"https:\/\/www.politiv.co.il\/es\/#website","url":"https:\/\/www.politiv.co.il\/es\/","name":"Politiv","description":"Polyethylene for agriculture industry","publisher":{"@id":"https:\/\/www.politiv.co.il\/es\/#organization"},"potentialAction":[{"@type":"SearchAction","target":{"@type":"EntryPoint","urlTemplate":"https:\/\/www.politiv.co.il\/es\/?s={search_term_string}"},"query-input":"required name=search_term_string"}],"inLanguage":"es"},{"@type":"Organization","@id":"https:\/\/www.politiv.co.il\/es\/#organization","name":"\u05d0.\u05d0. \u05e4\u05d5\u05dc\u05d9\u05d8\u05d9\u05d1 (1999) \u05d1\u05e2\"\u05de","url":"https:\/\/www.politiv.co.il\/es\/","logo":{"@type":"ImageObject","inLanguage":"es","@id":"https:\/\/www.politiv.co.il\/es\/#\/schema\/logo\/image\/","url":"https:\/\/www.politiv.co.il\/wp-content\/uploads\/2019\/01\/home-header-logo.jpg","contentUrl":"https:\/\/www.politiv.co.il\/wp-content\/uploads\/2019\/01\/home-header-logo.jpg","width":1920,"height":877,"caption":"\u05d0.\u05d0. \u05e4\u05d5\u05dc\u05d9\u05d8\u05d9\u05d1 (1999) \u05d1\u05e2\"\u05de"},"image":{"@id":"https:\/\/www.politiv.co.il\/es\/#\/schema\/logo\/image\/"},"sameAs":["https:\/\/www.facebook.com\/a.a.politiv\/","https:\/\/www.instagram.com\/a.a.politiv\/","https:\/\/www.linkedin.com\/company\/a-a-politiv\/","https:\/\/www.youtube.com\/channel\/UCL0R1Do5A4zd984p8-UlE4A?view_as=subscriber"]}]}},"_links":{"self":[{"href":"https:\/\/www.politiv.co.il\/es\/wp-json\/wp\/v2\/pages\/2932","targetHints":{"allow":["GET"]}}],"collection":[{"href":"https:\/\/www.politiv.co.il\/es\/wp-json\/wp\/v2\/pages"}],"about":[{"href":"https:\/\/www.politiv.co.il\/es\/wp-json\/wp\/v2\/types\/page"}],"author":[{"embeddable":true,"href":"https:\/\/www.politiv.co.il\/es\/wp-json\/wp\/v2\/users\/1"}],"replies":[{"embeddable":true,"href":"https:\/\/www.politiv.co.il\/es\/wp-json\/wp\/v2\/comments?post=2932"}],"version-history":[{"count":5,"href":"https:\/\/www.politiv.co.il\/es\/wp-json\/wp\/v2\/pages\/2932\/revisions"}],"predecessor-version":[{"id":6347,"href":"https:\/\/www.politiv.co.il\/es\/wp-json\/wp\/v2\/pages\/2932\/revisions\/6347"}],"up":[{"embeddable":true,"href":"https:\/\/www.politiv.co.il\/es\/wp-json\/wp\/v2\/pages\/2735"}],"wp:attachment":[{"href":"https:\/\/www.politiv.co.il\/es\/wp-json\/wp\/v2\/media?parent=2932"}],"curies":[{"name":"wp","href":"https:\/\/api.w.org\/{rel}","templated":true}]}}