{"id":3152,"date":"2019-02-21T09:09:27","date_gmt":"2019-02-21T07:09:27","guid":{"rendered":"https:\/\/www.politiv.co.il\/%d7%9e%d7%95%d7%a6%d7%a8%d7%99%d7%9d\/%d7%99%d7%a8%d7%99%d7%a2%d7%95%d7%aa-%d7%9c%d7%97%d7%a7%d7%9c%d7%90%d7%95%d7%aa\/"},"modified":"2021-08-22T12:55:01","modified_gmt":"2021-08-22T09:55:01","slug":"laminas-para-la-agricultura","status":"publish","type":"page","link":"https:\/\/www.politiv.co.il\/es\/productos\/laminas-para-la-agricultura\/","title":{"rendered":"L\u00e1minas para la agricultura"},"content":{"rendered":"\t\t<div data-elementor-type=\"wp-post\" data-elementor-id=\"3152\" class=\"elementor elementor-3152 elementor-1985\" data-elementor-post-type=\"page\">\n\t\t\t\t\t\t\t\t\t<section class=\"elementor-section elementor-top-section elementor-element elementor-element-8a42c55 elementor-section-boxed elementor-section-height-default elementor-section-height-default\" data-id=\"8a42c55\" data-element_type=\"section\">\n\t\t\t\t\t\t<div class=\"elementor-container elementor-column-gap-default\">\n\t\t\t\t\t<div class=\"elementor-column elementor-col-100 elementor-top-column elementor-element elementor-element-248f777\" data-id=\"248f777\" data-element_type=\"column\">\n\t\t\t<div class=\"elementor-widget-wrap elementor-element-populated\">\n\t\t\t\t\t\t\t\t<section class=\"elementor-section elementor-inner-section elementor-element elementor-element-637b299 elementor-reverse-mobile elementor-section-boxed elementor-section-height-default elementor-section-height-default\" data-id=\"637b299\" data-element_type=\"section\">\n\t\t\t\t\t\t<div class=\"elementor-container elementor-column-gap-no\">\n\t\t\t\t\t<div class=\"elementor-column elementor-col-50 elementor-inner-column elementor-element elementor-element-0d3d729\" data-id=\"0d3d729\" data-element_type=\"column\" data-settings=\"{&quot;background_background&quot;:&quot;classic&quot;}\">\n\t\t\t<div class=\"elementor-widget-wrap elementor-element-populated\">\n\t\t\t\t\t\t\t\t<div class=\"elementor-element elementor-element-258e8a9 elementor-widget elementor-widget-heading\" data-id=\"258e8a9\" data-element_type=\"widget\" data-widget_type=\"heading.default\">\n\t\t\t\t<div class=\"elementor-widget-container\">\n\t\t\t<h2 class=\"elementor-heading-title elementor-size-default\"><a href=\"https:\/\/www.politiv.co.il\/es\/product_cat\/%D7%99%D7%A8%D7%99%D7%A2%D7%95%D7%AA-%D7%9C%D7%97%D7%A7%D7%9C%D7%90%D7%95%D7%AA\/\">L\u00e1minas para la agricultura<\/a><\/h2>\t\t<\/div>\n\t\t\t\t<\/div>\n\t\t\t\t\t<\/div>\n\t\t<\/div>\n\t\t\t\t<div class=\"elementor-column elementor-col-50 elementor-inner-column elementor-element elementor-element-6c94008\" data-id=\"6c94008\" data-element_type=\"column\">\n\t\t\t<div class=\"elementor-widget-wrap elementor-element-populated\">\n\t\t\t\t\t\t\t\t<div class=\"elementor-element elementor-element-29a6709 elementor-align-right elementor-mobile-align-left elementor-icon-list--layout-traditional elementor-list-item-link-full_width elementor-widget elementor-widget-icon-list\" data-id=\"29a6709\" data-element_type=\"widget\" data-widget_type=\"icon-list.default\">\n\t\t\t\t<div class=\"elementor-widget-container\">\n\t\t\t\t\t<ul class=\"elementor-icon-list-items\">\n\t\t\t\t\t\t\t<li class=\"elementor-icon-list-item\">\n\t\t\t\t\t\t\t\t\t\t\t<a href=\"https:\/\/www.politiv.co.il\/wp-content\/uploads\/2020\/12\/\u05e7\u05d8\u05dc\u05d5\u05d2-\u05d9\u05e8\u05d9\u05e2\u05d5\u05ea_V5_FINAL-DIGI_spred.pdf\" target=\"_blank\">\n\n\t\t\t\t\t\t\t\t\t\t\t\t<span class=\"elementor-icon-list-icon\">\n\t\t\t\t\t\t\t<i aria-hidden=\"true\" class=\"far fa-file-pdf\"><\/i>\t\t\t\t\t\t<\/span>\n\t\t\t\t\t\t\t\t\t\t<span class=\"elementor-icon-list-text\">Sheets Catalog<\/span>\n\t\t\t\t\t\t\t\t\t\t\t<\/a>\n\t\t\t\t\t\t\t\t\t<\/li>\n\t\t\t\t\t\t<\/ul>\n\t\t\t\t<\/div>\n\t\t\t\t<\/div>\n\t\t\t\t\t<\/div>\n\t\t<\/div>\n\t\t\t\t\t\t\t<\/div>\n\t\t<\/section>\n\t\t\t\t<div class=\"elementor-element elementor-element-0125069 elementor-widget-divider--view-line elementor-widget elementor-widget-divider\" data-id=\"0125069\" data-element_type=\"widget\" data-widget_type=\"divider.default\">\n\t\t\t\t<div class=\"elementor-widget-container\">\n\t\t\t\t\t<div class=\"elementor-divider\">\n\t\t\t<span class=\"elementor-divider-separator\">\n\t\t\t\t\t\t<\/span>\n\t\t<\/div>\n\t\t\t\t<\/div>\n\t\t\t\t<\/div>\n\t\t\t\t\t<\/div>\n\t\t<\/div>\n\t\t\t\t\t\t\t<\/div>\n\t\t<\/section>\n\t\t\t\t<section class=\"elementor-section elementor-top-section elementor-element elementor-element-382ece5 elementor-section-boxed elementor-section-height-default elementor-section-height-default elementor-invisible\" data-id=\"382ece5\" data-element_type=\"section\" data-settings=\"{&quot;animation&quot;:&quot;zoomIn&quot;}\">\n\t\t\t\t\t\t<div class=\"elementor-container elementor-column-gap-default\">\n\t\t\t\t\t<div class=\"elementor-column elementor-col-33 elementor-top-column elementor-element elementor-element-9192ad2\" data-id=\"9192ad2\" data-element_type=\"column\">\n\t\t\t<div class=\"elementor-widget-wrap elementor-element-populated\">\n\t\t\t\t\t\t\t\t<div class=\"elementor-element elementor-element-7c512da elementor-widget elementor-widget-image\" data-id=\"7c512da\" data-element_type=\"widget\" data-widget_type=\"image.default\">\n\t\t\t\t<div class=\"elementor-widget-container\">\n\t\t\t\t\t\t\t\t\t\t\t\t\t\t\t\t<a href=\"https:\/\/www.politiv.co.il\/es\/product\/%D7%99%D7%A8%D7%99%D7%A2%D7%95%D7%AA-%D7%9C%D7%97%D7%9E%D7%9E%D7%95%D7%AA\/\">\n\t\t\t\t\t\t\t<img fetchpriority=\"high\" decoding=\"async\" width=\"446\" height=\"320\" src=\"https:\/\/www.politiv.co.il\/wp-content\/uploads\/2019\/01\/\u05d7\u05de\u05de\u05d5\u05ea-1.jpg\" class=\"attachment-large size-large wp-image-3028\" alt=\"\" srcset=\"https:\/\/www.politiv.co.il\/wp-content\/uploads\/2019\/01\/\u05d7\u05de\u05de\u05d5\u05ea-1.jpg 446w, https:\/\/www.politiv.co.il\/wp-content\/uploads\/2019\/01\/\u05d7\u05de\u05de\u05d5\u05ea-1-300x215.jpg 300w\" sizes=\"(max-width: 446px) 100vw, 446px\" \/>\t\t\t\t\t\t\t\t<\/a>\n\t\t\t\t\t\t\t\t\t\t\t\t\t\t\t<\/div>\n\t\t\t\t<\/div>\n\t\t\t\t<div class=\"elementor-element elementor-element-7ccd0f2 elementor-widget elementor-widget-heading\" data-id=\"7ccd0f2\" data-element_type=\"widget\" data-widget_type=\"heading.default\">\n\t\t\t\t<div class=\"elementor-widget-container\">\n\t\t\t<h3 class=\"elementor-heading-title elementor-size-default\"><a href=\"https:\/\/www.politiv.co.il\/es\/product\/%D7%99%D7%A8%D7%99%D7%A2%D7%95%D7%AA-%D7%9C%D7%97%D7%9E%D7%9E%D7%95%D7%AA\/\">Invernaderos<\/a><\/h3>\t\t<\/div>\n\t\t\t\t<\/div>\n\t\t\t\t\t<\/div>\n\t\t<\/div>\n\t\t\t\t<div class=\"elementor-column elementor-col-33 elementor-top-column elementor-element elementor-element-3d5e567\" data-id=\"3d5e567\" data-element_type=\"column\">\n\t\t\t<div class=\"elementor-widget-wrap elementor-element-populated\">\n\t\t\t\t\t\t\t\t<div class=\"elementor-element elementor-element-f9a4597 elementor-widget elementor-widget-image\" data-id=\"f9a4597\" data-element_type=\"widget\" data-widget_type=\"image.default\">\n\t\t\t\t<div class=\"elementor-widget-container\">\n\t\t\t\t\t\t\t\t\t\t\t\t\t\t\t\t<a href=\"https:\/\/www.politiv.co.il\/es\/product\/%D7%99%D7%A8%D7%99%D7%A2%D7%95%D7%AA-%D7%9C%D7%9E%D7%A0%D7%94%D7%A8%D7%95%D7%AA-%D7%A0%D7%9E%D7%95%D7%9B%D7%95%D7%AA\/\">\n\t\t\t\t\t\t\t<img decoding=\"async\" width=\"446\" height=\"320\" src=\"https:\/\/www.politiv.co.il\/wp-content\/uploads\/2018\/11\/\u05de\u05e0\u05d4\u05e8\u05d5\u05ea.jpg\" class=\"attachment-large size-large wp-image-3016\" alt=\"\" srcset=\"https:\/\/www.politiv.co.il\/wp-content\/uploads\/2018\/11\/\u05de\u05e0\u05d4\u05e8\u05d5\u05ea.jpg 446w, https:\/\/www.politiv.co.il\/wp-content\/uploads\/2018\/11\/\u05de\u05e0\u05d4\u05e8\u05d5\u05ea-300x215.jpg 300w\" sizes=\"(max-width: 446px) 100vw, 446px\" \/>\t\t\t\t\t\t\t\t<\/a>\n\t\t\t\t\t\t\t\t\t\t\t\t\t\t\t<\/div>\n\t\t\t\t<\/div>\n\t\t\t\t<div class=\"elementor-element elementor-element-c73be00 elementor-widget elementor-widget-heading\" data-id=\"c73be00\" data-element_type=\"widget\" data-widget_type=\"heading.default\">\n\t\t\t\t<div class=\"elementor-widget-container\">\n\t\t\t<h3 class=\"elementor-heading-title elementor-size-default\"><a href=\"https:\/\/www.politiv.co.il\/es\/product\/%D7%99%D7%A8%D7%99%D7%A2%D7%95%D7%AA-%D7%9C%D7%9E%D7%A0%D7%94%D7%A8%D7%95%D7%AA-%D7%A0%D7%9E%D7%95%D7%9B%D7%95%D7%AA\/\">T\u00faneles\n<\/a><\/h3>\t\t<\/div>\n\t\t\t\t<\/div>\n\t\t\t\t\t<\/div>\n\t\t<\/div>\n\t\t\t\t<div class=\"elementor-column elementor-col-33 elementor-top-column elementor-element elementor-element-d41e35d\" data-id=\"d41e35d\" data-element_type=\"column\">\n\t\t\t<div class=\"elementor-widget-wrap elementor-element-populated\">\n\t\t\t\t\t\t\t\t<div class=\"elementor-element elementor-element-9012990 elementor-widget elementor-widget-image\" data-id=\"9012990\" data-element_type=\"widget\" data-widget_type=\"image.default\">\n\t\t\t\t<div class=\"elementor-widget-container\">\n\t\t\t\t\t\t\t\t\t\t\t\t\t\t\t\t<a href=\"https:\/\/www.politiv.co.il\/es\/product\/%D7%97%D7%99%D7%A4%D7%95%D7%99%D7%99-%D7%A7%D7%A8%D7%A7%D7%A2\/\">\n\t\t\t\t\t\t\t<img decoding=\"async\" width=\"446\" height=\"320\" src=\"https:\/\/www.politiv.co.il\/wp-content\/uploads\/2018\/11\/\u05d7\u05d9\u05e4\u05d5\u05d9\u05d9\u05dd.jpg\" class=\"attachment-large size-large wp-image-3013\" alt=\"\" srcset=\"https:\/\/www.politiv.co.il\/wp-content\/uploads\/2018\/11\/\u05d7\u05d9\u05e4\u05d5\u05d9\u05d9\u05dd.jpg 446w, https:\/\/www.politiv.co.il\/wp-content\/uploads\/2018\/11\/\u05d7\u05d9\u05e4\u05d5\u05d9\u05d9\u05dd-300x215.jpg 300w\" sizes=\"(max-width: 446px) 100vw, 446px\" \/>\t\t\t\t\t\t\t\t<\/a>\n\t\t\t\t\t\t\t\t\t\t\t\t\t\t\t<\/div>\n\t\t\t\t<\/div>\n\t\t\t\t<div class=\"elementor-element elementor-element-6c86239 elementor-widget elementor-widget-heading\" data-id=\"6c86239\" data-element_type=\"widget\" data-widget_type=\"heading.default\">\n\t\t\t\t<div class=\"elementor-widget-container\">\n\t\t\t<h3 class=\"elementor-heading-title elementor-size-default\"><a href=\"https:\/\/www.politiv.co.il\/es\/product\/%D7%97%D7%99%D7%A4%D7%95%D7%99%D7%99-%D7%A7%D7%A8%D7%A7%D7%A2\/\">Pel\u00edcula de mantillo<\/a><\/h3>\t\t<\/div>\n\t\t\t\t<\/div>\n\t\t\t\t\t<\/div>\n\t\t<\/div>\n\t\t\t\t\t\t\t<\/div>\n\t\t<\/section>\n\t\t\t\t<section class=\"elementor-section elementor-top-section elementor-element elementor-element-62dc67b elementor-section-boxed elementor-section-height-default elementor-section-height-default elementor-invisible\" data-id=\"62dc67b\" data-element_type=\"section\" data-settings=\"{&quot;animation&quot;:&quot;zoomIn&quot;}\">\n\t\t\t\t\t\t<div class=\"elementor-container elementor-column-gap-default\">\n\t\t\t\t\t<div class=\"elementor-column elementor-col-33 elementor-top-column elementor-element elementor-element-706c9bc\" data-id=\"706c9bc\" data-element_type=\"column\">\n\t\t\t<div class=\"elementor-widget-wrap elementor-element-populated\">\n\t\t\t\t\t\t\t\t<div class=\"elementor-element elementor-element-d4422f8 elementor-widget elementor-widget-image\" data-id=\"d4422f8\" data-element_type=\"widget\" data-widget_type=\"image.default\">\n\t\t\t\t<div class=\"elementor-widget-container\">\n\t\t\t\t\t\t\t\t\t\t\t\t\t\t\t\t<a href=\"https:\/\/www.politiv.co.il\/es\/product\/detours\/\">\n\t\t\t\t\t\t\t<img loading=\"lazy\" decoding=\"async\" width=\"446\" height=\"320\" src=\"https:\/\/www.politiv.co.il\/wp-content\/uploads\/2018\/11\/\u05d7\u05d9\u05d8\u05d5\u05d9\u05d9\u05dd.jpg\" class=\"attachment-large size-large wp-image-3018\" alt=\"\" srcset=\"https:\/\/www.politiv.co.il\/wp-content\/uploads\/2018\/11\/\u05d7\u05d9\u05d8\u05d5\u05d9\u05d9\u05dd.jpg 446w, https:\/\/www.politiv.co.il\/wp-content\/uploads\/2018\/11\/\u05d7\u05d9\u05d8\u05d5\u05d9\u05d9\u05dd-300x215.jpg 300w\" sizes=\"(max-width: 446px) 100vw, 446px\" \/>\t\t\t\t\t\t\t\t<\/a>\n\t\t\t\t\t\t\t\t\t\t\t\t\t\t\t<\/div>\n\t\t\t\t<\/div>\n\t\t\t\t<div class=\"elementor-element elementor-element-8e75525 elementor-widget elementor-widget-heading\" data-id=\"8e75525\" data-element_type=\"widget\" data-widget_type=\"heading.default\">\n\t\t\t\t<div class=\"elementor-widget-container\">\n\t\t\t<h3 class=\"elementor-heading-title elementor-size-default\"><a href=\"https:\/\/www.politiv.co.il\/es\/product\/detours\/\">Fumigaci\u00f3n<\/a><\/h3>\t\t<\/div>\n\t\t\t\t<\/div>\n\t\t\t\t\t<\/div>\n\t\t<\/div>\n\t\t\t\t<div class=\"elementor-column elementor-col-33 elementor-top-column elementor-element elementor-element-6417ac7\" data-id=\"6417ac7\" data-element_type=\"column\">\n\t\t\t<div class=\"elementor-widget-wrap\">\n\t\t\t\t\t\t\t\t\t<\/div>\n\t\t<\/div>\n\t\t\t\t<div class=\"elementor-column elementor-col-33 elementor-top-column elementor-element elementor-element-eca8b60\" data-id=\"eca8b60\" data-element_type=\"column\">\n\t\t\t<div class=\"elementor-widget-wrap\">\n\t\t\t\t\t\t\t\t\t<\/div>\n\t\t<\/div>\n\t\t\t\t\t\t\t<\/div>\n\t\t<\/section>\n\t\t\t\t\t\t\t<\/div>\n\t\t","protected":false},"excerpt":{"rendered":"<p>L\u00e1minas para la agricultura Sheets Catalog Invernaderos T\u00faneles Pel\u00edcula de mantillo Fumigaci\u00f3n<\/p>\n","protected":false},"author":2,"featured_media":0,"parent":3012,"menu_order":7,"comment_status":"closed","ping_status":"closed","template":"","meta":{"footnotes":""},"class_list":["post-3152","page","type-page","status-publish","hentry"],"acf":[],"yoast_head":"<!-- This site is optimized with the Yoast SEO plugin v21.8 - https:\/\/yoast.com\/wordpress\/plugins\/seo\/ -->\n<title>L\u00e1minas para la agricultura - Politiv<\/title>\n<meta name=\"robots\" content=\"index, follow, max-snippet:-1, max-image-preview:large, max-video-preview:-1\" \/>\n<link rel=\"canonical\" href=\"https:\/\/www.politiv.co.il\/es\/productos\/laminas-para-la-agricultura\/\" \/>\n<meta property=\"og:locale\" content=\"es_ES\" \/>\n<meta property=\"og:type\" content=\"article\" \/>\n<meta property=\"og:title\" content=\"L\u00e1minas para la agricultura - Politiv\" \/>\n<meta property=\"og:description\" content=\"L\u00e1minas para la agricultura Sheets Catalog Invernaderos T\u00faneles Pel\u00edcula de mantillo Fumigaci\u00f3n\" \/>\n<meta property=\"og:url\" content=\"https:\/\/www.politiv.co.il\/es\/productos\/laminas-para-la-agricultura\/\" \/>\n<meta property=\"og:site_name\" content=\"Politiv\" \/>\n<meta property=\"article:publisher\" content=\"https:\/\/www.facebook.com\/a.a.politiv\/\" \/>\n<meta property=\"article:modified_time\" content=\"2021-08-22T09:55:01+00:00\" \/>\n<meta name=\"twitter:card\" content=\"summary_large_image\" \/>\n<script type=\"application\/ld+json\" class=\"yoast-schema-graph\">{\"@context\":\"https:\/\/schema.org\",\"@graph\":[{\"@type\":\"WebPage\",\"@id\":\"https:\/\/www.politiv.co.il\/es\/productos\/laminas-para-la-agricultura\/\",\"url\":\"https:\/\/www.politiv.co.il\/es\/productos\/laminas-para-la-agricultura\/\",\"name\":\"L\u00e1minas para la agricultura - Politiv\",\"isPartOf\":{\"@id\":\"https:\/\/www.politiv.co.il\/es\/#website\"},\"datePublished\":\"2019-02-21T07:09:27+00:00\",\"dateModified\":\"2021-08-22T09:55:01+00:00\",\"breadcrumb\":{\"@id\":\"https:\/\/www.politiv.co.il\/es\/productos\/laminas-para-la-agricultura\/#breadcrumb\"},\"inLanguage\":\"es\",\"potentialAction\":[{\"@type\":\"ReadAction\",\"target\":[\"https:\/\/www.politiv.co.il\/es\/productos\/laminas-para-la-agricultura\/\"]}]},{\"@type\":\"BreadcrumbList\",\"@id\":\"https:\/\/www.politiv.co.il\/es\/productos\/laminas-para-la-agricultura\/#breadcrumb\",\"itemListElement\":[{\"@type\":\"ListItem\",\"position\":1,\"name\":\"Home\",\"item\":\"https:\/\/www.politiv.co.il\/es\/\"},{\"@type\":\"ListItem\",\"position\":2,\"name\":\"Productos\",\"item\":\"https:\/\/www.politiv.co.il\/es\/productos\/\"},{\"@type\":\"ListItem\",\"position\":3,\"name\":\"L\u00e1minas para la agricultura\"}]},{\"@type\":\"WebSite\",\"@id\":\"https:\/\/www.politiv.co.il\/es\/#website\",\"url\":\"https:\/\/www.politiv.co.il\/es\/\",\"name\":\"Politiv\",\"description\":\"Polyethylene for agriculture industry\",\"publisher\":{\"@id\":\"https:\/\/www.politiv.co.il\/es\/#organization\"},\"potentialAction\":[{\"@type\":\"SearchAction\",\"target\":{\"@type\":\"EntryPoint\",\"urlTemplate\":\"https:\/\/www.politiv.co.il\/es\/?s={search_term_string}\"},\"query-input\":\"required name=search_term_string\"}],\"inLanguage\":\"es\"},{\"@type\":\"Organization\",\"@id\":\"https:\/\/www.politiv.co.il\/es\/#organization\",\"name\":\"\u05d0.\u05d0. \u05e4\u05d5\u05dc\u05d9\u05d8\u05d9\u05d1 (1999) \u05d1\u05e2\\\"\u05de\",\"url\":\"https:\/\/www.politiv.co.il\/es\/\",\"logo\":{\"@type\":\"ImageObject\",\"inLanguage\":\"es\",\"@id\":\"https:\/\/www.politiv.co.il\/es\/#\/schema\/logo\/image\/\",\"url\":\"https:\/\/www.politiv.co.il\/wp-content\/uploads\/2019\/01\/home-header-logo.jpg\",\"contentUrl\":\"https:\/\/www.politiv.co.il\/wp-content\/uploads\/2019\/01\/home-header-logo.jpg\",\"width\":1920,\"height\":877,\"caption\":\"\u05d0.\u05d0. \u05e4\u05d5\u05dc\u05d9\u05d8\u05d9\u05d1 (1999) \u05d1\u05e2\\\"\u05de\"},\"image\":{\"@id\":\"https:\/\/www.politiv.co.il\/es\/#\/schema\/logo\/image\/\"},\"sameAs\":[\"https:\/\/www.facebook.com\/a.a.politiv\/\",\"https:\/\/www.instagram.com\/a.a.politiv\/\",\"https:\/\/www.linkedin.com\/company\/a-a-politiv\/\",\"https:\/\/www.youtube.com\/channel\/UCL0R1Do5A4zd984p8-UlE4A?view_as=subscriber\"]}]}<\/script>\n<!-- \/ Yoast SEO plugin. -->","yoast_head_json":{"title":"L\u00e1minas para la agricultura - Politiv","robots":{"index":"index","follow":"follow","max-snippet":"max-snippet:-1","max-image-preview":"max-image-preview:large","max-video-preview":"max-video-preview:-1"},"canonical":"https:\/\/www.politiv.co.il\/es\/productos\/laminas-para-la-agricultura\/","og_locale":"es_ES","og_type":"article","og_title":"L\u00e1minas para la agricultura - Politiv","og_description":"L\u00e1minas para la agricultura Sheets Catalog Invernaderos T\u00faneles Pel\u00edcula de mantillo Fumigaci\u00f3n","og_url":"https:\/\/www.politiv.co.il\/es\/productos\/laminas-para-la-agricultura\/","og_site_name":"Politiv","article_publisher":"https:\/\/www.facebook.com\/a.a.politiv\/","article_modified_time":"2021-08-22T09:55:01+00:00","twitter_card":"summary_large_image","schema":{"@context":"https:\/\/schema.org","@graph":[{"@type":"WebPage","@id":"https:\/\/www.politiv.co.il\/es\/productos\/laminas-para-la-agricultura\/","url":"https:\/\/www.politiv.co.il\/es\/productos\/laminas-para-la-agricultura\/","name":"L\u00e1minas para la agricultura - Politiv","isPartOf":{"@id":"https:\/\/www.politiv.co.il\/es\/#website"},"datePublished":"2019-02-21T07:09:27+00:00","dateModified":"2021-08-22T09:55:01+00:00","breadcrumb":{"@id":"https:\/\/www.politiv.co.il\/es\/productos\/laminas-para-la-agricultura\/#breadcrumb"},"inLanguage":"es","potentialAction":[{"@type":"ReadAction","target":["https:\/\/www.politiv.co.il\/es\/productos\/laminas-para-la-agricultura\/"]}]},{"@type":"BreadcrumbList","@id":"https:\/\/www.politiv.co.il\/es\/productos\/laminas-para-la-agricultura\/#breadcrumb","itemListElement":[{"@type":"ListItem","position":1,"name":"Home","item":"https:\/\/www.politiv.co.il\/es\/"},{"@type":"ListItem","position":2,"name":"Productos","item":"https:\/\/www.politiv.co.il\/es\/productos\/"},{"@type":"ListItem","position":3,"name":"L\u00e1minas para la agricultura"}]},{"@type":"WebSite","@id":"https:\/\/www.politiv.co.il\/es\/#website","url":"https:\/\/www.politiv.co.il\/es\/","name":"Politiv","description":"Polyethylene for agriculture industry","publisher":{"@id":"https:\/\/www.politiv.co.il\/es\/#organization"},"potentialAction":[{"@type":"SearchAction","target":{"@type":"EntryPoint","urlTemplate":"https:\/\/www.politiv.co.il\/es\/?s={search_term_string}"},"query-input":"required name=search_term_string"}],"inLanguage":"es"},{"@type":"Organization","@id":"https:\/\/www.politiv.co.il\/es\/#organization","name":"\u05d0.\u05d0. \u05e4\u05d5\u05dc\u05d9\u05d8\u05d9\u05d1 (1999) \u05d1\u05e2\"\u05de","url":"https:\/\/www.politiv.co.il\/es\/","logo":{"@type":"ImageObject","inLanguage":"es","@id":"https:\/\/www.politiv.co.il\/es\/#\/schema\/logo\/image\/","url":"https:\/\/www.politiv.co.il\/wp-content\/uploads\/2019\/01\/home-header-logo.jpg","contentUrl":"https:\/\/www.politiv.co.il\/wp-content\/uploads\/2019\/01\/home-header-logo.jpg","width":1920,"height":877,"caption":"\u05d0.\u05d0. \u05e4\u05d5\u05dc\u05d9\u05d8\u05d9\u05d1 (1999) \u05d1\u05e2\"\u05de"},"image":{"@id":"https:\/\/www.politiv.co.il\/es\/#\/schema\/logo\/image\/"},"sameAs":["https:\/\/www.facebook.com\/a.a.politiv\/","https:\/\/www.instagram.com\/a.a.politiv\/","https:\/\/www.linkedin.com\/company\/a-a-politiv\/","https:\/\/www.youtube.com\/channel\/UCL0R1Do5A4zd984p8-UlE4A?view_as=subscriber"]}]}},"_links":{"self":[{"href":"https:\/\/www.politiv.co.il\/es\/wp-json\/wp\/v2\/pages\/3152","targetHints":{"allow":["GET"]}}],"collection":[{"href":"https:\/\/www.politiv.co.il\/es\/wp-json\/wp\/v2\/pages"}],"about":[{"href":"https:\/\/www.politiv.co.il\/es\/wp-json\/wp\/v2\/types\/page"}],"author":[{"embeddable":true,"href":"https:\/\/www.politiv.co.il\/es\/wp-json\/wp\/v2\/users\/2"}],"replies":[{"embeddable":true,"href":"https:\/\/www.politiv.co.il\/es\/wp-json\/wp\/v2\/comments?post=3152"}],"version-history":[{"count":20,"href":"https:\/\/www.politiv.co.il\/es\/wp-json\/wp\/v2\/pages\/3152\/revisions"}],"predecessor-version":[{"id":6356,"href":"https:\/\/www.politiv.co.il\/es\/wp-json\/wp\/v2\/pages\/3152\/revisions\/6356"}],"up":[{"embeddable":true,"href":"https:\/\/www.politiv.co.il\/es\/wp-json\/wp\/v2\/pages\/3012"}],"wp:attachment":[{"href":"https:\/\/www.politiv.co.il\/es\/wp-json\/wp\/v2\/media?parent=3152"}],"curies":[{"name":"wp","href":"https:\/\/api.w.org\/{rel}","templated":true}]}}