{"id":3165,"date":"2019-02-21T09:09:53","date_gmt":"2019-02-21T07:09:53","guid":{"rendered":"https:\/\/www.politiv.co.il\/%d7%9e%d7%95%d7%a6%d7%a8%d7%99%d7%9d\/%d7%a4%d7%aa%d7%a8%d7%95%d7%a0%d7%95%d7%aa-%d7%9c%d7%aa%d7%a2%d7%a9%d7%99%d7%99%d7%94\/"},"modified":"2021-08-22T12:53:38","modified_gmt":"2021-08-22T09:53:38","slug":"soluciones-para-la-industria","status":"publish","type":"page","link":"https:\/\/www.politiv.co.il\/es\/productos\/soluciones-para-la-industria\/","title":{"rendered":"Soluciones para la industria"},"content":{"rendered":"\t\t<div data-elementor-type=\"wp-post\" data-elementor-id=\"3165\" class=\"elementor elementor-3165 elementor-1986\" data-elementor-post-type=\"page\">\n\t\t\t\t\t\t\t\t\t<section class=\"elementor-section elementor-top-section elementor-element elementor-element-294e021 elementor-section-boxed elementor-section-height-default elementor-section-height-default\" data-id=\"294e021\" data-element_type=\"section\">\n\t\t\t\t\t\t<div class=\"elementor-container elementor-column-gap-default\">\n\t\t\t\t\t<div class=\"elementor-column elementor-col-100 elementor-top-column elementor-element elementor-element-1b31233\" data-id=\"1b31233\" data-element_type=\"column\">\n\t\t\t<div class=\"elementor-widget-wrap elementor-element-populated\">\n\t\t\t\t\t\t\t\t<section class=\"elementor-section elementor-inner-section elementor-element elementor-element-526054c elementor-section-boxed elementor-section-height-default elementor-section-height-default\" data-id=\"526054c\" data-element_type=\"section\">\n\t\t\t\t\t\t<div class=\"elementor-container elementor-column-gap-no\">\n\t\t\t\t\t<div class=\"elementor-column elementor-col-50 elementor-inner-column elementor-element elementor-element-2b0a08c\" data-id=\"2b0a08c\" data-element_type=\"column\" data-settings=\"{&quot;background_background&quot;:&quot;classic&quot;}\">\n\t\t\t<div class=\"elementor-widget-wrap elementor-element-populated\">\n\t\t\t\t\t\t\t\t<div class=\"elementor-element elementor-element-69f8b82 elementor-widget elementor-widget-heading\" data-id=\"69f8b82\" data-element_type=\"widget\" data-widget_type=\"heading.default\">\n\t\t\t\t<div class=\"elementor-widget-container\">\n\t\t\t<h2 class=\"elementor-heading-title elementor-size-default\"><a href=\"https:\/\/www.politiv.co.il\/es\/product_cat\/%D7%A4%D7%AA%D7%A8%D7%95%D7%A0%D7%95%D7%AA-%D7%9C%D7%AA%D7%A2%D7%A9%D7%99%D7%99%D7%94\/\">Soluciones para la industria<\/a><\/h2>\t\t<\/div>\n\t\t\t\t<\/div>\n\t\t\t\t\t<\/div>\n\t\t<\/div>\n\t\t\t\t<div class=\"elementor-column elementor-col-50 elementor-inner-column elementor-element elementor-element-5de8e43\" data-id=\"5de8e43\" data-element_type=\"column\">\n\t\t\t<div class=\"elementor-widget-wrap\">\n\t\t\t\t\t\t\t\t\t<\/div>\n\t\t<\/div>\n\t\t\t\t\t\t\t<\/div>\n\t\t<\/section>\n\t\t\t\t<div class=\"elementor-element elementor-element-efbc77b elementor-widget-divider--view-line elementor-widget elementor-widget-divider\" data-id=\"efbc77b\" data-element_type=\"widget\" data-widget_type=\"divider.default\">\n\t\t\t\t<div class=\"elementor-widget-container\">\n\t\t\t\t\t<div class=\"elementor-divider\">\n\t\t\t<span class=\"elementor-divider-separator\">\n\t\t\t\t\t\t<\/span>\n\t\t<\/div>\n\t\t\t\t<\/div>\n\t\t\t\t<\/div>\n\t\t\t\t\t<\/div>\n\t\t<\/div>\n\t\t\t\t\t\t\t<\/div>\n\t\t<\/section>\n\t\t\t\t<section class=\"elementor-section elementor-top-section elementor-element elementor-element-761b0c0 elementor-section-boxed elementor-section-height-default elementor-section-height-default elementor-invisible\" data-id=\"761b0c0\" data-element_type=\"section\" data-settings=\"{&quot;animation&quot;:&quot;zoomIn&quot;}\">\n\t\t\t\t\t\t<div class=\"elementor-container elementor-column-gap-default\">\n\t\t\t\t\t<div class=\"elementor-column elementor-col-33 elementor-top-column elementor-element elementor-element-8676aed\" data-id=\"8676aed\" data-element_type=\"column\">\n\t\t\t<div class=\"elementor-widget-wrap elementor-element-populated\">\n\t\t\t\t\t\t\t\t<div class=\"elementor-element elementor-element-22282ba elementor-widget elementor-widget-image\" data-id=\"22282ba\" data-element_type=\"widget\" data-widget_type=\"image.default\">\n\t\t\t\t<div class=\"elementor-widget-container\">\n\t\t\t\t\t\t\t\t\t\t\t\t\t\t\t\t<a href=\"https:\/\/www.politiv.co.il\/es\/product\/%D7%93%D7%A4%D7%99-%D7%94%D7%A4%D7%A8%D7%93%D7%94\/\">\n\t\t\t\t\t\t\t<img decoding=\"async\" src=\"https:\/\/www.politiv.co.il\/wp-content\/uploads\/elementor\/thumbs\/\u05d3\u05e4\u05d9-\u05d4\u05e4\u05e8\u05d3\u05d42-o70xnxyjk6mghz2vaahu4g62257lgi5senq64d2lts.jpg\" title=\"\u05d3\u05e4\u05d9-\u05d4\u05e4\u05e8\u05d3\u05d42\" alt=\"\u05d3\u05e4\u05d9-\u05d4\u05e4\u05e8\u05d3\u05d42\" loading=\"lazy\" \/>\t\t\t\t\t\t\t\t<\/a>\n\t\t\t\t\t\t\t\t\t\t\t\t\t\t\t<\/div>\n\t\t\t\t<\/div>\n\t\t\t\t<div class=\"elementor-element elementor-element-ba47c43 elementor-widget elementor-widget-heading\" data-id=\"ba47c43\" data-element_type=\"widget\" data-widget_type=\"heading.default\">\n\t\t\t\t<div class=\"elementor-widget-container\">\n\t\t\t<h3 class=\"elementor-heading-title elementor-size-default\"><a href=\"https:\/\/www.politiv.co.il\/es\/product\/%D7%93%D7%A4%D7%99-%D7%94%D7%A4%D7%A8%D7%93%D7%94\/\">L\u00e1minas separadoras<\/a><\/h3>\t\t<\/div>\n\t\t\t\t<\/div>\n\t\t\t\t\t<\/div>\n\t\t<\/div>\n\t\t\t\t<div class=\"elementor-column elementor-col-33 elementor-top-column elementor-element elementor-element-25d1997\" data-id=\"25d1997\" data-element_type=\"column\">\n\t\t\t<div class=\"elementor-widget-wrap elementor-element-populated\">\n\t\t\t\t\t\t\t\t<div class=\"elementor-element elementor-element-201c297 elementor-widget elementor-widget-image\" data-id=\"201c297\" data-element_type=\"widget\" data-widget_type=\"image.default\">\n\t\t\t\t<div class=\"elementor-widget-container\">\n\t\t\t\t\t\t\t\t\t\t\t\t\t\t\t\t<a href=\"https:\/\/www.politiv.co.il\/es\/product\/%D7%A9%D7%A7%D7%99%D7%95%D7%AA\/\">\n\t\t\t\t\t\t\t<img fetchpriority=\"high\" decoding=\"async\" width=\"446\" height=\"320\" src=\"https:\/\/www.politiv.co.il\/wp-content\/uploads\/2019\/01\/\u05e9\u05e7\u05d9\u05d5\u05ea2.jpg\" class=\"attachment-large size-large wp-image-3031\" alt=\"\" srcset=\"https:\/\/www.politiv.co.il\/wp-content\/uploads\/2019\/01\/\u05e9\u05e7\u05d9\u05d5\u05ea2.jpg 446w, https:\/\/www.politiv.co.il\/wp-content\/uploads\/2019\/01\/\u05e9\u05e7\u05d9\u05d5\u05ea2-300x215.jpg 300w\" sizes=\"(max-width: 446px) 100vw, 446px\" \/>\t\t\t\t\t\t\t\t<\/a>\n\t\t\t\t\t\t\t\t\t\t\t\t\t\t\t<\/div>\n\t\t\t\t<\/div>\n\t\t\t\t<div class=\"elementor-element elementor-element-31f90c6 elementor-widget elementor-widget-heading\" data-id=\"31f90c6\" data-element_type=\"widget\" data-widget_type=\"heading.default\">\n\t\t\t\t<div class=\"elementor-widget-container\">\n\t\t\t<h3 class=\"elementor-heading-title elementor-size-default\"><a href=\"https:\/\/www.politiv.co.il\/es\/product\/%D7%A9%D7%A7%D7%99%D7%95%D7%AA\/\">Bolsas<\/a><\/h3>\t\t<\/div>\n\t\t\t\t<\/div>\n\t\t\t\t\t<\/div>\n\t\t<\/div>\n\t\t\t\t<div class=\"elementor-column elementor-col-33 elementor-top-column elementor-element elementor-element-ad62f37\" data-id=\"ad62f37\" data-element_type=\"column\">\n\t\t\t<div class=\"elementor-widget-wrap elementor-element-populated\">\n\t\t\t\t\t\t\t\t<div class=\"elementor-element elementor-element-e50252f elementor-widget elementor-widget-image\" data-id=\"e50252f\" data-element_type=\"widget\" data-widget_type=\"image.default\">\n\t\t\t\t<div class=\"elementor-widget-container\">\n\t\t\t\t\t\t\t\t\t\t\t\t\t\t\t\t<a href=\"https:\/\/www.politiv.co.il\/es\/product\/\u05e2\u05d9\u05d8\u05d5\u05e4\u05d9\u05dd\/\">\n\t\t\t\t\t\t\t<img decoding=\"async\" width=\"446\" height=\"320\" src=\"https:\/\/www.politiv.co.il\/wp-content\/uploads\/2019\/01\/\u05e2\u05d9\u05d8\u05d5\u05e4\u05d9\u05dd2.jpg\" class=\"attachment-large size-large wp-image-3030\" alt=\"\" srcset=\"https:\/\/www.politiv.co.il\/wp-content\/uploads\/2019\/01\/\u05e2\u05d9\u05d8\u05d5\u05e4\u05d9\u05dd2.jpg 446w, https:\/\/www.politiv.co.il\/wp-content\/uploads\/2019\/01\/\u05e2\u05d9\u05d8\u05d5\u05e4\u05d9\u05dd2-300x215.jpg 300w\" sizes=\"(max-width: 446px) 100vw, 446px\" \/>\t\t\t\t\t\t\t\t<\/a>\n\t\t\t\t\t\t\t\t\t\t\t\t\t\t\t<\/div>\n\t\t\t\t<\/div>\n\t\t\t\t<div class=\"elementor-element elementor-element-4b2ed20 elementor-widget elementor-widget-heading\" data-id=\"4b2ed20\" data-element_type=\"widget\" data-widget_type=\"heading.default\">\n\t\t\t\t<div class=\"elementor-widget-container\">\n\t\t\t<h3 class=\"elementor-heading-title elementor-size-default\"><a href=\"https:\/\/www.politiv.co.il\/es\/product\/\u05e2\u05d9\u05d8\u05d5\u05e4\u05d9\u05dd\/\">Envoltorios\n<\/a><\/h3>\t\t<\/div>\n\t\t\t\t<\/div>\n\t\t\t\t\t<\/div>\n\t\t<\/div>\n\t\t\t\t\t\t\t<\/div>\n\t\t<\/section>\n\t\t\t\t<section class=\"elementor-section elementor-top-section elementor-element elementor-element-6e0c8ae elementor-section-boxed elementor-section-height-default elementor-section-height-default elementor-invisible\" data-id=\"6e0c8ae\" data-element_type=\"section\" data-settings=\"{&quot;animation&quot;:&quot;zoomIn&quot;}\">\n\t\t\t\t\t\t<div class=\"elementor-container elementor-column-gap-default\">\n\t\t\t\t\t<div class=\"elementor-column elementor-col-33 elementor-top-column elementor-element elementor-element-7ce6b28\" data-id=\"7ce6b28\" data-element_type=\"column\">\n\t\t\t<div class=\"elementor-widget-wrap elementor-element-populated\">\n\t\t\t\t\t\t\t\t<div class=\"elementor-element elementor-element-073c542 elementor-widget elementor-widget-image\" data-id=\"073c542\" data-element_type=\"widget\" data-widget_type=\"image.default\">\n\t\t\t\t<div class=\"elementor-widget-container\">\n\t\t\t\t\t\t\t\t\t\t\t\t\t\t\t\t<a href=\"https:\/\/www.politiv.co.il\/es\/product\/%D7%9B%D7%99%D7%A1%D7%95%D7%99%D7%99-%D7%9E%D7%A9%D7%98%D7%97%D7%99%D7%9D\/\">\n\t\t\t\t\t\t\t<img decoding=\"async\" src=\"https:\/\/www.politiv.co.il\/wp-content\/uploads\/elementor\/thumbs\/\u05db\u05d9\u05e1\u05d5\u05d9-\u05de\u05e9\u05d8\u05d7\u05d9\u05dd-1-o70xpbrzmeinlb2i7e12allhjke1sgnk9iawk10qo0.jpg\" title=\"\u05db\u05d9\u05e1\u05d5\u05d9 \u05de\u05e9\u05d8\u05d7\u05d9\u05dd\" alt=\"\u05db\u05d9\u05e1\u05d5\u05d9 \u05de\u05e9\u05d8\u05d7\u05d9\u05dd\" loading=\"lazy\" \/>\t\t\t\t\t\t\t\t<\/a>\n\t\t\t\t\t\t\t\t\t\t\t\t\t\t\t<\/div>\n\t\t\t\t<\/div>\n\t\t\t\t<div class=\"elementor-element elementor-element-134506d elementor-widget elementor-widget-heading\" data-id=\"134506d\" data-element_type=\"widget\" data-widget_type=\"heading.default\">\n\t\t\t\t<div class=\"elementor-widget-container\">\n\t\t\t<h3 class=\"elementor-heading-title elementor-size-default\"><a href=\"https:\/\/www.politiv.co.il\/es\/product\/%d7%9b%d7%99%d7%a1%d7%95%d7%99%d7%99-%d7%9e%d7%a9%d7%98%d7%97%d7%99%d7%9d-%d7%a9%d7%a8%d7%99%d7%a0%d7%a7-%d7%95%d7%a8%d7%92%d7%99%d7%9c%d7%99%d7%9d\/\">Cubiertas para pallets<\/a><\/h3>\t\t<\/div>\n\t\t\t\t<\/div>\n\t\t\t\t\t<\/div>\n\t\t<\/div>\n\t\t\t\t<div class=\"elementor-column elementor-col-33 elementor-top-column elementor-element elementor-element-1cb6301\" data-id=\"1cb6301\" data-element_type=\"column\">\n\t\t\t<div class=\"elementor-widget-wrap elementor-element-populated\">\n\t\t\t\t\t\t\t\t<div class=\"elementor-element elementor-element-f4b88df elementor-widget elementor-widget-image\" data-id=\"f4b88df\" data-element_type=\"widget\" data-widget_type=\"image.default\">\n\t\t\t\t<div class=\"elementor-widget-container\">\n\t\t\t\t\t\t\t\t\t\t\t\t\t\t\t\t<a href=\"https:\/\/www.politiv.co.il\/es\/product\/%D7%A9%D7%A8%D7%99%D7%A0%D7%A7\/\">\n\t\t\t\t\t\t\t<img decoding=\"async\" src=\"https:\/\/www.politiv.co.il\/wp-content\/uploads\/elementor\/thumbs\/shrink2-o70y60euxjcvo4u1s3no1w114s5lf1w1k3667ua680.jpg\" title=\"shrink2\" alt=\"shrink2\" loading=\"lazy\" \/>\t\t\t\t\t\t\t\t<\/a>\n\t\t\t\t\t\t\t\t\t\t\t\t\t\t\t<\/div>\n\t\t\t\t<\/div>\n\t\t\t\t<div class=\"elementor-element elementor-element-7c537b2 elementor-widget elementor-widget-heading\" data-id=\"7c537b2\" data-element_type=\"widget\" data-widget_type=\"heading.default\">\n\t\t\t\t<div class=\"elementor-widget-container\">\n\t\t\t<h3 class=\"elementor-heading-title elementor-size-default\"><a href=\"https:\/\/www.politiv.co.il\/es\/product\/%D7%A9%D7%A8%D7%99%D7%A0%D7%A7\/\">Retractilado<\/a><\/h3>\t\t<\/div>\n\t\t\t\t<\/div>\n\t\t\t\t\t<\/div>\n\t\t<\/div>\n\t\t\t\t<div class=\"elementor-column elementor-col-33 elementor-top-column elementor-element elementor-element-e29e7ed\" data-id=\"e29e7ed\" data-element_type=\"column\">\n\t\t\t<div class=\"elementor-widget-wrap elementor-element-populated\">\n\t\t\t\t\t\t\t\t<div class=\"elementor-element elementor-element-2215937 elementor-widget elementor-widget-image\" data-id=\"2215937\" data-element_type=\"widget\" data-widget_type=\"image.default\">\n\t\t\t\t<div class=\"elementor-widget-container\">\n\t\t\t\t\t\t\t\t\t\t\t\t\t\t\t\t<a href=\"https:\/\/www.politiv.co.il\/es\/product\/%D7%99%D7%A8%D7%99%D7%A2%D7%95%D7%AA-%D7%A0%D7%9E%D7%AA%D7%97%D7%95%D7%AA-%D7%A1%D7%98%D7%A8%D7%99%D7%A5-%D7%94%D7%95%D7%93\/\">\n\t\t\t\t\t\t\t<img decoding=\"async\" src=\"https:\/\/www.politiv.co.il\/wp-content\/uploads\/elementor\/thumbs\/20190307_091041_resized-o70vzkron7zivirjs74dzokcnaqz4aidfvfkkmktfk.jpg\" title=\"20190307_091041_resized\" alt=\"20190307_091041_resized\" loading=\"lazy\" \/>\t\t\t\t\t\t\t\t<\/a>\n\t\t\t\t\t\t\t\t\t\t\t\t\t\t\t<\/div>\n\t\t\t\t<\/div>\n\t\t\t\t<div class=\"elementor-element elementor-element-d9df523 elementor-widget elementor-widget-heading\" data-id=\"d9df523\" data-element_type=\"widget\" data-widget_type=\"heading.default\">\n\t\t\t\t<div class=\"elementor-widget-container\">\n\t\t\t<h3 class=\"elementor-heading-title elementor-size-default\"><a href=\"https:\/\/www.politiv.co.il\/es\/product\/%D7%99%D7%A8%D7%99%D7%A2%D7%95%D7%AA-%D7%A0%D7%9E%D7%AA%D7%97%D7%95%D7%AA-%D7%A1%D7%98%D7%A8%D7%99%D7%A5-%D7%94%D7%95%D7%93\/\">Pel\u00edculas de funda stretch<\/a><\/h3>\t\t<\/div>\n\t\t\t\t<\/div>\n\t\t\t\t\t<\/div>\n\t\t<\/div>\n\t\t\t\t\t\t\t<\/div>\n\t\t<\/section>\n\t\t\t\t<section class=\"elementor-section elementor-top-section elementor-element elementor-element-23b8a4d elementor-section-boxed elementor-section-height-default elementor-section-height-default elementor-invisible\" data-id=\"23b8a4d\" data-element_type=\"section\" data-settings=\"{&quot;animation&quot;:&quot;zoomIn&quot;}\">\n\t\t\t\t\t\t<div class=\"elementor-container elementor-column-gap-default\">\n\t\t\t\t\t<div class=\"elementor-column elementor-col-33 elementor-top-column elementor-element elementor-element-8df7487\" data-id=\"8df7487\" data-element_type=\"column\">\n\t\t\t<div class=\"elementor-widget-wrap elementor-element-populated\">\n\t\t\t\t\t\t\t\t<div class=\"elementor-element elementor-element-cf0a5ec elementor-widget elementor-widget-image\" data-id=\"cf0a5ec\" data-element_type=\"widget\" data-widget_type=\"image.default\">\n\t\t\t\t<div class=\"elementor-widget-container\">\n\t\t\t\t\t\t\t\t\t\t\t\t\t\t\t\t<a href=\"https:\/\/www.politiv.co.il\/es\/product\/%D7%99%D7%A8%D7%99%D7%A2%D7%95%D7%AA-%D7%9C%D7%9C%D7%9E%D7%99%D7%A0%D7%A6%D7%99%D7%94\/\">\n\t\t\t\t\t\t\t<img decoding=\"async\" src=\"https:\/\/www.politiv.co.il\/wp-content\/uploads\/elementor\/thumbs\/56-o70y9o09icd0tjiwfojfqytkaq4zcoegq6i5ekv20w.jpg\" title=\"56\" alt=\"56\" loading=\"lazy\" \/>\t\t\t\t\t\t\t\t<\/a>\n\t\t\t\t\t\t\t\t\t\t\t\t\t\t\t<\/div>\n\t\t\t\t<\/div>\n\t\t\t\t<div class=\"elementor-element elementor-element-5c5d663 elementor-widget elementor-widget-heading\" data-id=\"5c5d663\" data-element_type=\"widget\" data-widget_type=\"heading.default\">\n\t\t\t\t<div class=\"elementor-widget-container\">\n\t\t\t<h3 class=\"elementor-heading-title elementor-size-default\"><a href=\"https:\/\/www.politiv.co.il\/es\/product\/%D7%99%D7%A8%D7%99%D7%A2%D7%95%D7%AA-%D7%9C%D7%9C%D7%9E%D7%99%D7%A0%D7%A6%D7%99%D7%94\/\">Pel\u00edculas laminadas<\/a><\/h3>\t\t<\/div>\n\t\t\t\t<\/div>\n\t\t\t\t\t<\/div>\n\t\t<\/div>\n\t\t\t\t<div class=\"elementor-column elementor-col-33 elementor-top-column elementor-element elementor-element-6bfbb9f\" data-id=\"6bfbb9f\" data-element_type=\"column\">\n\t\t\t<div class=\"elementor-widget-wrap elementor-element-populated\">\n\t\t\t\t\t\t\t\t<div class=\"elementor-element elementor-element-a2b1eb2 elementor-widget elementor-widget-image\" data-id=\"a2b1eb2\" data-element_type=\"widget\" data-widget_type=\"image.default\">\n\t\t\t\t<div class=\"elementor-widget-container\">\n\t\t\t\t\t\t\t\t\t\t\t\t\t\t\t\t<a href=\"https:\/\/www.politiv.co.il\/es\/product\/%D7%99%D7%A8%D7%99%D7%A2%D7%95%D7%AA-%D7%95%D7%A9%D7%A7%D7%99%D7%95%D7%AA-ffs\/\">\n\t\t\t\t\t\t\t<img decoding=\"async\" width=\"446\" height=\"320\" src=\"https:\/\/www.politiv.co.il\/wp-content\/uploads\/2019\/03\/115.jpg\" class=\"attachment-large size-large wp-image-3168\" alt=\"\" srcset=\"https:\/\/www.politiv.co.il\/wp-content\/uploads\/2019\/03\/115.jpg 446w, https:\/\/www.politiv.co.il\/wp-content\/uploads\/2019\/03\/115-300x215.jpg 300w\" sizes=\"(max-width: 446px) 100vw, 446px\" \/>\t\t\t\t\t\t\t\t<\/a>\n\t\t\t\t\t\t\t\t\t\t\t\t\t\t\t<\/div>\n\t\t\t\t<\/div>\n\t\t\t\t<div class=\"elementor-element elementor-element-4650391 elementor-widget elementor-widget-heading\" data-id=\"4650391\" data-element_type=\"widget\" data-widget_type=\"heading.default\">\n\t\t\t\t<div class=\"elementor-widget-container\">\n\t\t\t<h3 class=\"elementor-heading-title elementor-size-default\"><a href=\"https:\/\/www.politiv.co.il\/es\/product\/%D7%99%D7%A8%D7%99%D7%A2%D7%95%D7%AA-%D7%95%D7%A9%D7%A7%D7%99%D7%95%D7%AA-ffs\/\">Pel\u00edculas y bolsas FFS<\/a><\/h3>\t\t<\/div>\n\t\t\t\t<\/div>\n\t\t\t\t\t<\/div>\n\t\t<\/div>\n\t\t\t\t<div class=\"elementor-column elementor-col-33 elementor-top-column elementor-element elementor-element-c7ced24\" data-id=\"c7ced24\" data-element_type=\"column\">\n\t\t\t<div class=\"elementor-widget-wrap\">\n\t\t\t\t\t\t\t\t\t<\/div>\n\t\t<\/div>\n\t\t\t\t\t\t\t<\/div>\n\t\t<\/section>\n\t\t\t\t\t\t\t<\/div>\n\t\t","protected":false},"excerpt":{"rendered":"<p>Soluciones para la industria L\u00e1minas separadoras Bolsas Envoltorios Cubiertas para pallets Retractilado Pel\u00edculas de funda stretch Pel\u00edculas laminadas Pel\u00edculas y bolsas FFS<\/p>\n","protected":false},"author":2,"featured_media":0,"parent":3012,"menu_order":13,"comment_status":"closed","ping_status":"closed","template":"","meta":{"footnotes":""},"class_list":["post-3165","page","type-page","status-publish","hentry"],"acf":[],"yoast_head":"<!-- This site is optimized with the Yoast SEO plugin v21.8 - https:\/\/yoast.com\/wordpress\/plugins\/seo\/ -->\n<title>Soluciones para la industria - Politiv<\/title>\n<meta name=\"robots\" content=\"index, follow, max-snippet:-1, max-image-preview:large, max-video-preview:-1\" \/>\n<link rel=\"canonical\" href=\"https:\/\/www.politiv.co.il\/es\/productos\/soluciones-para-la-industria\/\" \/>\n<meta property=\"og:locale\" content=\"es_ES\" \/>\n<meta property=\"og:type\" content=\"article\" \/>\n<meta property=\"og:title\" content=\"Soluciones para la industria - Politiv\" \/>\n<meta property=\"og:description\" content=\"Soluciones para la industria L\u00e1minas separadoras Bolsas Envoltorios Cubiertas para pallets Retractilado Pel\u00edculas de funda stretch Pel\u00edculas laminadas Pel\u00edculas y bolsas FFS\" \/>\n<meta property=\"og:url\" content=\"https:\/\/www.politiv.co.il\/es\/productos\/soluciones-para-la-industria\/\" \/>\n<meta property=\"og:site_name\" content=\"Politiv\" \/>\n<meta property=\"article:publisher\" content=\"https:\/\/www.facebook.com\/a.a.politiv\/\" \/>\n<meta property=\"article:modified_time\" content=\"2021-08-22T09:53:38+00:00\" \/>\n<meta property=\"og:image\" content=\"https:\/\/www.politiv.co.il\/wp-content\/uploads\/elementor\/thumbs\/shrink2-o70y60euxjcvo4u1s3no1w114s5lf1w1k3660gqry8.jpg\" \/>\n<meta name=\"twitter:card\" content=\"summary_large_image\" \/>\n<script type=\"application\/ld+json\" class=\"yoast-schema-graph\">{\"@context\":\"https:\/\/schema.org\",\"@graph\":[{\"@type\":\"WebPage\",\"@id\":\"https:\/\/www.politiv.co.il\/es\/productos\/soluciones-para-la-industria\/\",\"url\":\"https:\/\/www.politiv.co.il\/es\/productos\/soluciones-para-la-industria\/\",\"name\":\"Soluciones para la industria - Politiv\",\"isPartOf\":{\"@id\":\"https:\/\/www.politiv.co.il\/es\/#website\"},\"datePublished\":\"2019-02-21T07:09:53+00:00\",\"dateModified\":\"2021-08-22T09:53:38+00:00\",\"breadcrumb\":{\"@id\":\"https:\/\/www.politiv.co.il\/es\/productos\/soluciones-para-la-industria\/#breadcrumb\"},\"inLanguage\":\"es\",\"potentialAction\":[{\"@type\":\"ReadAction\",\"target\":[\"https:\/\/www.politiv.co.il\/es\/productos\/soluciones-para-la-industria\/\"]}]},{\"@type\":\"BreadcrumbList\",\"@id\":\"https:\/\/www.politiv.co.il\/es\/productos\/soluciones-para-la-industria\/#breadcrumb\",\"itemListElement\":[{\"@type\":\"ListItem\",\"position\":1,\"name\":\"Home\",\"item\":\"https:\/\/www.politiv.co.il\/es\/\"},{\"@type\":\"ListItem\",\"position\":2,\"name\":\"Productos\",\"item\":\"https:\/\/www.politiv.co.il\/es\/productos\/\"},{\"@type\":\"ListItem\",\"position\":3,\"name\":\"Soluciones para la industria\"}]},{\"@type\":\"WebSite\",\"@id\":\"https:\/\/www.politiv.co.il\/es\/#website\",\"url\":\"https:\/\/www.politiv.co.il\/es\/\",\"name\":\"Politiv\",\"description\":\"Polyethylene for agriculture industry\",\"publisher\":{\"@id\":\"https:\/\/www.politiv.co.il\/es\/#organization\"},\"potentialAction\":[{\"@type\":\"SearchAction\",\"target\":{\"@type\":\"EntryPoint\",\"urlTemplate\":\"https:\/\/www.politiv.co.il\/es\/?s={search_term_string}\"},\"query-input\":\"required name=search_term_string\"}],\"inLanguage\":\"es\"},{\"@type\":\"Organization\",\"@id\":\"https:\/\/www.politiv.co.il\/es\/#organization\",\"name\":\"\u05d0.\u05d0. \u05e4\u05d5\u05dc\u05d9\u05d8\u05d9\u05d1 (1999) \u05d1\u05e2\\\"\u05de\",\"url\":\"https:\/\/www.politiv.co.il\/es\/\",\"logo\":{\"@type\":\"ImageObject\",\"inLanguage\":\"es\",\"@id\":\"https:\/\/www.politiv.co.il\/es\/#\/schema\/logo\/image\/\",\"url\":\"https:\/\/www.politiv.co.il\/wp-content\/uploads\/2019\/01\/home-header-logo.jpg\",\"contentUrl\":\"https:\/\/www.politiv.co.il\/wp-content\/uploads\/2019\/01\/home-header-logo.jpg\",\"width\":1920,\"height\":877,\"caption\":\"\u05d0.\u05d0. \u05e4\u05d5\u05dc\u05d9\u05d8\u05d9\u05d1 (1999) \u05d1\u05e2\\\"\u05de\"},\"image\":{\"@id\":\"https:\/\/www.politiv.co.il\/es\/#\/schema\/logo\/image\/\"},\"sameAs\":[\"https:\/\/www.facebook.com\/a.a.politiv\/\",\"https:\/\/www.instagram.com\/a.a.politiv\/\",\"https:\/\/www.linkedin.com\/company\/a-a-politiv\/\",\"https:\/\/www.youtube.com\/channel\/UCL0R1Do5A4zd984p8-UlE4A?view_as=subscriber\"]}]}<\/script>\n<!-- \/ Yoast SEO plugin. -->","yoast_head_json":{"title":"Soluciones para la industria - Politiv","robots":{"index":"index","follow":"follow","max-snippet":"max-snippet:-1","max-image-preview":"max-image-preview:large","max-video-preview":"max-video-preview:-1"},"canonical":"https:\/\/www.politiv.co.il\/es\/productos\/soluciones-para-la-industria\/","og_locale":"es_ES","og_type":"article","og_title":"Soluciones para la industria - Politiv","og_description":"Soluciones para la industria L\u00e1minas separadoras Bolsas Envoltorios Cubiertas para pallets Retractilado Pel\u00edculas de funda stretch Pel\u00edculas laminadas Pel\u00edculas y bolsas FFS","og_url":"https:\/\/www.politiv.co.il\/es\/productos\/soluciones-para-la-industria\/","og_site_name":"Politiv","article_publisher":"https:\/\/www.facebook.com\/a.a.politiv\/","article_modified_time":"2021-08-22T09:53:38+00:00","og_image":[{"url":"https:\/\/www.politiv.co.il\/wp-content\/uploads\/elementor\/thumbs\/shrink2-o70y60euxjcvo4u1s3no1w114s5lf1w1k3660gqry8.jpg"}],"twitter_card":"summary_large_image","schema":{"@context":"https:\/\/schema.org","@graph":[{"@type":"WebPage","@id":"https:\/\/www.politiv.co.il\/es\/productos\/soluciones-para-la-industria\/","url":"https:\/\/www.politiv.co.il\/es\/productos\/soluciones-para-la-industria\/","name":"Soluciones para la industria - Politiv","isPartOf":{"@id":"https:\/\/www.politiv.co.il\/es\/#website"},"datePublished":"2019-02-21T07:09:53+00:00","dateModified":"2021-08-22T09:53:38+00:00","breadcrumb":{"@id":"https:\/\/www.politiv.co.il\/es\/productos\/soluciones-para-la-industria\/#breadcrumb"},"inLanguage":"es","potentialAction":[{"@type":"ReadAction","target":["https:\/\/www.politiv.co.il\/es\/productos\/soluciones-para-la-industria\/"]}]},{"@type":"BreadcrumbList","@id":"https:\/\/www.politiv.co.il\/es\/productos\/soluciones-para-la-industria\/#breadcrumb","itemListElement":[{"@type":"ListItem","position":1,"name":"Home","item":"https:\/\/www.politiv.co.il\/es\/"},{"@type":"ListItem","position":2,"name":"Productos","item":"https:\/\/www.politiv.co.il\/es\/productos\/"},{"@type":"ListItem","position":3,"name":"Soluciones para la industria"}]},{"@type":"WebSite","@id":"https:\/\/www.politiv.co.il\/es\/#website","url":"https:\/\/www.politiv.co.il\/es\/","name":"Politiv","description":"Polyethylene for agriculture industry","publisher":{"@id":"https:\/\/www.politiv.co.il\/es\/#organization"},"potentialAction":[{"@type":"SearchAction","target":{"@type":"EntryPoint","urlTemplate":"https:\/\/www.politiv.co.il\/es\/?s={search_term_string}"},"query-input":"required name=search_term_string"}],"inLanguage":"es"},{"@type":"Organization","@id":"https:\/\/www.politiv.co.il\/es\/#organization","name":"\u05d0.\u05d0. \u05e4\u05d5\u05dc\u05d9\u05d8\u05d9\u05d1 (1999) \u05d1\u05e2\"\u05de","url":"https:\/\/www.politiv.co.il\/es\/","logo":{"@type":"ImageObject","inLanguage":"es","@id":"https:\/\/www.politiv.co.il\/es\/#\/schema\/logo\/image\/","url":"https:\/\/www.politiv.co.il\/wp-content\/uploads\/2019\/01\/home-header-logo.jpg","contentUrl":"https:\/\/www.politiv.co.il\/wp-content\/uploads\/2019\/01\/home-header-logo.jpg","width":1920,"height":877,"caption":"\u05d0.\u05d0. \u05e4\u05d5\u05dc\u05d9\u05d8\u05d9\u05d1 (1999) \u05d1\u05e2\"\u05de"},"image":{"@id":"https:\/\/www.politiv.co.il\/es\/#\/schema\/logo\/image\/"},"sameAs":["https:\/\/www.facebook.com\/a.a.politiv\/","https:\/\/www.instagram.com\/a.a.politiv\/","https:\/\/www.linkedin.com\/company\/a-a-politiv\/","https:\/\/www.youtube.com\/channel\/UCL0R1Do5A4zd984p8-UlE4A?view_as=subscriber"]}]}},"_links":{"self":[{"href":"https:\/\/www.politiv.co.il\/es\/wp-json\/wp\/v2\/pages\/3165","targetHints":{"allow":["GET"]}}],"collection":[{"href":"https:\/\/www.politiv.co.il\/es\/wp-json\/wp\/v2\/pages"}],"about":[{"href":"https:\/\/www.politiv.co.il\/es\/wp-json\/wp\/v2\/types\/page"}],"author":[{"embeddable":true,"href":"https:\/\/www.politiv.co.il\/es\/wp-json\/wp\/v2\/users\/2"}],"replies":[{"embeddable":true,"href":"https:\/\/www.politiv.co.il\/es\/wp-json\/wp\/v2\/comments?post=3165"}],"version-history":[{"count":17,"href":"https:\/\/www.politiv.co.il\/es\/wp-json\/wp\/v2\/pages\/3165\/revisions"}],"predecessor-version":[{"id":6353,"href":"https:\/\/www.politiv.co.il\/es\/wp-json\/wp\/v2\/pages\/3165\/revisions\/6353"}],"up":[{"embeddable":true,"href":"https:\/\/www.politiv.co.il\/es\/wp-json\/wp\/v2\/pages\/3012"}],"wp:attachment":[{"href":"https:\/\/www.politiv.co.il\/es\/wp-json\/wp\/v2\/media?parent=3165"}],"curies":[{"name":"wp","href":"https:\/\/api.w.org\/{rel}","templated":true}]}}