{"id":3407,"date":"2019-01-15T17:22:56","date_gmt":"2019-01-15T15:22:56","guid":{"rendered":"https:\/\/www.politiv.co.il\/%d7%9e%d7%90%d7%9e%d7%a8%d7%99%d7%9d\/"},"modified":"2021-08-22T12:50:08","modified_gmt":"2021-08-22T09:50:08","slug":"articles","status":"publish","type":"page","link":"https:\/\/www.politiv.co.il\/es\/articles\/","title":{"rendered":"Articles"},"content":{"rendered":"\t\t<div data-elementor-type=\"wp-post\" data-elementor-id=\"3407\" class=\"elementor elementor-3407 elementor-1330\" data-elementor-post-type=\"page\">\n\t\t\t\t\t\t\t\t\t<section class=\"elementor-section elementor-top-section elementor-element elementor-element-2081c8d elementor-section-boxed elementor-section-height-default elementor-section-height-default\" data-id=\"2081c8d\" data-element_type=\"section\">\n\t\t\t\t\t\t<div class=\"elementor-container elementor-column-gap-default\">\n\t\t\t\t\t<div class=\"elementor-column elementor-col-100 elementor-top-column elementor-element elementor-element-1423245\" data-id=\"1423245\" data-element_type=\"column\">\n\t\t\t<div class=\"elementor-widget-wrap elementor-element-populated\">\n\t\t\t\t\t\t\t\t<div class=\"elementor-element elementor-element-b346a30 elementor-grid-1 elementor-posts--thumbnail-left elementor-grid-tablet-2 elementor-grid-mobile-1 elementor-widget elementor-widget-posts\" data-id=\"b346a30\" data-element_type=\"widget\" data-settings=\"{&quot;classic_columns&quot;:&quot;1&quot;,&quot;classic_columns_tablet&quot;:&quot;2&quot;,&quot;classic_columns_mobile&quot;:&quot;1&quot;,&quot;classic_row_gap&quot;:{&quot;unit&quot;:&quot;px&quot;,&quot;size&quot;:35,&quot;sizes&quot;:[]},&quot;classic_row_gap_tablet&quot;:{&quot;unit&quot;:&quot;px&quot;,&quot;size&quot;:&quot;&quot;,&quot;sizes&quot;:[]},&quot;classic_row_gap_mobile&quot;:{&quot;unit&quot;:&quot;px&quot;,&quot;size&quot;:&quot;&quot;,&quot;sizes&quot;:[]}}\" data-widget_type=\"posts.classic\">\n\t\t\t\t<div class=\"elementor-widget-container\">\n\t\t\t\t\t<div class=\"elementor-posts-container elementor-posts elementor-posts--skin-classic elementor-grid\">\n\t\t\t\t<article class=\"elementor-post elementor-grid-item post-6541 post type-post status-publish format-standard hentry category-1\">\n\t\t\t\t<div class=\"elementor-post__text\">\n\t\t\t\t<h3 class=\"elementor-post__title\">\n\t\t\t<a href=\"https:\/\/www.politiv.co.il\/es\/light-plants-in-the-hydroponic-greenhouses\/\" >\n\t\t\t\tLas plantas y la luz en los Invernaderos hidrop\u00f3nicos\t\t\t<\/a>\n\t\t<\/h3>\n\t\t\t\t<div class=\"elementor-post__excerpt\">\n\t\t\t<p>RFA y curva de respuesta de las plantas Al igual que los seres humanos necesitamos una alimentaci\u00f3n balanceada, las plantas necesitan luz balanceada de espectro<\/p>\n\t\t<\/div>\n\t\t\n\t\t<a class=\"elementor-post__read-more\" href=\"https:\/\/www.politiv.co.il\/es\/light-plants-in-the-hydroponic-greenhouses\/\" aria-label=\"M\u00e1s informaci\u00f3n sobre Las plantas y la luz en los Invernaderos hidrop\u00f3nicos\" tabindex=\"-1\" >\n\t\t\tLeer m\u00e1s \u00bb\t\t<\/a>\n\n\t\t\t\t<\/div>\n\t\t\t\t<\/article>\n\t\t\t\t<article class=\"elementor-post elementor-grid-item post-5107 post type-post status-publish format-standard has-post-thumbnail hentry category-1\">\n\t\t\t\t<a class=\"elementor-post__thumbnail__link\" href=\"https:\/\/www.politiv.co.il\/es\/you-are-my-sunshine\/\" tabindex=\"-1\" >\n\t\t\t<div class=\"elementor-post__thumbnail\"><img fetchpriority=\"high\" decoding=\"async\" width=\"300\" height=\"221\" src=\"https:\/\/www.politiv.co.il\/wp-content\/uploads\/2020\/09\/YOU-ARE-MY-SUNSHINE-300x221.jpg\" class=\"attachment-medium size-medium wp-image-5111\" alt=\"\" srcset=\"https:\/\/www.politiv.co.il\/wp-content\/uploads\/2020\/09\/YOU-ARE-MY-SUNSHINE-300x221.jpg 300w, https:\/\/www.politiv.co.il\/wp-content\/uploads\/2020\/09\/YOU-ARE-MY-SUNSHINE-768x567.jpg 768w, https:\/\/www.politiv.co.il\/wp-content\/uploads\/2020\/09\/YOU-ARE-MY-SUNSHINE.jpg 1024w\" sizes=\"(max-width: 300px) 100vw, 300px\" \/><\/div>\n\t\t<\/a>\n\t\t\t\t<div class=\"elementor-post__text\">\n\t\t\t\t<h3 class=\"elementor-post__title\">\n\t\t\t<a href=\"https:\/\/www.politiv.co.il\/es\/you-are-my-sunshine\/\" >\n\t\t\t\tYou are my sunshine, my only sunshine\t\t\t<\/a>\n\t\t<\/h3>\n\t\t\t\t<div class=\"elementor-post__excerpt\">\n\t\t\t<p>Light The main source of light on Earth is the Sun. Sunlight provides the energy that green plants use to create sugars mostly in the<\/p>\n\t\t<\/div>\n\t\t\n\t\t<a class=\"elementor-post__read-more\" href=\"https:\/\/www.politiv.co.il\/es\/you-are-my-sunshine\/\" aria-label=\"M\u00e1s informaci\u00f3n sobre You are my sunshine, my only sunshine\" tabindex=\"-1\" >\n\t\t\tLeer m\u00e1s \u00bb\t\t<\/a>\n\n\t\t\t\t<\/div>\n\t\t\t\t<\/article>\n\t\t\t\t<article class=\"elementor-post elementor-grid-item post-4716 post type-post status-publish format-standard has-post-thumbnail hentry category-1\">\n\t\t\t\t<a class=\"elementor-post__thumbnail__link\" href=\"https:\/\/www.politiv.co.il\/es\/diamond-by-politiv\/\" tabindex=\"-1\" >\n\t\t\t<div class=\"elementor-post__thumbnail\"><img decoding=\"async\" width=\"300\" height=\"221\" src=\"https:\/\/www.politiv.co.il\/wp-content\/uploads\/2020\/05\/Diamond-by-Politiv1-300x221.jpg\" class=\"attachment-medium size-medium wp-image-4775\" alt=\"\" srcset=\"https:\/\/www.politiv.co.il\/wp-content\/uploads\/2020\/05\/Diamond-by-Politiv1-300x221.jpg 300w, https:\/\/www.politiv.co.il\/wp-content\/uploads\/2020\/05\/Diamond-by-Politiv1-768x567.jpg 768w, https:\/\/www.politiv.co.il\/wp-content\/uploads\/2020\/05\/Diamond-by-Politiv1.jpg 1024w\" sizes=\"(max-width: 300px) 100vw, 300px\" \/><\/div>\n\t\t<\/a>\n\t\t\t\t<div class=\"elementor-post__text\">\n\t\t\t\t<h3 class=\"elementor-post__title\">\n\t\t\t<a href=\"https:\/\/www.politiv.co.il\/es\/diamond-by-politiv\/\" >\n\t\t\t\tDiamond by Politiv\t\t\t<\/a>\n\t\t<\/h3>\n\t\t\t\t<div class=\"elementor-post__excerpt\">\n\t\t\t<p>Followed by a significant R&amp;D efforts, production and field trails, Politiv launched in 2015 a new revolutionary line of\u00a0hydroponic\u00a0films \u2013 Diamond\u00ae. Its main features are:<\/p>\n\t\t<\/div>\n\t\t\n\t\t<a class=\"elementor-post__read-more\" href=\"https:\/\/www.politiv.co.il\/es\/diamond-by-politiv\/\" aria-label=\"M\u00e1s informaci\u00f3n sobre Diamond by Politiv\" tabindex=\"-1\" >\n\t\t\tLeer m\u00e1s \u00bb\t\t<\/a>\n\n\t\t\t\t<\/div>\n\t\t\t\t<\/article>\n\t\t\t\t<article class=\"elementor-post elementor-grid-item post-3714 post type-post status-publish format-standard has-post-thumbnail hentry category-1\">\n\t\t\t\t<a class=\"elementor-post__thumbnail__link\" href=\"https:\/\/www.politiv.co.il\/es\/solar-radiation-and-its-effect\/\" tabindex=\"-1\" >\n\t\t\t<div class=\"elementor-post__thumbnail\"><img decoding=\"async\" width=\"224\" height=\"300\" src=\"https:\/\/www.politiv.co.il\/wp-content\/uploads\/2018\/12\/untitled6-224x300.png\" class=\"attachment-medium size-medium wp-image-3715\" alt=\"\" \/><\/div>\n\t\t<\/a>\n\t\t\t\t<div class=\"elementor-post__text\">\n\t\t\t\t<h3 class=\"elementor-post__title\">\n\t\t\t<a href=\"https:\/\/www.politiv.co.il\/es\/solar-radiation-and-its-effect\/\" >\n\t\t\t\tSolar radiation and its effect\t\t\t<\/a>\n\t\t<\/h3>\n\t\t\t\t<div class=\"elementor-post__excerpt\">\n\t\t\t<p>Solar radiation and its effect Solar radiation reaches the earth as a wide spectrum, 250 nm &#8211; 2800 nm. As can be seen in the<\/p>\n\t\t<\/div>\n\t\t\n\t\t<a class=\"elementor-post__read-more\" href=\"https:\/\/www.politiv.co.il\/es\/solar-radiation-and-its-effect\/\" aria-label=\"M\u00e1s informaci\u00f3n sobre Solar radiation and its effect\" tabindex=\"-1\" >\n\t\t\tLeer m\u00e1s \u00bb\t\t<\/a>\n\n\t\t\t\t<\/div>\n\t\t\t\t<\/article>\n\t\t\t\t<article class=\"elementor-post elementor-grid-item post-3721 post type-post status-publish format-standard has-post-thumbnail hentry category-1\">\n\t\t\t\t<a class=\"elementor-post__thumbnail__link\" href=\"https:\/\/www.politiv.co.il\/es\/%d7%a4%d7%95%d7%9c%d7%99%d7%98%d7%99%d7%91-%d7%9e%d7%90%d7%9e%d7%a8\/\" tabindex=\"-1\" >\n\t\t\t<div class=\"elementor-post__thumbnail\"><img loading=\"lazy\" decoding=\"async\" width=\"300\" height=\"225\" src=\"https:\/\/www.politiv.co.il\/wp-content\/uploads\/2018\/11\/Photo-1-2013-13-1-300x225.jpg\" class=\"attachment-medium size-medium wp-image-3670\" alt=\"\" srcset=\"https:\/\/www.politiv.co.il\/wp-content\/uploads\/2018\/11\/Photo-1-2013-13-1-300x225.jpg 300w, https:\/\/www.politiv.co.il\/wp-content\/uploads\/2018\/11\/Photo-1-2013-13-1-768x576.jpg 768w, https:\/\/www.politiv.co.il\/wp-content\/uploads\/2018\/11\/Photo-1-2013-13-1-1024x768.jpg 1024w, https:\/\/www.politiv.co.il\/wp-content\/uploads\/2018\/11\/Photo-1-2013-13-1.jpg 1632w\" sizes=\"(max-width: 300px) 100vw, 300px\" \/><\/div>\n\t\t<\/a>\n\t\t\t\t<div class=\"elementor-post__text\">\n\t\t\t\t<h3 class=\"elementor-post__title\">\n\t\t\t<a href=\"https:\/\/www.politiv.co.il\/es\/%d7%a4%d7%95%d7%9c%d7%99%d7%98%d7%99%d7%91-%d7%9e%d7%90%d7%9e%d7%a8\/\" >\n\t\t\t\tPAR and Plant Response Curve\t\t\t<\/a>\n\t\t<\/h3>\n\t\t\t\t<div class=\"elementor-post__excerpt\">\n\t\t\t<p>PAR and Plant Response Curve Just as humans need a balanced diet, plants need balanced, full-spectrum light for good health and optimum growth. The quality<\/p>\n\t\t<\/div>\n\t\t\n\t\t<a class=\"elementor-post__read-more\" href=\"https:\/\/www.politiv.co.il\/es\/%d7%a4%d7%95%d7%9c%d7%99%d7%98%d7%99%d7%91-%d7%9e%d7%90%d7%9e%d7%a8\/\" aria-label=\"M\u00e1s informaci\u00f3n sobre PAR and Plant Response Curve\" tabindex=\"-1\" >\n\t\t\tLeer m\u00e1s \u00bb\t\t<\/a>\n\n\t\t\t\t<\/div>\n\t\t\t\t<\/article>\n\t\t\t\t<article class=\"elementor-post elementor-grid-item post-3723 post type-post status-publish format-standard has-post-thumbnail hentry category-1\">\n\t\t\t\t<a class=\"elementor-post__thumbnail__link\" href=\"https:\/\/www.politiv.co.il\/es\/%d7%92%d7%9b%d7%92%d7%9b%d7%92%d7%9b-3\/\" tabindex=\"-1\" >\n\t\t\t<div class=\"elementor-post__thumbnail\"><img loading=\"lazy\" decoding=\"async\" width=\"300\" height=\"221\" src=\"https:\/\/www.politiv.co.il\/wp-content\/uploads\/2018\/11\/Tapsa1-1-300x221.jpg\" class=\"attachment-medium size-medium wp-image-3671\" alt=\"\" srcset=\"https:\/\/www.politiv.co.il\/wp-content\/uploads\/2018\/11\/Tapsa1-1-300x221.jpg 300w, https:\/\/www.politiv.co.il\/wp-content\/uploads\/2018\/11\/Tapsa1-1-768x567.jpg 768w, https:\/\/www.politiv.co.il\/wp-content\/uploads\/2018\/11\/Tapsa1-1-1024x756.jpg 1024w, https:\/\/www.politiv.co.il\/wp-content\/uploads\/2018\/11\/Tapsa1-1.jpg 1089w\" sizes=\"(max-width: 300px) 100vw, 300px\" \/><\/div>\n\t\t<\/a>\n\t\t\t\t<div class=\"elementor-post__text\">\n\t\t\t\t<h3 class=\"elementor-post__title\">\n\t\t\t<a href=\"https:\/\/www.politiv.co.il\/es\/%d7%92%d7%9b%d7%92%d7%9b%d7%92%d7%9b-3\/\" >\n\t\t\t\tDiamond films\t\t\t<\/a>\n\t\t<\/h3>\n\t\t\t\t<div class=\"elementor-post__excerpt\">\n\t\t\t<p>Diamond films PAR and Plant Response Curve Plants need balanced, full-spectrum light for good health and optimum growth. The quality of light a plant receives<\/p>\n\t\t<\/div>\n\t\t\n\t\t<a class=\"elementor-post__read-more\" href=\"https:\/\/www.politiv.co.il\/es\/%d7%92%d7%9b%d7%92%d7%9b%d7%92%d7%9b-3\/\" aria-label=\"M\u00e1s informaci\u00f3n sobre Diamond films\" tabindex=\"-1\" >\n\t\t\tLeer m\u00e1s \u00bb\t\t<\/a>\n\n\t\t\t\t<\/div>\n\t\t\t\t<\/article>\n\t\t\t\t<\/div>\n\t\t\n\t\t\t\t<\/div>\n\t\t\t\t<\/div>\n\t\t\t\t\t<\/div>\n\t\t<\/div>\n\t\t\t\t\t\t\t<\/div>\n\t\t<\/section>\n\t\t\t\t\t\t\t<\/div>\n\t\t","protected":false},"excerpt":{"rendered":"","protected":false},"author":2,"featured_media":0,"parent":0,"menu_order":15,"comment_status":"closed","ping_status":"closed","template":"","meta":{"footnotes":""},"class_list":["post-3407","page","type-page","status-publish","hentry"],"acf":[],"yoast_head":"<!-- This site is optimized with the Yoast SEO plugin v21.8 - https:\/\/yoast.com\/wordpress\/plugins\/seo\/ -->\n<title>Articles - Politiv<\/title>\n<meta name=\"robots\" content=\"index, follow, max-snippet:-1, max-image-preview:large, max-video-preview:-1\" \/>\n<link rel=\"canonical\" href=\"https:\/\/www.politiv.co.il\/es\/articles\/\" \/>\n<meta property=\"og:locale\" content=\"es_ES\" \/>\n<meta property=\"og:type\" content=\"article\" \/>\n<meta property=\"og:title\" content=\"Articles - Politiv\" \/>\n<meta property=\"og:url\" content=\"https:\/\/www.politiv.co.il\/es\/articles\/\" \/>\n<meta property=\"og:site_name\" content=\"Politiv\" \/>\n<meta property=\"article:publisher\" content=\"https:\/\/www.facebook.com\/a.a.politiv\/\" \/>\n<meta property=\"article:modified_time\" content=\"2021-08-22T09:50:08+00:00\" \/>\n<meta name=\"twitter:card\" content=\"summary_large_image\" \/>\n<script type=\"application\/ld+json\" class=\"yoast-schema-graph\">{\"@context\":\"https:\/\/schema.org\",\"@graph\":[{\"@type\":\"WebPage\",\"@id\":\"https:\/\/www.politiv.co.il\/es\/articles\/\",\"url\":\"https:\/\/www.politiv.co.il\/es\/articles\/\",\"name\":\"Articles - Politiv\",\"isPartOf\":{\"@id\":\"https:\/\/www.politiv.co.il\/es\/#website\"},\"datePublished\":\"2019-01-15T15:22:56+00:00\",\"dateModified\":\"2021-08-22T09:50:08+00:00\",\"breadcrumb\":{\"@id\":\"https:\/\/www.politiv.co.il\/es\/articles\/#breadcrumb\"},\"inLanguage\":\"es\",\"potentialAction\":[{\"@type\":\"ReadAction\",\"target\":[\"https:\/\/www.politiv.co.il\/es\/articles\/\"]}]},{\"@type\":\"BreadcrumbList\",\"@id\":\"https:\/\/www.politiv.co.il\/es\/articles\/#breadcrumb\",\"itemListElement\":[{\"@type\":\"ListItem\",\"position\":1,\"name\":\"Home\",\"item\":\"https:\/\/www.politiv.co.il\/es\/\"},{\"@type\":\"ListItem\",\"position\":2,\"name\":\"Articles\"}]},{\"@type\":\"WebSite\",\"@id\":\"https:\/\/www.politiv.co.il\/es\/#website\",\"url\":\"https:\/\/www.politiv.co.il\/es\/\",\"name\":\"Politiv\",\"description\":\"Polyethylene for agriculture industry\",\"publisher\":{\"@id\":\"https:\/\/www.politiv.co.il\/es\/#organization\"},\"potentialAction\":[{\"@type\":\"SearchAction\",\"target\":{\"@type\":\"EntryPoint\",\"urlTemplate\":\"https:\/\/www.politiv.co.il\/es\/?s={search_term_string}\"},\"query-input\":\"required name=search_term_string\"}],\"inLanguage\":\"es\"},{\"@type\":\"Organization\",\"@id\":\"https:\/\/www.politiv.co.il\/es\/#organization\",\"name\":\"\u05d0.\u05d0. \u05e4\u05d5\u05dc\u05d9\u05d8\u05d9\u05d1 (1999) \u05d1\u05e2\\\"\u05de\",\"url\":\"https:\/\/www.politiv.co.il\/es\/\",\"logo\":{\"@type\":\"ImageObject\",\"inLanguage\":\"es\",\"@id\":\"https:\/\/www.politiv.co.il\/es\/#\/schema\/logo\/image\/\",\"url\":\"https:\/\/www.politiv.co.il\/wp-content\/uploads\/2019\/01\/home-header-logo.jpg\",\"contentUrl\":\"https:\/\/www.politiv.co.il\/wp-content\/uploads\/2019\/01\/home-header-logo.jpg\",\"width\":1920,\"height\":877,\"caption\":\"\u05d0.\u05d0. \u05e4\u05d5\u05dc\u05d9\u05d8\u05d9\u05d1 (1999) \u05d1\u05e2\\\"\u05de\"},\"image\":{\"@id\":\"https:\/\/www.politiv.co.il\/es\/#\/schema\/logo\/image\/\"},\"sameAs\":[\"https:\/\/www.facebook.com\/a.a.politiv\/\",\"https:\/\/www.instagram.com\/a.a.politiv\/\",\"https:\/\/www.linkedin.com\/company\/a-a-politiv\/\",\"https:\/\/www.youtube.com\/channel\/UCL0R1Do5A4zd984p8-UlE4A?view_as=subscriber\"]}]}<\/script>\n<!-- \/ Yoast SEO plugin. -->","yoast_head_json":{"title":"Articles - Politiv","robots":{"index":"index","follow":"follow","max-snippet":"max-snippet:-1","max-image-preview":"max-image-preview:large","max-video-preview":"max-video-preview:-1"},"canonical":"https:\/\/www.politiv.co.il\/es\/articles\/","og_locale":"es_ES","og_type":"article","og_title":"Articles - Politiv","og_url":"https:\/\/www.politiv.co.il\/es\/articles\/","og_site_name":"Politiv","article_publisher":"https:\/\/www.facebook.com\/a.a.politiv\/","article_modified_time":"2021-08-22T09:50:08+00:00","twitter_card":"summary_large_image","schema":{"@context":"https:\/\/schema.org","@graph":[{"@type":"WebPage","@id":"https:\/\/www.politiv.co.il\/es\/articles\/","url":"https:\/\/www.politiv.co.il\/es\/articles\/","name":"Articles - Politiv","isPartOf":{"@id":"https:\/\/www.politiv.co.il\/es\/#website"},"datePublished":"2019-01-15T15:22:56+00:00","dateModified":"2021-08-22T09:50:08+00:00","breadcrumb":{"@id":"https:\/\/www.politiv.co.il\/es\/articles\/#breadcrumb"},"inLanguage":"es","potentialAction":[{"@type":"ReadAction","target":["https:\/\/www.politiv.co.il\/es\/articles\/"]}]},{"@type":"BreadcrumbList","@id":"https:\/\/www.politiv.co.il\/es\/articles\/#breadcrumb","itemListElement":[{"@type":"ListItem","position":1,"name":"Home","item":"https:\/\/www.politiv.co.il\/es\/"},{"@type":"ListItem","position":2,"name":"Articles"}]},{"@type":"WebSite","@id":"https:\/\/www.politiv.co.il\/es\/#website","url":"https:\/\/www.politiv.co.il\/es\/","name":"Politiv","description":"Polyethylene for agriculture industry","publisher":{"@id":"https:\/\/www.politiv.co.il\/es\/#organization"},"potentialAction":[{"@type":"SearchAction","target":{"@type":"EntryPoint","urlTemplate":"https:\/\/www.politiv.co.il\/es\/?s={search_term_string}"},"query-input":"required name=search_term_string"}],"inLanguage":"es"},{"@type":"Organization","@id":"https:\/\/www.politiv.co.il\/es\/#organization","name":"\u05d0.\u05d0. \u05e4\u05d5\u05dc\u05d9\u05d8\u05d9\u05d1 (1999) \u05d1\u05e2\"\u05de","url":"https:\/\/www.politiv.co.il\/es\/","logo":{"@type":"ImageObject","inLanguage":"es","@id":"https:\/\/www.politiv.co.il\/es\/#\/schema\/logo\/image\/","url":"https:\/\/www.politiv.co.il\/wp-content\/uploads\/2019\/01\/home-header-logo.jpg","contentUrl":"https:\/\/www.politiv.co.il\/wp-content\/uploads\/2019\/01\/home-header-logo.jpg","width":1920,"height":877,"caption":"\u05d0.\u05d0. \u05e4\u05d5\u05dc\u05d9\u05d8\u05d9\u05d1 (1999) \u05d1\u05e2\"\u05de"},"image":{"@id":"https:\/\/www.politiv.co.il\/es\/#\/schema\/logo\/image\/"},"sameAs":["https:\/\/www.facebook.com\/a.a.politiv\/","https:\/\/www.instagram.com\/a.a.politiv\/","https:\/\/www.linkedin.com\/company\/a-a-politiv\/","https:\/\/www.youtube.com\/channel\/UCL0R1Do5A4zd984p8-UlE4A?view_as=subscriber"]}]}},"_links":{"self":[{"href":"https:\/\/www.politiv.co.il\/es\/wp-json\/wp\/v2\/pages\/3407","targetHints":{"allow":["GET"]}}],"collection":[{"href":"https:\/\/www.politiv.co.il\/es\/wp-json\/wp\/v2\/pages"}],"about":[{"href":"https:\/\/www.politiv.co.il\/es\/wp-json\/wp\/v2\/types\/page"}],"author":[{"embeddable":true,"href":"https:\/\/www.politiv.co.il\/es\/wp-json\/wp\/v2\/users\/2"}],"replies":[{"embeddable":true,"href":"https:\/\/www.politiv.co.il\/es\/wp-json\/wp\/v2\/comments?post=3407"}],"version-history":[{"count":3,"href":"https:\/\/www.politiv.co.il\/es\/wp-json\/wp\/v2\/pages\/3407\/revisions"}],"predecessor-version":[{"id":4095,"href":"https:\/\/www.politiv.co.il\/es\/wp-json\/wp\/v2\/pages\/3407\/revisions\/4095"}],"wp:attachment":[{"href":"https:\/\/www.politiv.co.il\/es\/wp-json\/wp\/v2\/media?parent=3407"}],"curies":[{"name":"wp","href":"https:\/\/api.w.org\/{rel}","templated":true}]}}