{"id":3440,"date":"2018-11-28T08:44:10","date_gmt":"2018-11-28T06:44:10","guid":{"rendered":"https:\/\/www.politiv.co.il\/%d7%94%d7%95%d7%a8%d7%90%d7%95%d7%aa-%d7%a4%d7%a8%d7%99%d7%a1%d7%94\/"},"modified":"2021-08-22T12:52:35","modified_gmt":"2021-08-22T09:52:35","slug":"instrucciones-de-colocacion-de-peliculas-ir","status":"publish","type":"page","link":"https:\/\/www.politiv.co.il\/es\/instrucciones-de-colocacion-de-peliculas-ir\/","title":{"rendered":"Instrucciones de colocaci\u00f3n de pel\u00edculas IR"},"content":{"rendered":"<p style=\"text-align: left;\">Las pel\u00edculas IR contienen aditivos contra la niebla (aditivos que previenen el goteo) se producen en m\u00e1quinas de pel\u00edculas m\u00faltiples gracias a la composici\u00f3n \u00fanica de cada pel\u00edcula, donde cada una de ellas tiene una funci\u00f3n distinta. Algunos estudios muestras que cuando se instala correctamente una pel\u00edcula IR, acelera la tasa de crecimiento de los cultivo y las cosechas son mayores que con una pel\u00edcula sin dichos aditivos.<\/p>\n<p style=\"text-align: left;\">Para obtener el m\u00e1ximo efecto de las pel\u00edculas antiniebla, tome en consideraci\u00f3n los puntos a continuaci\u00f3n:<\/p>\n<ol style=\"text-align: left;\">\n<li>El invernadero \/ techo del t\u00fanel debe tener una inclinaci\u00f3n m\u00ednima de 15 grados. La pendiente \u00f3ptima debe ser mayor a los 30 grados. Si el techo no tiene la inclinaci\u00f3n necesaria, la pel\u00edcula de agua que se forma encima no podr\u00e1 chorrear hacia los lados y caer sobre las plantas.<\/li>\n<li>La pel\u00edcula debe instalarse tan pronto como sea posible tras haber sido comprada. Si la pel\u00edcula no se coloca inmediatamente, debe almacenarse en un lugar con sombra, en una temperatura que no rebase los 30 grados. De no hacerse as\u00ed, se reducir\u00e1 su vida \u00fatil.<\/li>\n<li>Puede haber problemas en estructuras con cables de soporte debido a que los cables pueden obstruir los chorros de agua cuando caen. En dichas estructuras se debe mantener el n\u00famero de cables al m\u00ednimo. Los cables que queden deben instalarse de modo que no obstruyan los chorros de agua que caen.<\/li>\n<li>Las l\u00e1minas deben colocarse con su lado exterior (lado 1) hacia las plantas, hacia dentro del invernadero, mientras que el lado 2 debe mirar hacia el cielo. Vea la siguiente figura.<\/li>\n<\/ol>\n<p style=\"text-align: left;\"><img fetchpriority=\"high\" decoding=\"async\" src=\"https:\/\/www.politiv.co.il\/wp-content\/uploads\/2018\/11\/\u05d4\u05d5\u05e8\u05d0\u05d5\u05ea_\u05e4\u05e8\u05d9\u05e1\u05d4_1.jpg\" alt=\"\" width=\"1043\" height=\"347\" \/><\/p>\n<p style=\"text-align: left;\">\n","protected":false},"excerpt":{"rendered":"<p>Las pel\u00edculas IR contienen aditivos contra la niebla (aditivos que previenen el goteo) se producen en m\u00e1quinas de pel\u00edculas m\u00faltiples gracias a la composici\u00f3n \u00fanica de cada pel\u00edcula, donde cada una de ellas tiene una funci\u00f3n distinta. Algunos estudios muestras que cuando se instala correctamente una pel\u00edcula IR, acelera la tasa de crecimiento de los [&hellip;]<\/p>\n","protected":false},"author":2,"featured_media":0,"parent":0,"menu_order":65,"comment_status":"closed","ping_status":"closed","template":"","meta":{"footnotes":""},"class_list":["post-3440","page","type-page","status-publish","hentry"],"acf":[],"yoast_head":"<!-- This site is optimized with the Yoast SEO plugin v21.8 - https:\/\/yoast.com\/wordpress\/plugins\/seo\/ -->\n<title>Instrucciones de colocaci\u00f3n de pel\u00edculas IR - Politiv<\/title>\n<meta name=\"robots\" content=\"index, follow, max-snippet:-1, max-image-preview:large, max-video-preview:-1\" \/>\n<link rel=\"canonical\" href=\"https:\/\/www.politiv.co.il\/es\/instrucciones-de-colocacion-de-peliculas-ir\/\" \/>\n<meta property=\"og:locale\" content=\"es_ES\" \/>\n<meta property=\"og:type\" content=\"article\" \/>\n<meta property=\"og:title\" content=\"Instrucciones de colocaci\u00f3n de pel\u00edculas IR - Politiv\" \/>\n<meta property=\"og:description\" content=\"Las pel\u00edculas IR contienen aditivos contra la niebla (aditivos que previenen el goteo) se producen en m\u00e1quinas de pel\u00edculas m\u00faltiples gracias a la composici\u00f3n \u00fanica de cada pel\u00edcula, donde cada una de ellas tiene una funci\u00f3n distinta. Algunos estudios muestras que cuando se instala correctamente una pel\u00edcula IR, acelera la tasa de crecimiento de los [&hellip;]\" \/>\n<meta property=\"og:url\" content=\"https:\/\/www.politiv.co.il\/es\/instrucciones-de-colocacion-de-peliculas-ir\/\" \/>\n<meta property=\"og:site_name\" content=\"Politiv\" \/>\n<meta property=\"article:publisher\" content=\"https:\/\/www.facebook.com\/a.a.politiv\/\" \/>\n<meta property=\"article:modified_time\" content=\"2021-08-22T09:52:35+00:00\" \/>\n<meta name=\"twitter:card\" content=\"summary_large_image\" \/>\n<meta name=\"twitter:label1\" content=\"Tiempo de lectura\" \/>\n\t<meta name=\"twitter:data1\" content=\"1 minuto\" \/>\n<script type=\"application\/ld+json\" class=\"yoast-schema-graph\">{\"@context\":\"https:\/\/schema.org\",\"@graph\":[{\"@type\":\"WebPage\",\"@id\":\"https:\/\/www.politiv.co.il\/es\/instrucciones-de-colocacion-de-peliculas-ir\/\",\"url\":\"https:\/\/www.politiv.co.il\/es\/instrucciones-de-colocacion-de-peliculas-ir\/\",\"name\":\"Instrucciones de colocaci\u00f3n de pel\u00edculas IR - Politiv\",\"isPartOf\":{\"@id\":\"https:\/\/www.politiv.co.il\/es\/#website\"},\"datePublished\":\"2018-11-28T06:44:10+00:00\",\"dateModified\":\"2021-08-22T09:52:35+00:00\",\"breadcrumb\":{\"@id\":\"https:\/\/www.politiv.co.il\/es\/instrucciones-de-colocacion-de-peliculas-ir\/#breadcrumb\"},\"inLanguage\":\"es\",\"potentialAction\":[{\"@type\":\"ReadAction\",\"target\":[\"https:\/\/www.politiv.co.il\/es\/instrucciones-de-colocacion-de-peliculas-ir\/\"]}]},{\"@type\":\"BreadcrumbList\",\"@id\":\"https:\/\/www.politiv.co.il\/es\/instrucciones-de-colocacion-de-peliculas-ir\/#breadcrumb\",\"itemListElement\":[{\"@type\":\"ListItem\",\"position\":1,\"name\":\"Home\",\"item\":\"https:\/\/www.politiv.co.il\/es\/\"},{\"@type\":\"ListItem\",\"position\":2,\"name\":\"Instrucciones de colocaci\u00f3n de pel\u00edculas IR\"}]},{\"@type\":\"WebSite\",\"@id\":\"https:\/\/www.politiv.co.il\/es\/#website\",\"url\":\"https:\/\/www.politiv.co.il\/es\/\",\"name\":\"Politiv\",\"description\":\"Polyethylene for agriculture industry\",\"publisher\":{\"@id\":\"https:\/\/www.politiv.co.il\/es\/#organization\"},\"potentialAction\":[{\"@type\":\"SearchAction\",\"target\":{\"@type\":\"EntryPoint\",\"urlTemplate\":\"https:\/\/www.politiv.co.il\/es\/?s={search_term_string}\"},\"query-input\":\"required name=search_term_string\"}],\"inLanguage\":\"es\"},{\"@type\":\"Organization\",\"@id\":\"https:\/\/www.politiv.co.il\/es\/#organization\",\"name\":\"\u05d0.\u05d0. \u05e4\u05d5\u05dc\u05d9\u05d8\u05d9\u05d1 (1999) \u05d1\u05e2\\\"\u05de\",\"url\":\"https:\/\/www.politiv.co.il\/es\/\",\"logo\":{\"@type\":\"ImageObject\",\"inLanguage\":\"es\",\"@id\":\"https:\/\/www.politiv.co.il\/es\/#\/schema\/logo\/image\/\",\"url\":\"https:\/\/www.politiv.co.il\/wp-content\/uploads\/2019\/01\/home-header-logo.jpg\",\"contentUrl\":\"https:\/\/www.politiv.co.il\/wp-content\/uploads\/2019\/01\/home-header-logo.jpg\",\"width\":1920,\"height\":877,\"caption\":\"\u05d0.\u05d0. \u05e4\u05d5\u05dc\u05d9\u05d8\u05d9\u05d1 (1999) \u05d1\u05e2\\\"\u05de\"},\"image\":{\"@id\":\"https:\/\/www.politiv.co.il\/es\/#\/schema\/logo\/image\/\"},\"sameAs\":[\"https:\/\/www.facebook.com\/a.a.politiv\/\",\"https:\/\/www.instagram.com\/a.a.politiv\/\",\"https:\/\/www.linkedin.com\/company\/a-a-politiv\/\",\"https:\/\/www.youtube.com\/channel\/UCL0R1Do5A4zd984p8-UlE4A?view_as=subscriber\"]}]}<\/script>\n<!-- \/ Yoast SEO plugin. -->","yoast_head_json":{"title":"Instrucciones de colocaci\u00f3n de pel\u00edculas IR - Politiv","robots":{"index":"index","follow":"follow","max-snippet":"max-snippet:-1","max-image-preview":"max-image-preview:large","max-video-preview":"max-video-preview:-1"},"canonical":"https:\/\/www.politiv.co.il\/es\/instrucciones-de-colocacion-de-peliculas-ir\/","og_locale":"es_ES","og_type":"article","og_title":"Instrucciones de colocaci\u00f3n de pel\u00edculas IR - Politiv","og_description":"Las pel\u00edculas IR contienen aditivos contra la niebla (aditivos que previenen el goteo) se producen en m\u00e1quinas de pel\u00edculas m\u00faltiples gracias a la composici\u00f3n \u00fanica de cada pel\u00edcula, donde cada una de ellas tiene una funci\u00f3n distinta. Algunos estudios muestras que cuando se instala correctamente una pel\u00edcula IR, acelera la tasa de crecimiento de los [&hellip;]","og_url":"https:\/\/www.politiv.co.il\/es\/instrucciones-de-colocacion-de-peliculas-ir\/","og_site_name":"Politiv","article_publisher":"https:\/\/www.facebook.com\/a.a.politiv\/","article_modified_time":"2021-08-22T09:52:35+00:00","twitter_card":"summary_large_image","twitter_misc":{"Tiempo de lectura":"1 minuto"},"schema":{"@context":"https:\/\/schema.org","@graph":[{"@type":"WebPage","@id":"https:\/\/www.politiv.co.il\/es\/instrucciones-de-colocacion-de-peliculas-ir\/","url":"https:\/\/www.politiv.co.il\/es\/instrucciones-de-colocacion-de-peliculas-ir\/","name":"Instrucciones de colocaci\u00f3n de pel\u00edculas IR - Politiv","isPartOf":{"@id":"https:\/\/www.politiv.co.il\/es\/#website"},"datePublished":"2018-11-28T06:44:10+00:00","dateModified":"2021-08-22T09:52:35+00:00","breadcrumb":{"@id":"https:\/\/www.politiv.co.il\/es\/instrucciones-de-colocacion-de-peliculas-ir\/#breadcrumb"},"inLanguage":"es","potentialAction":[{"@type":"ReadAction","target":["https:\/\/www.politiv.co.il\/es\/instrucciones-de-colocacion-de-peliculas-ir\/"]}]},{"@type":"BreadcrumbList","@id":"https:\/\/www.politiv.co.il\/es\/instrucciones-de-colocacion-de-peliculas-ir\/#breadcrumb","itemListElement":[{"@type":"ListItem","position":1,"name":"Home","item":"https:\/\/www.politiv.co.il\/es\/"},{"@type":"ListItem","position":2,"name":"Instrucciones de colocaci\u00f3n de pel\u00edculas IR"}]},{"@type":"WebSite","@id":"https:\/\/www.politiv.co.il\/es\/#website","url":"https:\/\/www.politiv.co.il\/es\/","name":"Politiv","description":"Polyethylene for agriculture industry","publisher":{"@id":"https:\/\/www.politiv.co.il\/es\/#organization"},"potentialAction":[{"@type":"SearchAction","target":{"@type":"EntryPoint","urlTemplate":"https:\/\/www.politiv.co.il\/es\/?s={search_term_string}"},"query-input":"required name=search_term_string"}],"inLanguage":"es"},{"@type":"Organization","@id":"https:\/\/www.politiv.co.il\/es\/#organization","name":"\u05d0.\u05d0. \u05e4\u05d5\u05dc\u05d9\u05d8\u05d9\u05d1 (1999) \u05d1\u05e2\"\u05de","url":"https:\/\/www.politiv.co.il\/es\/","logo":{"@type":"ImageObject","inLanguage":"es","@id":"https:\/\/www.politiv.co.il\/es\/#\/schema\/logo\/image\/","url":"https:\/\/www.politiv.co.il\/wp-content\/uploads\/2019\/01\/home-header-logo.jpg","contentUrl":"https:\/\/www.politiv.co.il\/wp-content\/uploads\/2019\/01\/home-header-logo.jpg","width":1920,"height":877,"caption":"\u05d0.\u05d0. \u05e4\u05d5\u05dc\u05d9\u05d8\u05d9\u05d1 (1999) \u05d1\u05e2\"\u05de"},"image":{"@id":"https:\/\/www.politiv.co.il\/es\/#\/schema\/logo\/image\/"},"sameAs":["https:\/\/www.facebook.com\/a.a.politiv\/","https:\/\/www.instagram.com\/a.a.politiv\/","https:\/\/www.linkedin.com\/company\/a-a-politiv\/","https:\/\/www.youtube.com\/channel\/UCL0R1Do5A4zd984p8-UlE4A?view_as=subscriber"]}]}},"_links":{"self":[{"href":"https:\/\/www.politiv.co.il\/es\/wp-json\/wp\/v2\/pages\/3440","targetHints":{"allow":["GET"]}}],"collection":[{"href":"https:\/\/www.politiv.co.il\/es\/wp-json\/wp\/v2\/pages"}],"about":[{"href":"https:\/\/www.politiv.co.il\/es\/wp-json\/wp\/v2\/types\/page"}],"author":[{"embeddable":true,"href":"https:\/\/www.politiv.co.il\/es\/wp-json\/wp\/v2\/users\/2"}],"replies":[{"embeddable":true,"href":"https:\/\/www.politiv.co.il\/es\/wp-json\/wp\/v2\/comments?post=3440"}],"version-history":[{"count":3,"href":"https:\/\/www.politiv.co.il\/es\/wp-json\/wp\/v2\/pages\/3440\/revisions"}],"predecessor-version":[{"id":4544,"href":"https:\/\/www.politiv.co.il\/es\/wp-json\/wp\/v2\/pages\/3440\/revisions\/4544"}],"wp:attachment":[{"href":"https:\/\/www.politiv.co.il\/es\/wp-json\/wp\/v2\/media?parent=3440"}],"curies":[{"name":"wp","href":"https:\/\/api.w.org\/{rel}","templated":true}]}}