{"id":4437,"date":"2018-11-19T16:14:09","date_gmt":"2018-11-19T14:14:09","guid":{"rendered":"https:\/\/www.politiv.co.il\/%d7%90%d7%95%d7%93%d7%95%d7%aa\/%d7%a4%d7%a8%d7%95%d7%a4%d7%99%d7%9c-%d7%97%d7%91%d7%a8%d7%94\/"},"modified":"2021-08-22T12:52:18","modified_gmt":"2021-08-22T09:52:18","slug":"perfil-de-la-empresa","status":"publish","type":"page","link":"https:\/\/www.politiv.co.il\/es\/perfil-de-la-compania\/perfil-de-la-empresa\/","title":{"rendered":"Perfil de la empresa"},"content":{"rendered":"\r\n<p class=\"has-text-align-left\"><strong>AA Politiv (1999) Ltd. se fund\u00f3 en 1985. La compa\u00f1\u00eda es privad.<br \/><\/strong> Desde su creaci\u00f3n, la compa\u00f1\u00eda se ha administrado con un alto grado de autoevaluaci\u00f3n<br \/>destinado a lograr los m\u00e1s altos niveles de profesionalismo sin dejar de hacer hincapi\u00e9 en la<br \/>calidad del producto, la innovaci\u00f3n y el progreso constante junto con la calidad del servicio<br \/>que le ofrece a sus clientes.<br \/>Con el paso de los a\u00f1os, la compa\u00f1\u00eda se ha convertido en el productor l\u00edder de pel\u00edculas para<br \/>uso agr\u00edcola de Israel. Es una de las compa\u00f1\u00edas l\u00edderes con m\u00e1s renombre de todo el mundo.<br \/>La f\u00e1brica de la compa\u00f1\u00eda se encuentra en una moderna construcci\u00f3n en Kibbutz Einat, donde<br \/>produce una extensa gama de pel\u00edculas inteligentes para uso agr\u00edcola e industrial y cuenta con<br \/>una gran y vers\u00e1til capacidad de manufactura.<br \/>Las l\u00edneas de producci\u00f3n de AA Politiv est\u00e1n adaptadas con precisi\u00f3n a las necesidades del<br \/>mercado en Israel y el resto del mundo. Se consideran l\u00edneas de producci\u00f3n m\u00faltiple de<br \/>pel\u00edculas de punta, con una precisi\u00f3n extremadamente alta, y cuentan con un piso de<br \/>producci\u00f3n con un sistema computarizado de control y comandos. La red de alimentaci\u00f3n de<br \/>materia prima a las l\u00edneas de producci\u00f3n est\u00e1 computarizada con control autom\u00e1tico para<br \/>prevenir errores y garantizar que la composici\u00f3n del material se mantenga id\u00e9ntica en<br \/>distintas series de producci\u00f3n.<br \/>Durante los a\u00f1os que la compa\u00f1\u00eda ha estado en operaci\u00f3n, Politiv siempre ha mantenido su<br \/>est\u00e1ndar de servicio confiable, dedicado y flexible cumpliendo con plazos de entrega cortos y<br \/>manteniendo los m\u00e1s altos niveles de calidad e idoneidad para funcionar de acuerdo con las<br \/>necesidades de cada uno de nuestros clientes. Todas las pel\u00edculas se prueban y portan el sello<br \/>est\u00e1ndar israel\u00ed. Cumplen con las normas internacionales (ASTM, ISO). Dichas pruebas se<br \/>realizan en un moderno laboratorio con un h\u00e1bil equipo de profesionistas. El laboratorio opera<br \/>d\u00eda y noche de manera paralela con la producci\u00f3n para garantizar la calidad de las pel\u00edculas.<br \/>La f\u00e1brica trabaja y produce bajo un sistema de control de calidad de conformidad con ISO-<br \/>9002 e ISO-14000.<br \/>Politiv desarrolla innovadoras pel\u00edculas inteligentes por medio de una colaboraci\u00f3n estrecha<br \/>con la comunidad agr\u00edcola, los asesores en agricultura y las instituciones de investigaci\u00f3n m\u00e1s<br \/>importantes de Israel y el mundo entero.<br \/>La compa\u00f1\u00eda opera en mercados internacionales y, como parte de su proceso de crecimiento,<br \/>identifica mercados futuros y toma pasos estrat\u00e9gicos, que incluyen la construcci\u00f3n o<br \/>adquisici\u00f3n de plantas manufactureras, la diversificaci\u00f3n de la l\u00ednea de productos y el<br \/>establecimiento de filiales comercializadoras en los principales pa\u00edses agr\u00edcolas.<\/p>\r\n\r\n\r\n\r\n<p class=\"has-text-align-left\">Esta estrategia permite a Politiv mantenerse cerca de sus clientes y ofrecerles soluciones m\u00e1s<br \/>eficaces. Como parte de esta estrategia,a finales del 2013 se compr\u00f3 una planta manufacturera<br \/>de pel\u00edculas de pl\u00e1stico en M\u00e9xico. A partir del 2014, la f\u00e1brica ha estado con producci\u00f3n<br \/>plena. La f\u00e1brica, ubicada en la Ciudad de M\u00e9xico, alberga l\u00edneas de producci\u00f3n de cinco<br \/>capas,consideradas como la tecnolog\u00eda m\u00e1s avanzada del mundo, con una capacidad de<br \/>producci\u00f3n anual de 17,000 toneladas. Politiv Mexico atiende a los clientes de M\u00e9xico y toda<br \/>Am\u00e9rica del Sur.<br \/>Adem\u00e1s de la adquisici\u00f3n de la f\u00e1brica de M\u00e9xico, la compa\u00f1\u00eda tambi\u00e9n adquiri\u00f3 Meteor a<br \/>finales del 2015: la compa\u00f1\u00eda manufacturera l\u00edder del mundo de redes de pantallas agr\u00edcolas<br \/>contra insectos. La compa\u00f1\u00eda se integr\u00f3 al Grupo Politiv. Desde dicha adquisici\u00f3n se ha<br \/>invertido una considerable cantidad de fondos y esfuerzo para que la f\u00e1brica aumente su<br \/>capacidad de manufactura para satisfacer la creciente demanda global de redes contra<br \/>insectos.<br \/>En los \u00faltimos a\u00f1os, se han comprado m\u00e1quinas modernas y equipo de punta en respuesta a la<br \/>gran demanda de los productos de la compa\u00f1\u00eda en Israel y el mundo entero.<br \/>Con esta compra, la capacidad de producci\u00f3n en el total de las f\u00e1bricas del grupo ha<br \/>alcanzado, aproximadamente, las 58,000 toneladas anuales.<br \/>Adem\u00e1s de comercializar los productos de la compa\u00f1\u00eda en Israel, el Grupo Politiv exporta a<br \/>m\u00e1s de 50 pa\u00edses en todos los continentes. Las ventas las realiza directamente la compa\u00f1\u00eda por<br \/>medio de filiales internacionales y diversos distribuidores. Los principales destinos de<br \/>comercializaci\u00f3n de la compa\u00f1\u00eda son: Estados Unidos, M\u00e9xico, Espa\u00f1a, Italia, Europa del<br \/>Norte, Europe del Este, \u00c1frica,\u00a0Australia, La India y muchos otros pa\u00edses. La compa\u00f1\u00eda<br \/>cuenta con compa\u00f1\u00edas comercializadora en Estados Unidos, M\u00e9xico, Sud\u00e1frica, Pa\u00edses Bajos,<br \/>Espa\u00f1a y La India.<\/p>\r\n","protected":false},"excerpt":{"rendered":"<p>AA Politiv (1999) Ltd. se fund\u00f3 en 1985. La compa\u00f1\u00eda es privad. Desde su creaci\u00f3n, la compa\u00f1\u00eda se ha administrado con un alto grado de autoevaluaci\u00f3ndestinado a lograr los m\u00e1s altos niveles de profesionalismo sin dejar de hacer hincapi\u00e9 en lacalidad del producto, la innovaci\u00f3n y el progreso constante junto con la calidad del servicioque [&hellip;]<\/p>\n","protected":false},"author":1,"featured_media":0,"parent":2735,"menu_order":102,"comment_status":"closed","ping_status":"closed","template":"","meta":{"footnotes":""},"class_list":["post-4437","page","type-page","status-publish","hentry"],"acf":[],"yoast_head":"<!-- This site is optimized with the Yoast SEO plugin v21.8 - https:\/\/yoast.com\/wordpress\/plugins\/seo\/ -->\n<title>Perfil de la empresa - Politiv<\/title>\n<meta name=\"robots\" content=\"index, follow, max-snippet:-1, max-image-preview:large, max-video-preview:-1\" \/>\n<link rel=\"canonical\" href=\"https:\/\/www.politiv.co.il\/es\/perfil-de-la-compania\/perfil-de-la-empresa\/\" \/>\n<meta property=\"og:locale\" content=\"es_ES\" \/>\n<meta property=\"og:type\" content=\"article\" \/>\n<meta property=\"og:title\" content=\"Perfil de la empresa - Politiv\" \/>\n<meta property=\"og:description\" content=\"AA Politiv (1999) Ltd. se fund\u00f3 en 1985. La compa\u00f1\u00eda es privad. Desde su creaci\u00f3n, la compa\u00f1\u00eda se ha administrado con un alto grado de autoevaluaci\u00f3ndestinado a lograr los m\u00e1s altos niveles de profesionalismo sin dejar de hacer hincapi\u00e9 en lacalidad del producto, la innovaci\u00f3n y el progreso constante junto con la calidad del servicioque [&hellip;]\" \/>\n<meta property=\"og:url\" content=\"https:\/\/www.politiv.co.il\/es\/perfil-de-la-compania\/perfil-de-la-empresa\/\" \/>\n<meta property=\"og:site_name\" content=\"Politiv\" \/>\n<meta property=\"article:publisher\" content=\"https:\/\/www.facebook.com\/a.a.politiv\/\" \/>\n<meta property=\"article:modified_time\" content=\"2021-08-22T09:52:18+00:00\" \/>\n<meta name=\"twitter:card\" content=\"summary_large_image\" \/>\n<meta name=\"twitter:label1\" content=\"Tiempo de lectura\" \/>\n\t<meta name=\"twitter:data1\" content=\"4 minutos\" \/>\n<script type=\"application\/ld+json\" class=\"yoast-schema-graph\">{\"@context\":\"https:\/\/schema.org\",\"@graph\":[{\"@type\":\"WebPage\",\"@id\":\"https:\/\/www.politiv.co.il\/es\/perfil-de-la-compania\/perfil-de-la-empresa\/\",\"url\":\"https:\/\/www.politiv.co.il\/es\/perfil-de-la-compania\/perfil-de-la-empresa\/\",\"name\":\"Perfil de la empresa - Politiv\",\"isPartOf\":{\"@id\":\"https:\/\/www.politiv.co.il\/es\/#website\"},\"datePublished\":\"2018-11-19T14:14:09+00:00\",\"dateModified\":\"2021-08-22T09:52:18+00:00\",\"breadcrumb\":{\"@id\":\"https:\/\/www.politiv.co.il\/es\/perfil-de-la-compania\/perfil-de-la-empresa\/#breadcrumb\"},\"inLanguage\":\"es\",\"potentialAction\":[{\"@type\":\"ReadAction\",\"target\":[\"https:\/\/www.politiv.co.il\/es\/perfil-de-la-compania\/perfil-de-la-empresa\/\"]}]},{\"@type\":\"BreadcrumbList\",\"@id\":\"https:\/\/www.politiv.co.il\/es\/perfil-de-la-compania\/perfil-de-la-empresa\/#breadcrumb\",\"itemListElement\":[{\"@type\":\"ListItem\",\"position\":1,\"name\":\"Home\",\"item\":\"https:\/\/www.politiv.co.il\/es\/\"},{\"@type\":\"ListItem\",\"position\":2,\"name\":\"Perfil de la compa\u00f1\u00eda\",\"item\":\"https:\/\/www.politiv.co.il\/es\/perfil-de-la-compania\/\"},{\"@type\":\"ListItem\",\"position\":3,\"name\":\"Perfil de la empresa\"}]},{\"@type\":\"WebSite\",\"@id\":\"https:\/\/www.politiv.co.il\/es\/#website\",\"url\":\"https:\/\/www.politiv.co.il\/es\/\",\"name\":\"Politiv\",\"description\":\"Polyethylene for agriculture industry\",\"publisher\":{\"@id\":\"https:\/\/www.politiv.co.il\/es\/#organization\"},\"potentialAction\":[{\"@type\":\"SearchAction\",\"target\":{\"@type\":\"EntryPoint\",\"urlTemplate\":\"https:\/\/www.politiv.co.il\/es\/?s={search_term_string}\"},\"query-input\":\"required name=search_term_string\"}],\"inLanguage\":\"es\"},{\"@type\":\"Organization\",\"@id\":\"https:\/\/www.politiv.co.il\/es\/#organization\",\"name\":\"\u05d0.\u05d0. \u05e4\u05d5\u05dc\u05d9\u05d8\u05d9\u05d1 (1999) \u05d1\u05e2\\\"\u05de\",\"url\":\"https:\/\/www.politiv.co.il\/es\/\",\"logo\":{\"@type\":\"ImageObject\",\"inLanguage\":\"es\",\"@id\":\"https:\/\/www.politiv.co.il\/es\/#\/schema\/logo\/image\/\",\"url\":\"https:\/\/www.politiv.co.il\/wp-content\/uploads\/2019\/01\/home-header-logo.jpg\",\"contentUrl\":\"https:\/\/www.politiv.co.il\/wp-content\/uploads\/2019\/01\/home-header-logo.jpg\",\"width\":1920,\"height\":877,\"caption\":\"\u05d0.\u05d0. \u05e4\u05d5\u05dc\u05d9\u05d8\u05d9\u05d1 (1999) \u05d1\u05e2\\\"\u05de\"},\"image\":{\"@id\":\"https:\/\/www.politiv.co.il\/es\/#\/schema\/logo\/image\/\"},\"sameAs\":[\"https:\/\/www.facebook.com\/a.a.politiv\/\",\"https:\/\/www.instagram.com\/a.a.politiv\/\",\"https:\/\/www.linkedin.com\/company\/a-a-politiv\/\",\"https:\/\/www.youtube.com\/channel\/UCL0R1Do5A4zd984p8-UlE4A?view_as=subscriber\"]}]}<\/script>\n<!-- \/ Yoast SEO plugin. -->","yoast_head_json":{"title":"Perfil de la empresa - Politiv","robots":{"index":"index","follow":"follow","max-snippet":"max-snippet:-1","max-image-preview":"max-image-preview:large","max-video-preview":"max-video-preview:-1"},"canonical":"https:\/\/www.politiv.co.il\/es\/perfil-de-la-compania\/perfil-de-la-empresa\/","og_locale":"es_ES","og_type":"article","og_title":"Perfil de la empresa - Politiv","og_description":"AA Politiv (1999) Ltd. se fund\u00f3 en 1985. La compa\u00f1\u00eda es privad. Desde su creaci\u00f3n, la compa\u00f1\u00eda se ha administrado con un alto grado de autoevaluaci\u00f3ndestinado a lograr los m\u00e1s altos niveles de profesionalismo sin dejar de hacer hincapi\u00e9 en lacalidad del producto, la innovaci\u00f3n y el progreso constante junto con la calidad del servicioque [&hellip;]","og_url":"https:\/\/www.politiv.co.il\/es\/perfil-de-la-compania\/perfil-de-la-empresa\/","og_site_name":"Politiv","article_publisher":"https:\/\/www.facebook.com\/a.a.politiv\/","article_modified_time":"2021-08-22T09:52:18+00:00","twitter_card":"summary_large_image","twitter_misc":{"Tiempo de lectura":"4 minutos"},"schema":{"@context":"https:\/\/schema.org","@graph":[{"@type":"WebPage","@id":"https:\/\/www.politiv.co.il\/es\/perfil-de-la-compania\/perfil-de-la-empresa\/","url":"https:\/\/www.politiv.co.il\/es\/perfil-de-la-compania\/perfil-de-la-empresa\/","name":"Perfil de la empresa - Politiv","isPartOf":{"@id":"https:\/\/www.politiv.co.il\/es\/#website"},"datePublished":"2018-11-19T14:14:09+00:00","dateModified":"2021-08-22T09:52:18+00:00","breadcrumb":{"@id":"https:\/\/www.politiv.co.il\/es\/perfil-de-la-compania\/perfil-de-la-empresa\/#breadcrumb"},"inLanguage":"es","potentialAction":[{"@type":"ReadAction","target":["https:\/\/www.politiv.co.il\/es\/perfil-de-la-compania\/perfil-de-la-empresa\/"]}]},{"@type":"BreadcrumbList","@id":"https:\/\/www.politiv.co.il\/es\/perfil-de-la-compania\/perfil-de-la-empresa\/#breadcrumb","itemListElement":[{"@type":"ListItem","position":1,"name":"Home","item":"https:\/\/www.politiv.co.il\/es\/"},{"@type":"ListItem","position":2,"name":"Perfil de la compa\u00f1\u00eda","item":"https:\/\/www.politiv.co.il\/es\/perfil-de-la-compania\/"},{"@type":"ListItem","position":3,"name":"Perfil de la empresa"}]},{"@type":"WebSite","@id":"https:\/\/www.politiv.co.il\/es\/#website","url":"https:\/\/www.politiv.co.il\/es\/","name":"Politiv","description":"Polyethylene for agriculture industry","publisher":{"@id":"https:\/\/www.politiv.co.il\/es\/#organization"},"potentialAction":[{"@type":"SearchAction","target":{"@type":"EntryPoint","urlTemplate":"https:\/\/www.politiv.co.il\/es\/?s={search_term_string}"},"query-input":"required name=search_term_string"}],"inLanguage":"es"},{"@type":"Organization","@id":"https:\/\/www.politiv.co.il\/es\/#organization","name":"\u05d0.\u05d0. \u05e4\u05d5\u05dc\u05d9\u05d8\u05d9\u05d1 (1999) \u05d1\u05e2\"\u05de","url":"https:\/\/www.politiv.co.il\/es\/","logo":{"@type":"ImageObject","inLanguage":"es","@id":"https:\/\/www.politiv.co.il\/es\/#\/schema\/logo\/image\/","url":"https:\/\/www.politiv.co.il\/wp-content\/uploads\/2019\/01\/home-header-logo.jpg","contentUrl":"https:\/\/www.politiv.co.il\/wp-content\/uploads\/2019\/01\/home-header-logo.jpg","width":1920,"height":877,"caption":"\u05d0.\u05d0. \u05e4\u05d5\u05dc\u05d9\u05d8\u05d9\u05d1 (1999) \u05d1\u05e2\"\u05de"},"image":{"@id":"https:\/\/www.politiv.co.il\/es\/#\/schema\/logo\/image\/"},"sameAs":["https:\/\/www.facebook.com\/a.a.politiv\/","https:\/\/www.instagram.com\/a.a.politiv\/","https:\/\/www.linkedin.com\/company\/a-a-politiv\/","https:\/\/www.youtube.com\/channel\/UCL0R1Do5A4zd984p8-UlE4A?view_as=subscriber"]}]}},"_links":{"self":[{"href":"https:\/\/www.politiv.co.il\/es\/wp-json\/wp\/v2\/pages\/4437","targetHints":{"allow":["GET"]}}],"collection":[{"href":"https:\/\/www.politiv.co.il\/es\/wp-json\/wp\/v2\/pages"}],"about":[{"href":"https:\/\/www.politiv.co.il\/es\/wp-json\/wp\/v2\/types\/page"}],"author":[{"embeddable":true,"href":"https:\/\/www.politiv.co.il\/es\/wp-json\/wp\/v2\/users\/1"}],"replies":[{"embeddable":true,"href":"https:\/\/www.politiv.co.il\/es\/wp-json\/wp\/v2\/comments?post=4437"}],"version-history":[{"count":7,"href":"https:\/\/www.politiv.co.il\/es\/wp-json\/wp\/v2\/pages\/4437\/revisions"}],"predecessor-version":[{"id":6348,"href":"https:\/\/www.politiv.co.il\/es\/wp-json\/wp\/v2\/pages\/4437\/revisions\/6348"}],"up":[{"embeddable":true,"href":"https:\/\/www.politiv.co.il\/es\/wp-json\/wp\/v2\/pages\/2735"}],"wp:attachment":[{"href":"https:\/\/www.politiv.co.il\/es\/wp-json\/wp\/v2\/media?parent=4437"}],"curies":[{"name":"wp","href":"https:\/\/api.w.org\/{rel}","templated":true}]}}