{"id":4535,"date":"2020-05-11T15:53:23","date_gmt":"2020-05-11T12:53:23","guid":{"rendered":"https:\/\/www.politiv.co.il\/?page_id=4535"},"modified":"2020-05-11T15:55:30","modified_gmt":"2020-05-11T12:55:30","slug":"fruit-logistica","status":"publish","type":"page","link":"https:\/\/www.politiv.co.il\/es\/fruit-logistica\/","title":{"rendered":"FRUIT LOGISTICA"},"content":{"rendered":"\t\t<div data-elementor-type=\"wp-post\" data-elementor-id=\"4535\" class=\"elementor elementor-4535 elementor-1958 elementor-bc-flex-widget\" data-elementor-post-type=\"page\">\n\t\t\t\t\t\t\t\t\t<section class=\"elementor-section elementor-top-section elementor-element elementor-element-106f3d5 elementor-reverse-mobile elementor-section-boxed elementor-section-height-default elementor-section-height-default\" data-id=\"106f3d5\" data-element_type=\"section\">\n\t\t\t\t\t\t<div class=\"elementor-container elementor-column-gap-no\">\n\t\t\t\t\t<div class=\"elementor-column elementor-col-66 elementor-top-column elementor-element elementor-element-b231f83\" data-id=\"b231f83\" data-element_type=\"column\">\n\t\t\t<div class=\"elementor-widget-wrap elementor-element-populated\">\n\t\t\t\t\t\t\t\t<div class=\"elementor-element elementor-element-d42ea98 elementor-widget elementor-widget-text-editor\" data-id=\"d42ea98\" data-element_type=\"widget\" data-widget_type=\"text-editor.default\">\n\t\t\t\t<div class=\"elementor-widget-container\">\n\t\t\t\t\t\t\t<p class=\"MsoNormal\" style=\"text-align: justify; direction: ltr; unicode-bidi: embed;\"><b><span lang=\"ES-MX\" style=\"font-family: 'Times New Roman',serif; mso-ascii-theme-font: major-bidi; mso-hansi-theme-font: major-bidi; mso-bidi-theme-font: major-bidi; mso-ansi-language: ES-MX; mso-bidi-language: ES-MX;\">La feria comercial FRUIT LOGISTICA en Berl\u00edn, Alemania<\/span><\/b><\/p>\t\t\t\t\t\t<\/div>\n\t\t\t\t<\/div>\n\t\t\t\t<div class=\"elementor-element elementor-element-2d50038 elementor-widget elementor-widget-text-editor\" data-id=\"2d50038\" data-element_type=\"widget\" data-widget_type=\"text-editor.default\">\n\t\t\t\t<div class=\"elementor-widget-container\">\n\t\t\t\t\t\t\t<p class=\"MsoNormal\" style=\"text-align: justify; direction: ltr; unicode-bidi: embed;\"><b><span lang=\"ES-MX\" style=\"font-family: 'Times New Roman',serif; mso-ascii-theme-font: major-bidi; mso-hansi-theme-font: major-bidi; mso-bidi-theme-font: major-bidi; mso-ansi-language: ES-MX; mso-bidi-language: ES-MX;\">La feria comercial FRUIT LOGISTICA en Berl\u00edn, Alemania<\/span><\/b><\/p>\n<p class=\"MsoNormal\" style=\"text-align: justify; direction: ltr; unicode-bidi: embed;\"><span lang=\"ES-MX\" style=\"font-family: 'Times New Roman',serif; mso-ascii-theme-font: major-bidi; mso-hansi-theme-font: major-bidi; mso-bidi-theme-font: major-bidi; mso-ansi-language: ES-MX; mso-bidi-language: ES-MX;\">Politiv y sus filiales internacionales expusieron en la feria comercial FRUIT LOGISTICA en Berl\u00edn, Alemania, del 6 al 8 de febrero de 2019. Es un evento anual donde m\u00e1s de 3,000 compa\u00f1\u00edas y distribuidores exponen: desde corporaciones multinacionales hasta peque\u00f1as y medianas compa\u00f1\u00edas y organizaciones de todo el mundo. <\/span><\/p>\n<p class=\"MsoNormal\" style=\"text-align: justify; direction: ltr; unicode-bidi: embed;\"><span lang=\"ES-MX\" style=\"font-family: 'Times New Roman',serif; mso-ascii-theme-font: major-bidi; mso-hansi-theme-font: major-bidi; mso-bidi-theme-font: major-bidi; mso-ansi-language: ES-MX; mso-bidi-language: ES-MX;\">La visitaron m\u00e1s de 100,000 personas, la mayor\u00eda de ellos clientes y distribuidores en busca de oportunidades comerciales y nuevos proveedores. Todas las innovaciones internacionales en las industrias de alimentos frescos y suministros se exhiben en el evento. La feria constituye una excelente oportunidad de hacer contacto con quienes toman las decisiones en cada uno de los sectores de la industria.<\/span><\/p>\n<p>\u00a0<\/p>\n<p class=\"MsoNormal\" style=\"text-align: justify; direction: ltr; unicode-bidi: embed;\"><span lang=\"ES-MX\" style=\"font-family: 'Times New Roman',serif; mso-ascii-theme-font: major-bidi; mso-hansi-theme-font: major-bidi; mso-bidi-theme-font: major-bidi; mso-ansi-language: ES-MX; mso-bidi-language: ES-MX;\">Los clientes de la compa\u00f1\u00eda de todo el mundo visitaron el stand de AA Politiv para conocer acerca de la expansi\u00f3n de la compa\u00f1\u00eda y para escuchar sobre las innovaciones y los desarrollos m\u00e1s recientes en el campo de las pel\u00edculas y las redes de protecci\u00f3n. Adem\u00e1s, el stand fue visitado por clientes potenciales de todo el planeta en busca de la innovaci\u00f3n que Politiv ofrece, y externaron su deseo de volverse parte de la cartera de clientes de una de las compa\u00f1\u00edas l\u00edderes de la industria de las pel\u00edculas y las redes de protecci\u00f3n.<\/span><\/p>\t\t\t\t\t\t<\/div>\n\t\t\t\t<\/div>\n\t\t\t\t\t<\/div>\n\t\t<\/div>\n\t\t\t\t<div class=\"elementor-column elementor-col-33 elementor-top-column elementor-element elementor-element-2d859a1\" data-id=\"2d859a1\" data-element_type=\"column\">\n\t\t\t<div class=\"elementor-widget-wrap elementor-element-populated\">\n\t\t\t\t\t\t\t\t<div class=\"elementor-element elementor-element-5bd2454 elementor-widget elementor-widget-image\" data-id=\"5bd2454\" data-element_type=\"widget\" data-widget_type=\"image.default\">\n\t\t\t\t<div class=\"elementor-widget-container\">\n\t\t\t\t\t\t\t\t\t\t\t\t\t\t\t<img fetchpriority=\"high\" decoding=\"async\" width=\"800\" height=\"308\" src=\"https:\/\/www.politiv.co.il\/wp-content\/uploads\/2019\/02\/20150222-Poly-Hort-BV-logo-JPG-1024x394.jpg\" class=\"attachment-large size-large wp-image-3002\" alt=\"\" srcset=\"https:\/\/www.politiv.co.il\/wp-content\/uploads\/2019\/02\/20150222-Poly-Hort-BV-logo-JPG-1024x394.jpg 1024w, https:\/\/www.politiv.co.il\/wp-content\/uploads\/2019\/02\/20150222-Poly-Hort-BV-logo-JPG-300x115.jpg 300w, https:\/\/www.politiv.co.il\/wp-content\/uploads\/2019\/02\/20150222-Poly-Hort-BV-logo-JPG-768x295.jpg 768w\" sizes=\"(max-width: 800px) 100vw, 800px\" \/>\t\t\t\t\t\t\t\t\t\t\t\t\t\t\t<\/div>\n\t\t\t\t<\/div>\n\t\t\t\t\t<\/div>\n\t\t<\/div>\n\t\t\t\t\t\t\t<\/div>\n\t\t<\/section>\n\t\t\t\t\t\t\t<\/div>\n\t\t","protected":false},"excerpt":{"rendered":"<p>La feria comercial FRUIT LOGISTICA en Berl\u00edn, Alemania La feria comercial FRUIT LOGISTICA en Berl\u00edn, Alemania Politiv y sus filiales internacionales expusieron en la feria comercial FRUIT LOGISTICA en Berl\u00edn, Alemania, del 6 al 8 de febrero de 2019. Es un evento anual donde m\u00e1s de 3,000 compa\u00f1\u00edas y distribuidores exponen: desde corporaciones multinacionales hasta [&hellip;]<\/p>\n","protected":false},"author":1,"featured_media":0,"parent":0,"menu_order":44,"comment_status":"closed","ping_status":"closed","template":"","meta":{"footnotes":""},"class_list":["post-4535","page","type-page","status-publish","hentry"],"acf":[],"yoast_head":"<!-- This site is optimized with the Yoast SEO plugin v21.8 - https:\/\/yoast.com\/wordpress\/plugins\/seo\/ -->\n<title>FRUIT LOGISTICA - Politiv<\/title>\n<meta name=\"robots\" content=\"index, follow, max-snippet:-1, max-image-preview:large, max-video-preview:-1\" \/>\n<link rel=\"canonical\" href=\"https:\/\/www.politiv.co.il\/es\/fruit-logistica\/\" \/>\n<meta property=\"og:locale\" content=\"es_ES\" \/>\n<meta property=\"og:type\" content=\"article\" \/>\n<meta property=\"og:title\" content=\"FRUIT LOGISTICA - Politiv\" \/>\n<meta property=\"og:description\" content=\"La feria comercial FRUIT LOGISTICA en Berl\u00edn, Alemania La feria comercial FRUIT LOGISTICA en Berl\u00edn, Alemania Politiv y sus filiales internacionales expusieron en la feria comercial FRUIT LOGISTICA en Berl\u00edn, Alemania, del 6 al 8 de febrero de 2019. Es un evento anual donde m\u00e1s de 3,000 compa\u00f1\u00edas y distribuidores exponen: desde corporaciones multinacionales hasta [&hellip;]\" \/>\n<meta property=\"og:url\" content=\"https:\/\/www.politiv.co.il\/es\/fruit-logistica\/\" \/>\n<meta property=\"og:site_name\" content=\"Politiv\" \/>\n<meta property=\"article:publisher\" content=\"https:\/\/www.facebook.com\/a.a.politiv\/\" \/>\n<meta property=\"article:modified_time\" content=\"2020-05-11T12:55:30+00:00\" \/>\n<meta property=\"og:image\" content=\"https:\/\/www.politiv.co.il\/wp-content\/uploads\/2019\/02\/20150222-Poly-Hort-BV-logo-JPG-1024x394.jpg\" \/>\n<meta name=\"twitter:card\" content=\"summary_large_image\" \/>\n<meta name=\"twitter:label1\" content=\"Tiempo de lectura\" \/>\n\t<meta name=\"twitter:data1\" content=\"1 minuto\" \/>\n<script type=\"application\/ld+json\" class=\"yoast-schema-graph\">{\"@context\":\"https:\/\/schema.org\",\"@graph\":[{\"@type\":\"WebPage\",\"@id\":\"https:\/\/www.politiv.co.il\/es\/fruit-logistica\/\",\"url\":\"https:\/\/www.politiv.co.il\/es\/fruit-logistica\/\",\"name\":\"FRUIT LOGISTICA - Politiv\",\"isPartOf\":{\"@id\":\"https:\/\/www.politiv.co.il\/es\/#website\"},\"datePublished\":\"2020-05-11T12:53:23+00:00\",\"dateModified\":\"2020-05-11T12:55:30+00:00\",\"breadcrumb\":{\"@id\":\"https:\/\/www.politiv.co.il\/es\/fruit-logistica\/#breadcrumb\"},\"inLanguage\":\"es\",\"potentialAction\":[{\"@type\":\"ReadAction\",\"target\":[\"https:\/\/www.politiv.co.il\/es\/fruit-logistica\/\"]}]},{\"@type\":\"BreadcrumbList\",\"@id\":\"https:\/\/www.politiv.co.il\/es\/fruit-logistica\/#breadcrumb\",\"itemListElement\":[{\"@type\":\"ListItem\",\"position\":1,\"name\":\"Home\",\"item\":\"https:\/\/www.politiv.co.il\/es\/\"},{\"@type\":\"ListItem\",\"position\":2,\"name\":\"FRUIT LOGISTICA\"}]},{\"@type\":\"WebSite\",\"@id\":\"https:\/\/www.politiv.co.il\/es\/#website\",\"url\":\"https:\/\/www.politiv.co.il\/es\/\",\"name\":\"Politiv\",\"description\":\"Polyethylene for agriculture industry\",\"publisher\":{\"@id\":\"https:\/\/www.politiv.co.il\/es\/#organization\"},\"potentialAction\":[{\"@type\":\"SearchAction\",\"target\":{\"@type\":\"EntryPoint\",\"urlTemplate\":\"https:\/\/www.politiv.co.il\/es\/?s={search_term_string}\"},\"query-input\":\"required name=search_term_string\"}],\"inLanguage\":\"es\"},{\"@type\":\"Organization\",\"@id\":\"https:\/\/www.politiv.co.il\/es\/#organization\",\"name\":\"\u05d0.\u05d0. \u05e4\u05d5\u05dc\u05d9\u05d8\u05d9\u05d1 (1999) \u05d1\u05e2\\\"\u05de\",\"url\":\"https:\/\/www.politiv.co.il\/es\/\",\"logo\":{\"@type\":\"ImageObject\",\"inLanguage\":\"es\",\"@id\":\"https:\/\/www.politiv.co.il\/es\/#\/schema\/logo\/image\/\",\"url\":\"https:\/\/www.politiv.co.il\/wp-content\/uploads\/2019\/01\/home-header-logo.jpg\",\"contentUrl\":\"https:\/\/www.politiv.co.il\/wp-content\/uploads\/2019\/01\/home-header-logo.jpg\",\"width\":1920,\"height\":877,\"caption\":\"\u05d0.\u05d0. \u05e4\u05d5\u05dc\u05d9\u05d8\u05d9\u05d1 (1999) \u05d1\u05e2\\\"\u05de\"},\"image\":{\"@id\":\"https:\/\/www.politiv.co.il\/es\/#\/schema\/logo\/image\/\"},\"sameAs\":[\"https:\/\/www.facebook.com\/a.a.politiv\/\",\"https:\/\/www.instagram.com\/a.a.politiv\/\",\"https:\/\/www.linkedin.com\/company\/a-a-politiv\/\",\"https:\/\/www.youtube.com\/channel\/UCL0R1Do5A4zd984p8-UlE4A?view_as=subscriber\"]}]}<\/script>\n<!-- \/ Yoast SEO plugin. -->","yoast_head_json":{"title":"FRUIT LOGISTICA - Politiv","robots":{"index":"index","follow":"follow","max-snippet":"max-snippet:-1","max-image-preview":"max-image-preview:large","max-video-preview":"max-video-preview:-1"},"canonical":"https:\/\/www.politiv.co.il\/es\/fruit-logistica\/","og_locale":"es_ES","og_type":"article","og_title":"FRUIT LOGISTICA - Politiv","og_description":"La feria comercial FRUIT LOGISTICA en Berl\u00edn, Alemania La feria comercial FRUIT LOGISTICA en Berl\u00edn, Alemania Politiv y sus filiales internacionales expusieron en la feria comercial FRUIT LOGISTICA en Berl\u00edn, Alemania, del 6 al 8 de febrero de 2019. Es un evento anual donde m\u00e1s de 3,000 compa\u00f1\u00edas y distribuidores exponen: desde corporaciones multinacionales hasta [&hellip;]","og_url":"https:\/\/www.politiv.co.il\/es\/fruit-logistica\/","og_site_name":"Politiv","article_publisher":"https:\/\/www.facebook.com\/a.a.politiv\/","article_modified_time":"2020-05-11T12:55:30+00:00","og_image":[{"url":"https:\/\/www.politiv.co.il\/wp-content\/uploads\/2019\/02\/20150222-Poly-Hort-BV-logo-JPG-1024x394.jpg"}],"twitter_card":"summary_large_image","twitter_misc":{"Tiempo de lectura":"1 minuto"},"schema":{"@context":"https:\/\/schema.org","@graph":[{"@type":"WebPage","@id":"https:\/\/www.politiv.co.il\/es\/fruit-logistica\/","url":"https:\/\/www.politiv.co.il\/es\/fruit-logistica\/","name":"FRUIT LOGISTICA - Politiv","isPartOf":{"@id":"https:\/\/www.politiv.co.il\/es\/#website"},"datePublished":"2020-05-11T12:53:23+00:00","dateModified":"2020-05-11T12:55:30+00:00","breadcrumb":{"@id":"https:\/\/www.politiv.co.il\/es\/fruit-logistica\/#breadcrumb"},"inLanguage":"es","potentialAction":[{"@type":"ReadAction","target":["https:\/\/www.politiv.co.il\/es\/fruit-logistica\/"]}]},{"@type":"BreadcrumbList","@id":"https:\/\/www.politiv.co.il\/es\/fruit-logistica\/#breadcrumb","itemListElement":[{"@type":"ListItem","position":1,"name":"Home","item":"https:\/\/www.politiv.co.il\/es\/"},{"@type":"ListItem","position":2,"name":"FRUIT LOGISTICA"}]},{"@type":"WebSite","@id":"https:\/\/www.politiv.co.il\/es\/#website","url":"https:\/\/www.politiv.co.il\/es\/","name":"Politiv","description":"Polyethylene for agriculture industry","publisher":{"@id":"https:\/\/www.politiv.co.il\/es\/#organization"},"potentialAction":[{"@type":"SearchAction","target":{"@type":"EntryPoint","urlTemplate":"https:\/\/www.politiv.co.il\/es\/?s={search_term_string}"},"query-input":"required name=search_term_string"}],"inLanguage":"es"},{"@type":"Organization","@id":"https:\/\/www.politiv.co.il\/es\/#organization","name":"\u05d0.\u05d0. \u05e4\u05d5\u05dc\u05d9\u05d8\u05d9\u05d1 (1999) \u05d1\u05e2\"\u05de","url":"https:\/\/www.politiv.co.il\/es\/","logo":{"@type":"ImageObject","inLanguage":"es","@id":"https:\/\/www.politiv.co.il\/es\/#\/schema\/logo\/image\/","url":"https:\/\/www.politiv.co.il\/wp-content\/uploads\/2019\/01\/home-header-logo.jpg","contentUrl":"https:\/\/www.politiv.co.il\/wp-content\/uploads\/2019\/01\/home-header-logo.jpg","width":1920,"height":877,"caption":"\u05d0.\u05d0. \u05e4\u05d5\u05dc\u05d9\u05d8\u05d9\u05d1 (1999) \u05d1\u05e2\"\u05de"},"image":{"@id":"https:\/\/www.politiv.co.il\/es\/#\/schema\/logo\/image\/"},"sameAs":["https:\/\/www.facebook.com\/a.a.politiv\/","https:\/\/www.instagram.com\/a.a.politiv\/","https:\/\/www.linkedin.com\/company\/a-a-politiv\/","https:\/\/www.youtube.com\/channel\/UCL0R1Do5A4zd984p8-UlE4A?view_as=subscriber"]}]}},"_links":{"self":[{"href":"https:\/\/www.politiv.co.il\/es\/wp-json\/wp\/v2\/pages\/4535","targetHints":{"allow":["GET"]}}],"collection":[{"href":"https:\/\/www.politiv.co.il\/es\/wp-json\/wp\/v2\/pages"}],"about":[{"href":"https:\/\/www.politiv.co.il\/es\/wp-json\/wp\/v2\/types\/page"}],"author":[{"embeddable":true,"href":"https:\/\/www.politiv.co.il\/es\/wp-json\/wp\/v2\/users\/1"}],"replies":[{"embeddable":true,"href":"https:\/\/www.politiv.co.il\/es\/wp-json\/wp\/v2\/comments?post=4535"}],"version-history":[{"count":2,"href":"https:\/\/www.politiv.co.il\/es\/wp-json\/wp\/v2\/pages\/4535\/revisions"}],"predecessor-version":[{"id":4539,"href":"https:\/\/www.politiv.co.il\/es\/wp-json\/wp\/v2\/pages\/4535\/revisions\/4539"}],"wp:attachment":[{"href":"https:\/\/www.politiv.co.il\/es\/wp-json\/wp\/v2\/media?parent=4535"}],"curies":[{"name":"wp","href":"https:\/\/api.w.org\/{rel}","templated":true}]}}