{"id":4540,"date":"2020-05-11T15:58:17","date_gmt":"2020-05-11T12:58:17","guid":{"rendered":"https:\/\/www.politiv.co.il\/?page_id=4540"},"modified":"2020-05-11T15:59:20","modified_gmt":"2020-05-11T12:59:20","slug":"conferencia-para-clientes-en-almeria-espana","status":"publish","type":"page","link":"https:\/\/www.politiv.co.il\/es\/conferencia-para-clientes-en-almeria-espana\/","title":{"rendered":"Conferencia para clientes en Almer\u00eda, Espa\u00f1a"},"content":{"rendered":"\n<p class=\"has-text-align-left\"><strong>Conferencia para\nclientes en Almer\u00eda, Espa\u00f1a<\/strong><strong><\/strong><\/p>\n\n\n\n<p class=\"has-text-align-left\">El 18 de diciembre de 2018,\nhubo un seminario para el personal de ventas de Politiv Europa y para los\ndistribuidores senior de la regi\u00f3n de Almer\u00eda, en Espa\u00f1a. La primera parte del\nseminario fue una conferencia de un invitado especialista en marketing. La\nsegunda parte estuvo dedicada a una pl\u00e1tica de Ahed Wattad, el tecn\u00f3logo de la\ncompa\u00f1\u00eda, titulada \u201cNuevos desarrollos en pel\u00edculas para uso agr\u00edcola\u201d.<\/p>\n\n\n\n<p><\/p>\n","protected":false},"excerpt":{"rendered":"<p>Conferencia para clientes en Almer\u00eda, Espa\u00f1a El 18 de diciembre de 2018, hubo un seminario para el personal de ventas de Politiv Europa y para los distribuidores senior de la regi\u00f3n de Almer\u00eda, en Espa\u00f1a. La primera parte del seminario fue una conferencia de un invitado especialista en marketing. La segunda parte estuvo dedicada a [&hellip;]<\/p>\n","protected":false},"author":1,"featured_media":0,"parent":0,"menu_order":4,"comment_status":"closed","ping_status":"closed","template":"","meta":{"footnotes":""},"class_list":["post-4540","page","type-page","status-publish","hentry"],"acf":[],"yoast_head":"<!-- This site is optimized with the Yoast SEO plugin v21.8 - https:\/\/yoast.com\/wordpress\/plugins\/seo\/ -->\n<title>Conferencia para clientes en Almer\u00eda, Espa\u00f1a - Politiv<\/title>\n<meta name=\"robots\" content=\"index, follow, max-snippet:-1, max-image-preview:large, max-video-preview:-1\" \/>\n<link rel=\"canonical\" href=\"https:\/\/www.politiv.co.il\/es\/conferencia-para-clientes-en-almeria-espana\/\" \/>\n<meta property=\"og:locale\" content=\"es_ES\" \/>\n<meta property=\"og:type\" content=\"article\" \/>\n<meta property=\"og:title\" content=\"Conferencia para clientes en Almer\u00eda, Espa\u00f1a - Politiv\" \/>\n<meta property=\"og:description\" content=\"Conferencia para clientes en Almer\u00eda, Espa\u00f1a El 18 de diciembre de 2018, hubo un seminario para el personal de ventas de Politiv Europa y para los distribuidores senior de la regi\u00f3n de Almer\u00eda, en Espa\u00f1a. La primera parte del seminario fue una conferencia de un invitado especialista en marketing. La segunda parte estuvo dedicada a [&hellip;]\" \/>\n<meta property=\"og:url\" content=\"https:\/\/www.politiv.co.il\/es\/conferencia-para-clientes-en-almeria-espana\/\" \/>\n<meta property=\"og:site_name\" content=\"Politiv\" \/>\n<meta property=\"article:publisher\" content=\"https:\/\/www.facebook.com\/a.a.politiv\/\" \/>\n<meta property=\"article:modified_time\" content=\"2020-05-11T12:59:20+00:00\" \/>\n<meta name=\"twitter:card\" content=\"summary_large_image\" \/>\n<script type=\"application\/ld+json\" class=\"yoast-schema-graph\">{\"@context\":\"https:\/\/schema.org\",\"@graph\":[{\"@type\":\"WebPage\",\"@id\":\"https:\/\/www.politiv.co.il\/es\/conferencia-para-clientes-en-almeria-espana\/\",\"url\":\"https:\/\/www.politiv.co.il\/es\/conferencia-para-clientes-en-almeria-espana\/\",\"name\":\"Conferencia para clientes en Almer\u00eda, Espa\u00f1a - Politiv\",\"isPartOf\":{\"@id\":\"https:\/\/www.politiv.co.il\/es\/#website\"},\"datePublished\":\"2020-05-11T12:58:17+00:00\",\"dateModified\":\"2020-05-11T12:59:20+00:00\",\"breadcrumb\":{\"@id\":\"https:\/\/www.politiv.co.il\/es\/conferencia-para-clientes-en-almeria-espana\/#breadcrumb\"},\"inLanguage\":\"es\",\"potentialAction\":[{\"@type\":\"ReadAction\",\"target\":[\"https:\/\/www.politiv.co.il\/es\/conferencia-para-clientes-en-almeria-espana\/\"]}]},{\"@type\":\"BreadcrumbList\",\"@id\":\"https:\/\/www.politiv.co.il\/es\/conferencia-para-clientes-en-almeria-espana\/#breadcrumb\",\"itemListElement\":[{\"@type\":\"ListItem\",\"position\":1,\"name\":\"Home\",\"item\":\"https:\/\/www.politiv.co.il\/es\/\"},{\"@type\":\"ListItem\",\"position\":2,\"name\":\"Conferencia para clientes en Almer\u00eda, Espa\u00f1a\"}]},{\"@type\":\"WebSite\",\"@id\":\"https:\/\/www.politiv.co.il\/es\/#website\",\"url\":\"https:\/\/www.politiv.co.il\/es\/\",\"name\":\"Politiv\",\"description\":\"Polyethylene for agriculture industry\",\"publisher\":{\"@id\":\"https:\/\/www.politiv.co.il\/es\/#organization\"},\"potentialAction\":[{\"@type\":\"SearchAction\",\"target\":{\"@type\":\"EntryPoint\",\"urlTemplate\":\"https:\/\/www.politiv.co.il\/es\/?s={search_term_string}\"},\"query-input\":\"required name=search_term_string\"}],\"inLanguage\":\"es\"},{\"@type\":\"Organization\",\"@id\":\"https:\/\/www.politiv.co.il\/es\/#organization\",\"name\":\"\u05d0.\u05d0. \u05e4\u05d5\u05dc\u05d9\u05d8\u05d9\u05d1 (1999) \u05d1\u05e2\\\"\u05de\",\"url\":\"https:\/\/www.politiv.co.il\/es\/\",\"logo\":{\"@type\":\"ImageObject\",\"inLanguage\":\"es\",\"@id\":\"https:\/\/www.politiv.co.il\/es\/#\/schema\/logo\/image\/\",\"url\":\"https:\/\/www.politiv.co.il\/wp-content\/uploads\/2019\/01\/home-header-logo.jpg\",\"contentUrl\":\"https:\/\/www.politiv.co.il\/wp-content\/uploads\/2019\/01\/home-header-logo.jpg\",\"width\":1920,\"height\":877,\"caption\":\"\u05d0.\u05d0. \u05e4\u05d5\u05dc\u05d9\u05d8\u05d9\u05d1 (1999) \u05d1\u05e2\\\"\u05de\"},\"image\":{\"@id\":\"https:\/\/www.politiv.co.il\/es\/#\/schema\/logo\/image\/\"},\"sameAs\":[\"https:\/\/www.facebook.com\/a.a.politiv\/\",\"https:\/\/www.instagram.com\/a.a.politiv\/\",\"https:\/\/www.linkedin.com\/company\/a-a-politiv\/\",\"https:\/\/www.youtube.com\/channel\/UCL0R1Do5A4zd984p8-UlE4A?view_as=subscriber\"]}]}<\/script>\n<!-- \/ Yoast SEO plugin. -->","yoast_head_json":{"title":"Conferencia para clientes en Almer\u00eda, Espa\u00f1a - Politiv","robots":{"index":"index","follow":"follow","max-snippet":"max-snippet:-1","max-image-preview":"max-image-preview:large","max-video-preview":"max-video-preview:-1"},"canonical":"https:\/\/www.politiv.co.il\/es\/conferencia-para-clientes-en-almeria-espana\/","og_locale":"es_ES","og_type":"article","og_title":"Conferencia para clientes en Almer\u00eda, Espa\u00f1a - Politiv","og_description":"Conferencia para clientes en Almer\u00eda, Espa\u00f1a El 18 de diciembre de 2018, hubo un seminario para el personal de ventas de Politiv Europa y para los distribuidores senior de la regi\u00f3n de Almer\u00eda, en Espa\u00f1a. La primera parte del seminario fue una conferencia de un invitado especialista en marketing. La segunda parte estuvo dedicada a [&hellip;]","og_url":"https:\/\/www.politiv.co.il\/es\/conferencia-para-clientes-en-almeria-espana\/","og_site_name":"Politiv","article_publisher":"https:\/\/www.facebook.com\/a.a.politiv\/","article_modified_time":"2020-05-11T12:59:20+00:00","twitter_card":"summary_large_image","schema":{"@context":"https:\/\/schema.org","@graph":[{"@type":"WebPage","@id":"https:\/\/www.politiv.co.il\/es\/conferencia-para-clientes-en-almeria-espana\/","url":"https:\/\/www.politiv.co.il\/es\/conferencia-para-clientes-en-almeria-espana\/","name":"Conferencia para clientes en Almer\u00eda, Espa\u00f1a - Politiv","isPartOf":{"@id":"https:\/\/www.politiv.co.il\/es\/#website"},"datePublished":"2020-05-11T12:58:17+00:00","dateModified":"2020-05-11T12:59:20+00:00","breadcrumb":{"@id":"https:\/\/www.politiv.co.il\/es\/conferencia-para-clientes-en-almeria-espana\/#breadcrumb"},"inLanguage":"es","potentialAction":[{"@type":"ReadAction","target":["https:\/\/www.politiv.co.il\/es\/conferencia-para-clientes-en-almeria-espana\/"]}]},{"@type":"BreadcrumbList","@id":"https:\/\/www.politiv.co.il\/es\/conferencia-para-clientes-en-almeria-espana\/#breadcrumb","itemListElement":[{"@type":"ListItem","position":1,"name":"Home","item":"https:\/\/www.politiv.co.il\/es\/"},{"@type":"ListItem","position":2,"name":"Conferencia para clientes en Almer\u00eda, Espa\u00f1a"}]},{"@type":"WebSite","@id":"https:\/\/www.politiv.co.il\/es\/#website","url":"https:\/\/www.politiv.co.il\/es\/","name":"Politiv","description":"Polyethylene for agriculture industry","publisher":{"@id":"https:\/\/www.politiv.co.il\/es\/#organization"},"potentialAction":[{"@type":"SearchAction","target":{"@type":"EntryPoint","urlTemplate":"https:\/\/www.politiv.co.il\/es\/?s={search_term_string}"},"query-input":"required name=search_term_string"}],"inLanguage":"es"},{"@type":"Organization","@id":"https:\/\/www.politiv.co.il\/es\/#organization","name":"\u05d0.\u05d0. \u05e4\u05d5\u05dc\u05d9\u05d8\u05d9\u05d1 (1999) \u05d1\u05e2\"\u05de","url":"https:\/\/www.politiv.co.il\/es\/","logo":{"@type":"ImageObject","inLanguage":"es","@id":"https:\/\/www.politiv.co.il\/es\/#\/schema\/logo\/image\/","url":"https:\/\/www.politiv.co.il\/wp-content\/uploads\/2019\/01\/home-header-logo.jpg","contentUrl":"https:\/\/www.politiv.co.il\/wp-content\/uploads\/2019\/01\/home-header-logo.jpg","width":1920,"height":877,"caption":"\u05d0.\u05d0. \u05e4\u05d5\u05dc\u05d9\u05d8\u05d9\u05d1 (1999) \u05d1\u05e2\"\u05de"},"image":{"@id":"https:\/\/www.politiv.co.il\/es\/#\/schema\/logo\/image\/"},"sameAs":["https:\/\/www.facebook.com\/a.a.politiv\/","https:\/\/www.instagram.com\/a.a.politiv\/","https:\/\/www.linkedin.com\/company\/a-a-politiv\/","https:\/\/www.youtube.com\/channel\/UCL0R1Do5A4zd984p8-UlE4A?view_as=subscriber"]}]}},"_links":{"self":[{"href":"https:\/\/www.politiv.co.il\/es\/wp-json\/wp\/v2\/pages\/4540","targetHints":{"allow":["GET"]}}],"collection":[{"href":"https:\/\/www.politiv.co.il\/es\/wp-json\/wp\/v2\/pages"}],"about":[{"href":"https:\/\/www.politiv.co.il\/es\/wp-json\/wp\/v2\/types\/page"}],"author":[{"embeddable":true,"href":"https:\/\/www.politiv.co.il\/es\/wp-json\/wp\/v2\/users\/1"}],"replies":[{"embeddable":true,"href":"https:\/\/www.politiv.co.il\/es\/wp-json\/wp\/v2\/comments?post=4540"}],"version-history":[{"count":3,"href":"https:\/\/www.politiv.co.il\/es\/wp-json\/wp\/v2\/pages\/4540\/revisions"}],"predecessor-version":[{"id":4543,"href":"https:\/\/www.politiv.co.il\/es\/wp-json\/wp\/v2\/pages\/4540\/revisions\/4543"}],"wp:attachment":[{"href":"https:\/\/www.politiv.co.il\/es\/wp-json\/wp\/v2\/media?parent=4540"}],"curies":[{"name":"wp","href":"https:\/\/api.w.org\/{rel}","templated":true}]}}